{"id":1237,"date":"2016-04-15T09:38:27","date_gmt":"2013-01-04T11:59:51","guid":{"rendered":"http:\/\/vpm.pt\/web\/?page_id=1237"},"modified":"2013-02-04T16:23:25","modified_gmt":"2013-02-04T16:23:25","slug":"home","status":"publish","type":"page","link":"https:\/\/vpm.pt\/web\/en\/home\/","title":{"rendered":"Home"},"content":{"rendered":"<div class=\"one-third\">\n<h4>Real Estate Consulting<\/h4>\n<p>VPM offers its customers an integrated service, coupled with the overall management of the real estate process, with the financial and operational analysis of the solution that best fits the clients needs and desires.<\/p>\n<p><a title=\"Evaluation\" href=\"http:\/\/vpm.pt\/web\/en\/evaluation\/\">Know more<\/a><\/p>\n<\/div>\n<div class=\"one-third\">\n<h4>Real Estate Appraisal<\/h4>\n<p>In the process of valuing real property, VPM offers a service in a vast number of distinct areas and purposes, conducted by real estate experts registered on CMVM.<\/p>\n<p><a title=\"Engineering &amp; Architecture\" href=\"http:\/\/vpm.pt\/web\/en\/engineering-architecture\/\">Know more<\/a><\/p>\n<\/div>\n<div class=\"one-third omega\">\n<h4>Engeneering &amp; Arquitecture<\/h4>\n<p>Within the field of engineering, VPM, acts in various aspects in order to better satisfy the clients&#8217; needs, using, in specific situations, partnerships with other certified entities.<\/p>\n<p><a title=\"Real Estate Consulting\" href=\"http:\/\/vpm.pt\/web\/en\/real-estate-consulting\/\">Know more<\/a><\/p>\n<\/div>\n<div class=\"clear\"><\/div>\n","protected":false},"excerpt":{"rendered":"","protected":false},"author":1,"featured_media":0,"parent":0,"menu_order":0,"comment_status":"closed","ping_status":"closed","template":"","meta":[],"yoast_head":"<!-- This site is optimized with the Yoast SEO plugin v19.0 - https:\/\/yoast.com\/wordpress\/plugins\/seo\/ -->\n<title>Home - VPM<\/title>\n<meta name=\"robots\" content=\"index, follow, max-snippet:-1, max-image-preview:large, max-video-preview:-1\" \/>\n<link rel=\"canonical\" href=\"https:\/\/vpm.pt\/web\/en\/home\/\" \/>\n<meta property=\"og:locale\" content=\"pt_PT\" \/>\n<meta property=\"og:type\" content=\"article\" \/>\n<meta property=\"og:title\" content=\"Home - VPM\" \/>\n<meta property=\"og:url\" content=\"https:\/\/vpm.pt\/web\/en\/home\/\" \/>\n<meta property=\"og:site_name\" content=\"VPM\" \/>\n<meta property=\"article:publisher\" content=\"https:\/\/www.facebook.com\/VPMAvaliacao\/\" \/>\n<meta property=\"article:modified_time\" content=\"2013-02-04T16:23:25+00:00\" \/>\n<meta name=\"twitter:label1\" content=\"Tempo estimado de leitura\" \/>\n\t<meta name=\"twitter:data1\" content=\"1 minuto\" \/>\n<script type=\"application\/ld+json\" class=\"yoast-schema-graph\">{\"@context\":\"https:\/\/schema.org\",\"@graph\":[{\"@type\":\"WebSite\",\"@id\":\"https:\/\/vpm.pt\/web\/#website\",\"url\":\"https:\/\/vpm.pt\/web\/\",\"name\":\"VPM\",\"description\":\"A VPM \u2013 Avalia\u00e7\u00e3o e Engenharia \u00e9 uma empresa vocacionada para a presta\u00e7\u00e3o de servi\u00e7os nos sectores da Constru\u00e7\u00e3o e Imobili\u00e1rio\",\"potentialAction\":[{\"@type\":\"SearchAction\",\"target\":{\"@type\":\"EntryPoint\",\"urlTemplate\":\"https:\/\/vpm.pt\/web\/?s={search_term_string}\"},\"query-input\":\"required name=search_term_string\"}],\"inLanguage\":\"pt-PT\"},{\"@type\":\"WebPage\",\"@id\":\"https:\/\/vpm.pt\/web\/en\/home\/#webpage\",\"url\":\"https:\/\/vpm.pt\/web\/en\/home\/\",\"name\":\"Home - VPM\",\"isPartOf\":{\"@id\":\"https:\/\/vpm.pt\/web\/#website\"},\"datePublished\":\"2013-01-04T11:59:51+00:00\",\"dateModified\":\"2013-02-04T16:23:25+00:00\",\"breadcrumb\":{\"@id\":\"https:\/\/vpm.pt\/web\/en\/home\/#breadcrumb\"},\"inLanguage\":\"pt-PT\",\"potentialAction\":[{\"@type\":\"ReadAction\",\"target\":[\"https:\/\/vpm.pt\/web\/en\/home\/\"]}]},{\"@type\":\"BreadcrumbList\",\"@id\":\"https:\/\/vpm.pt\/web\/en\/home\/#breadcrumb\",\"itemListElement\":[{\"@type\":\"ListItem\",\"position\":1,\"name\":\"Home\",\"item\":\"https:\/\/vpm.pt\/web\/pt\/inicio\/\"},{\"@type\":\"ListItem\",\"position\":2,\"name\":\"Home\"}]}]}<\/script>\n<!-- \/ Yoast SEO plugin. -->","yoast_head_json":{"title":"Home - VPM","robots":{"index":"index","follow":"follow","max-snippet":"max-snippet:-1","max-image-preview":"max-image-preview:large","max-video-preview":"max-video-preview:-1"},"canonical":"https:\/\/vpm.pt\/web\/en\/home\/","og_locale":"pt_PT","og_type":"article","og_title":"Home - VPM","og_url":"https:\/\/vpm.pt\/web\/en\/home\/","og_site_name":"VPM","article_publisher":"https:\/\/www.facebook.com\/VPMAvaliacao\/","article_modified_time":"2013-02-04T16:23:25+00:00","twitter_misc":{"Tempo estimado de leitura":"1 minuto"},"schema":{"@context":"https:\/\/schema.org","@graph":[{"@type":"WebSite","@id":"https:\/\/vpm.pt\/web\/#website","url":"https:\/\/vpm.pt\/web\/","name":"VPM","description":"A VPM \u2013 Avalia\u00e7\u00e3o e Engenharia \u00e9 uma empresa vocacionada para a presta\u00e7\u00e3o de servi\u00e7os nos sectores da Constru\u00e7\u00e3o e Imobili\u00e1rio","potentialAction":[{"@type":"SearchAction","target":{"@type":"EntryPoint","urlTemplate":"https:\/\/vpm.pt\/web\/?s={search_term_string}"},"query-input":"required name=search_term_string"}],"inLanguage":"pt-PT"},{"@type":"WebPage","@id":"https:\/\/vpm.pt\/web\/en\/home\/#webpage","url":"https:\/\/vpm.pt\/web\/en\/home\/","name":"Home - VPM","isPartOf":{"@id":"https:\/\/vpm.pt\/web\/#website"},"datePublished":"2013-01-04T11:59:51+00:00","dateModified":"2013-02-04T16:23:25+00:00","breadcrumb":{"@id":"https:\/\/vpm.pt\/web\/en\/home\/#breadcrumb"},"inLanguage":"pt-PT","potentialAction":[{"@type":"ReadAction","target":["https:\/\/vpm.pt\/web\/en\/home\/"]}]},{"@type":"BreadcrumbList","@id":"https:\/\/vpm.pt\/web\/en\/home\/#breadcrumb","itemListElement":[{"@type":"ListItem","position":1,"name":"Home","item":"https:\/\/vpm.pt\/web\/pt\/inicio\/"},{"@type":"ListItem","position":2,"name":"Home"}]}]}},"_links":{"self":[{"href":"https:\/\/vpm.pt\/web\/wp-json\/wp\/v2\/pages\/1237"}],"collection":[{"href":"https:\/\/vpm.pt\/web\/wp-json\/wp\/v2\/pages"}],"about":[{"href":"https:\/\/vpm.pt\/web\/wp-json\/wp\/v2\/types\/page"}],"author":[{"embeddable":true,"href":"https:\/\/vpm.pt\/web\/wp-json\/wp\/v2\/users\/1"}],"replies":[{"embeddable":true,"href":"https:\/\/vpm.pt\/web\/wp-json\/wp\/v2\/comments?post=1237"}],"version-history":[{"count":11,"href":"https:\/\/vpm.pt\/web\/wp-json\/wp\/v2\/pages\/1237\/revisions"}],"predecessor-version":[{"id":1594,"href":"https:\/\/vpm.pt\/web\/wp-json\/wp\/v2\/pages\/1237\/revisions\/1594"}],"wp:attachment":[{"href":"https:\/\/vpm.pt\/web\/wp-json\/wp\/v2\/media?parent=1237"}],"curies":[{"name":"wp","href":"https:\/\/api.w.org\/{rel}","templated":true}]}}