{"id":1249,"date":"2016-05-18T10:50:18","date_gmt":"2013-01-04T12:24:23","guid":{"rendered":"http:\/\/vpm.pt\/web\/?page_id=1249"},"modified":"2014-04-24T14:59:30","modified_gmt":"2014-04-24T14:59:30","slug":"avaliacao","status":"publish","type":"page","link":"https:\/\/vpm.pt\/web\/pt\/avaliacao\/","title":{"rendered":"Avalia\u00e7\u00e3o"},"content":{"rendered":"<p><strong>Avalia\u00e7\u00e3o de Empresas &#8211; Fus\u00f5es e Aquisi\u00e7\u00f5es<\/strong><\/p>\n<p>Na \u00e1rea da avalia\u00e7\u00e3o de empresas a VPM presta um servi\u00e7o de elevada qualidade, com base na capacidade t\u00e9cnica e anal\u00edtica dos seus consultores, determinando o valor de uma entidade comercial, industrial, de servi\u00e7os ou de investimento, onde garante tamb\u00e9m um aconselhamento estrat\u00e9gico no sentido de otimizar a gest\u00e3o empresarial dos seus clientes, garantindo a cria\u00e7\u00e3o de valor para os acionistas.<br \/>\n<strong><\/strong><\/p>\n<p><strong>Avalia\u00e7\u00e3o de Im\u00f3veis<\/strong><\/p>\n<p>A <strong>VPM<\/strong> garante aos seus clientes e parceiros um servi\u00e7o completo de avalia\u00e7\u00f5es e outros servi\u00e7os em conformidade com as normas nacionais e internacionais.<\/p>\n<p>As avalia\u00e7\u00f5es ter\u00e3o por base o Practice Statements do RICS Appraisal and Valuation Standards publicado por The Royal Institution of Chartered Surveyors (The Red Book) e de acordo com as recomenda\u00e7\u00f5es do Regulamento n\u00ba 8\/2002 da CMVM, e ser\u00e3o efetuadas por avaliadores devidamente credenciados e que correspondem aos requisitos exigidos por estas entidades.<\/p>\n<p><strong>M\u00e9todos de Avalia\u00e7\u00e3o<\/strong><\/p>\n<p>Numa avalia\u00e7\u00e3o de patrim\u00f3nio imobili\u00e1rio, a metodologia a seguir \u00e9 fundamental, pelo que deve ser escolhida de acordo com o tipo de im\u00f3vel em an\u00e1lise e objetivo do estudo, podendo ser utilizado mais do que um m\u00e9todo de avalia\u00e7\u00e3o.<\/p>\n<p><strong>As avalia\u00e7\u00f5es de im\u00f3veis s\u00e3o realizadas para os seguintes fins:<\/strong><\/p>\n<p>\u2022 Novo Sistema de Normaliza\u00e7\u00e3o Contabil\u00edstica (SNC);<br \/>\n\u2022 Avalia\u00e7\u00e3o de Patrim\u00f3nio;<br \/>\n\u2022 Fundos de Investimento imobili\u00e1rio;<br \/>\n\u2022 Finan\u00e7as &#8211; Verifica\u00e7\u00e3o do c\u00e1lculo do valor patrimonial para efeitos de IMI;<br \/>\n\u2022 Partilhas;<br \/>\n\u2022 Expropria\u00e7\u00f5es;<br \/>\n\u2022 Lit\u00edgios;<br \/>\n\u2022 Compra e venda de im\u00f3veis;<br \/>\n\u2022 Investimento;<br \/>\n\u2022 Cr\u00e9dito banc\u00e1rio.<\/p>\n<p><strong>Tipos de Im\u00f3veis para avalia\u00e7\u00e3o:<\/strong><br \/>\n\u2022 Moradias e Apartamentos;<br \/>\n\u2022 Armaz\u00e9ns Ind\u00fastrias \/ Log\u00edsticos;<br \/>\n\u2022 Lojas Comerciais;<br \/>\n\u2022 Centros comerciais e Supermercados<br \/>\n\u2022 Escrit\u00f3rios;<br \/>\n\u2022 Terrenos (R\u00fasticos e Urbanos);<br \/>\n\u2022 Loteamentos;<br \/>\n\u2022 Projectos Tur\u00edsticos (hot\u00e9is, pousadas, resort, turismo de habita\u00e7\u00e3o, etc.);<br \/>\n\u2022 Equipamentos e infra-estruturas;<br \/>\n\u2022 Lares de Terceira Idade &#8211; Resid\u00eancia Geri\u00e1trica<\/p>\n<p><strong>Destinat\u00e1rios:<\/strong><br \/>\n\u2022 Empresas;<br \/>\n\u2022 Investidores Imobili\u00e1rios \/ Promotores;<br \/>\n\u2022 Fundos de Investimento Imobili\u00e1rios;<br \/>\n\u2022 TOC&#8217;s e ROC&#8217;s;<br \/>\n\u2022 Advogados e Solicitadores;<br \/>\n\u2022 Entidades Banc\u00e1rias;<br \/>\n\u2022 Ag\u00eancias Imobili\u00e1rias;<br \/>\n\u2022 Particulares;<br \/>\n\u2022 Outros.<\/p>\n<p><strong>Verifica\u00e7\u00e3o do valor do IMI:<\/strong><\/p>\n<p>A VPM pretende apoiar os seus clientes na otimiza\u00e7\u00e3o de custos, nomeadamente na redu\u00e7\u00e3o do valor do IMI (Imposto Municipal sobre Im\u00f3veis), situa\u00e7\u00e3o que \u00e9 nos dias de hoje fulcral em qualquer empresa.<\/p>\n<p>\u00c9 importante referir que dos processos que temos analisado conseguimos at\u00e9\u00a0\u00e0 presente data uma redu\u00e7\u00e3o do valor do IMI em 90% dos casos. Nos restantes 10%, os valores patrimoniais dos im\u00f3veis das empresas encontravam-se atualizados, n\u00e3o existindo portanto qualquer custo para os nossos clientes.<\/p>\n<p><a href=\"http:\/\/vpm.pt\/web\/wp-content\/uploads\/2013\/02\/DSC_0033.jpg\"><img loading=\"lazy\" class=\"alignnone size-medium wp-image-1569\" alt=\"DSC_0033\" src=\"http:\/\/vpm.pt\/web\/wp-content\/uploads\/2013\/02\/DSC_0033-300x200.jpg\" width=\"300\" height=\"200\" srcset=\"https:\/\/vpm.pt\/web\/wp-content\/uploads\/2013\/02\/DSC_0033-300x200.jpg 300w, https:\/\/vpm.pt\/web\/wp-content\/uploads\/2013\/02\/DSC_0033-1024x685.jpg 1024w, https:\/\/vpm.pt\/web\/wp-content\/uploads\/2013\/02\/DSC_0033-210x140.jpg 210w, https:\/\/vpm.pt\/web\/wp-content\/uploads\/2013\/02\/DSC_0033-290x194.jpg 290w, https:\/\/vpm.pt\/web\/wp-content\/uploads\/2013\/02\/DSC_0033-450x301.jpg 450w, https:\/\/vpm.pt\/web\/wp-content\/uploads\/2013\/02\/DSC_0033-610x408.jpg 610w, https:\/\/vpm.pt\/web\/wp-content\/uploads\/2013\/02\/DSC_0033-690x461.jpg 690w, https:\/\/vpm.pt\/web\/wp-content\/uploads\/2013\/02\/DSC_0033-930x622.jpg 930w, https:\/\/vpm.pt\/web\/wp-content\/uploads\/2013\/02\/DSC_0033-330x220.jpg 330w, https:\/\/vpm.pt\/web\/wp-content\/uploads\/2013\/02\/DSC_0033-150x100.jpg 150w, https:\/\/vpm.pt\/web\/wp-content\/uploads\/2013\/02\/DSC_0033-510x341.jpg 510w\" sizes=\"(max-width: 300px) 100vw, 300px\" \/><\/a><\/p>\n<p>&nbsp;<\/p>\n","protected":false},"excerpt":{"rendered":"<p>Avalia\u00e7\u00e3o de Empresas &#8211; Fus\u00f5es e Aquisi\u00e7\u00f5es Na \u00e1rea da avalia\u00e7\u00e3o de empresas a VPM presta um servi\u00e7o de elevada qualidade, com base na capacidade t\u00e9cnica e anal\u00edtica dos seus consultores, determinando o valor de uma entidade comercial, industrial, de servi\u00e7os ou de investimento, onde garante tamb\u00e9m um aconselhamento estrat\u00e9gico no sentido de otimizar a<\/p>\n<div class=\"mt-button-container right\"><a href=\"https:\/\/vpm.pt\/web\/pt\/avaliacao\/\" class=\"mt-button\">Continue reading<\/a><\/p>\n<div class=\"clear\"><\/div>\n<\/div>\n","protected":false},"author":1,"featured_media":0,"parent":0,"menu_order":0,"comment_status":"closed","ping_status":"closed","template":"","meta":[],"yoast_head":"<!-- This site is optimized with the Yoast SEO plugin v19.0 - https:\/\/yoast.com\/wordpress\/plugins\/seo\/ -->\n<title>Avalia\u00e7\u00e3o - Moradias, Apartamentos, Terrenos,Armaz\u00e9ns,Escrit\u00f3rios,Patrim\u00f3nio<\/title>\n<meta name=\"description\" content=\"A empresa oferece um servi\u00e7o de Avalia\u00e7\u00e3o em conformidade com as normas nacionais e internacionais efetuado por peritos inscritos na CMVM.\" \/>\n<meta name=\"robots\" content=\"index, follow, max-snippet:-1, max-image-preview:large, max-video-preview:-1\" \/>\n<link rel=\"canonical\" href=\"https:\/\/vpm.pt\/web\/pt\/avaliacao\/\" \/>\n<meta property=\"og:locale\" content=\"pt_PT\" \/>\n<meta property=\"og:type\" content=\"article\" \/>\n<meta property=\"og:title\" content=\"Avalia\u00e7\u00e3o - Moradias, Apartamentos, Terrenos,Armaz\u00e9ns,Escrit\u00f3rios,Patrim\u00f3nio\" \/>\n<meta property=\"og:description\" content=\"A empresa oferece um servi\u00e7o de Avalia\u00e7\u00e3o em conformidade com as normas nacionais e internacionais efetuado por peritos inscritos na CMVM.\" \/>\n<meta property=\"og:url\" content=\"https:\/\/vpm.pt\/web\/pt\/avaliacao\/\" \/>\n<meta property=\"og:site_name\" content=\"VPM\" \/>\n<meta property=\"article:publisher\" content=\"https:\/\/www.facebook.com\/VPMAvaliacao\/\" \/>\n<meta property=\"article:modified_time\" content=\"2014-04-24T14:59:30+00:00\" \/>\n<meta property=\"og:image\" content=\"http:\/\/vpm.pt\/web\/wp-content\/uploads\/2013\/02\/DSC_0033-300x200.jpg\" \/>\n<meta name=\"twitter:label1\" content=\"Tempo estimado de leitura\" \/>\n\t<meta name=\"twitter:data1\" content=\"2 minutos\" \/>\n<script type=\"application\/ld+json\" class=\"yoast-schema-graph\">{\"@context\":\"https:\/\/schema.org\",\"@graph\":[{\"@type\":\"WebSite\",\"@id\":\"https:\/\/vpm.pt\/web\/#website\",\"url\":\"https:\/\/vpm.pt\/web\/\",\"name\":\"VPM\",\"description\":\"A VPM \u2013 Avalia\u00e7\u00e3o e Engenharia \u00e9 uma empresa vocacionada para a presta\u00e7\u00e3o de servi\u00e7os nos sectores da Constru\u00e7\u00e3o e Imobili\u00e1rio\",\"potentialAction\":[{\"@type\":\"SearchAction\",\"target\":{\"@type\":\"EntryPoint\",\"urlTemplate\":\"https:\/\/vpm.pt\/web\/?s={search_term_string}\"},\"query-input\":\"required name=search_term_string\"}],\"inLanguage\":\"pt-PT\"},{\"@type\":\"ImageObject\",\"inLanguage\":\"pt-PT\",\"@id\":\"https:\/\/vpm.pt\/web\/pt\/avaliacao\/#primaryimage\",\"url\":\"https:\/\/vpm.pt\/web\/wp-content\/uploads\/2013\/02\/DSC_0033.jpg\",\"contentUrl\":\"https:\/\/vpm.pt\/web\/wp-content\/uploads\/2013\/02\/DSC_0033.jpg\",\"width\":3872,\"height\":2592},{\"@type\":\"WebPage\",\"@id\":\"https:\/\/vpm.pt\/web\/pt\/avaliacao\/#webpage\",\"url\":\"https:\/\/vpm.pt\/web\/pt\/avaliacao\/\",\"name\":\"Avalia\u00e7\u00e3o - Moradias, Apartamentos, Terrenos,Armaz\u00e9ns,Escrit\u00f3rios,Patrim\u00f3nio\",\"isPartOf\":{\"@id\":\"https:\/\/vpm.pt\/web\/#website\"},\"primaryImageOfPage\":{\"@id\":\"https:\/\/vpm.pt\/web\/pt\/avaliacao\/#primaryimage\"},\"datePublished\":\"2013-01-04T12:24:23+00:00\",\"dateModified\":\"2014-04-24T14:59:30+00:00\",\"description\":\"A empresa oferece um servi\u00e7o de Avalia\u00e7\u00e3o em conformidade com as normas nacionais e internacionais efetuado por peritos inscritos na CMVM.\",\"breadcrumb\":{\"@id\":\"https:\/\/vpm.pt\/web\/pt\/avaliacao\/#breadcrumb\"},\"inLanguage\":\"pt-PT\",\"potentialAction\":[{\"@type\":\"ReadAction\",\"target\":[\"https:\/\/vpm.pt\/web\/pt\/avaliacao\/\"]}]},{\"@type\":\"BreadcrumbList\",\"@id\":\"https:\/\/vpm.pt\/web\/pt\/avaliacao\/#breadcrumb\",\"itemListElement\":[{\"@type\":\"ListItem\",\"position\":1,\"name\":\"Home\",\"item\":\"https:\/\/vpm.pt\/web\/pt\/inicio\/\"},{\"@type\":\"ListItem\",\"position\":2,\"name\":\"Avalia\u00e7\u00e3o\"}]}]}<\/script>\n<!-- \/ Yoast SEO plugin. -->","yoast_head_json":{"title":"Avalia\u00e7\u00e3o - Moradias, Apartamentos, Terrenos,Armaz\u00e9ns,Escrit\u00f3rios,Patrim\u00f3nio","description":"A empresa oferece um servi\u00e7o de Avalia\u00e7\u00e3o em conformidade com as normas nacionais e internacionais efetuado por peritos inscritos na CMVM.","robots":{"index":"index","follow":"follow","max-snippet":"max-snippet:-1","max-image-preview":"max-image-preview:large","max-video-preview":"max-video-preview:-1"},"canonical":"https:\/\/vpm.pt\/web\/pt\/avaliacao\/","og_locale":"pt_PT","og_type":"article","og_title":"Avalia\u00e7\u00e3o - Moradias, Apartamentos, Terrenos,Armaz\u00e9ns,Escrit\u00f3rios,Patrim\u00f3nio","og_description":"A empresa oferece um servi\u00e7o de Avalia\u00e7\u00e3o em conformidade com as normas nacionais e internacionais efetuado por peritos inscritos na CMVM.","og_url":"https:\/\/vpm.pt\/web\/pt\/avaliacao\/","og_site_name":"VPM","article_publisher":"https:\/\/www.facebook.com\/VPMAvaliacao\/","article_modified_time":"2014-04-24T14:59:30+00:00","og_image":[{"url":"http:\/\/vpm.pt\/web\/wp-content\/uploads\/2013\/02\/DSC_0033-300x200.jpg"}],"twitter_misc":{"Tempo estimado de leitura":"2 minutos"},"schema":{"@context":"https:\/\/schema.org","@graph":[{"@type":"WebSite","@id":"https:\/\/vpm.pt\/web\/#website","url":"https:\/\/vpm.pt\/web\/","name":"VPM","description":"A VPM \u2013 Avalia\u00e7\u00e3o e Engenharia \u00e9 uma empresa vocacionada para a presta\u00e7\u00e3o de servi\u00e7os nos sectores da Constru\u00e7\u00e3o e Imobili\u00e1rio","potentialAction":[{"@type":"SearchAction","target":{"@type":"EntryPoint","urlTemplate":"https:\/\/vpm.pt\/web\/?s={search_term_string}"},"query-input":"required name=search_term_string"}],"inLanguage":"pt-PT"},{"@type":"ImageObject","inLanguage":"pt-PT","@id":"https:\/\/vpm.pt\/web\/pt\/avaliacao\/#primaryimage","url":"https:\/\/vpm.pt\/web\/wp-content\/uploads\/2013\/02\/DSC_0033.jpg","contentUrl":"https:\/\/vpm.pt\/web\/wp-content\/uploads\/2013\/02\/DSC_0033.jpg","width":3872,"height":2592},{"@type":"WebPage","@id":"https:\/\/vpm.pt\/web\/pt\/avaliacao\/#webpage","url":"https:\/\/vpm.pt\/web\/pt\/avaliacao\/","name":"Avalia\u00e7\u00e3o - Moradias, Apartamentos, Terrenos,Armaz\u00e9ns,Escrit\u00f3rios,Patrim\u00f3nio","isPartOf":{"@id":"https:\/\/vpm.pt\/web\/#website"},"primaryImageOfPage":{"@id":"https:\/\/vpm.pt\/web\/pt\/avaliacao\/#primaryimage"},"datePublished":"2013-01-04T12:24:23+00:00","dateModified":"2014-04-24T14:59:30+00:00","description":"A empresa oferece um servi\u00e7o de Avalia\u00e7\u00e3o em conformidade com as normas nacionais e internacionais efetuado por peritos inscritos na CMVM.","breadcrumb":{"@id":"https:\/\/vpm.pt\/web\/pt\/avaliacao\/#breadcrumb"},"inLanguage":"pt-PT","potentialAction":[{"@type":"ReadAction","target":["https:\/\/vpm.pt\/web\/pt\/avaliacao\/"]}]},{"@type":"BreadcrumbList","@id":"https:\/\/vpm.pt\/web\/pt\/avaliacao\/#breadcrumb","itemListElement":[{"@type":"ListItem","position":1,"name":"Home","item":"https:\/\/vpm.pt\/web\/pt\/inicio\/"},{"@type":"ListItem","position":2,"name":"Avalia\u00e7\u00e3o"}]}]}},"_links":{"self":[{"href":"https:\/\/vpm.pt\/web\/wp-json\/wp\/v2\/pages\/1249"}],"collection":[{"href":"https:\/\/vpm.pt\/web\/wp-json\/wp\/v2\/pages"}],"about":[{"href":"https:\/\/vpm.pt\/web\/wp-json\/wp\/v2\/types\/page"}],"author":[{"embeddable":true,"href":"https:\/\/vpm.pt\/web\/wp-json\/wp\/v2\/users\/1"}],"replies":[{"embeddable":true,"href":"https:\/\/vpm.pt\/web\/wp-json\/wp\/v2\/comments?post=1249"}],"version-history":[{"count":41,"href":"https:\/\/vpm.pt\/web\/wp-json\/wp\/v2\/pages\/1249\/revisions"}],"predecessor-version":[{"id":1447,"href":"https:\/\/vpm.pt\/web\/wp-json\/wp\/v2\/pages\/1249\/revisions\/1447"}],"wp:attachment":[{"href":"https:\/\/vpm.pt\/web\/wp-json\/wp\/v2\/media?parent=1249"}],"curies":[{"name":"wp","href":"https:\/\/api.w.org\/{rel}","templated":true}]}}