{"id":1253,"date":"2013-01-04T12:25:11","date_gmt":"2013-01-04T12:25:11","guid":{"rendered":"http:\/\/vpm.pt\/web\/?page_id=1253"},"modified":"2016-05-18T09:45:04","modified_gmt":"2016-05-18T09:45:04","slug":"consultoria-imobiliaria","status":"publish","type":"page","link":"https:\/\/vpm.pt\/web\/pt\/consultoria-imobiliaria\/","title":{"rendered":"Consultoria e Media\u00e7\u00e3o Imobili\u00e1ria"},"content":{"rendered":"<div style=\"text-align: center;\">\n<div class=\"one-third\">\n<p><img loading=\"lazy\" class=\"size-medium wp-image-1566 aligncenter\" src=\"http:\/\/vpm.pt\/web\/wp-content\/uploads\/2013\/02\/DSC_0256-200x300.jpg\" alt=\"DSC_0256\" width=\"200\" height=\"300\" srcset=\"https:\/\/vpm.pt\/web\/wp-content\/uploads\/2013\/02\/DSC_0256-200x300.jpg 200w, https:\/\/vpm.pt\/web\/wp-content\/uploads\/2013\/02\/DSC_0256-685x1024.jpg 685w, https:\/\/vpm.pt\/web\/wp-content\/uploads\/2013\/02\/DSC_0256-290x433.jpg 290w, https:\/\/vpm.pt\/web\/wp-content\/uploads\/2013\/02\/DSC_0256-450x672.jpg 450w, https:\/\/vpm.pt\/web\/wp-content\/uploads\/2013\/02\/DSC_0256-610x911.jpg 610w, https:\/\/vpm.pt\/web\/wp-content\/uploads\/2013\/02\/DSC_0256-669x1000.jpg 669w, https:\/\/vpm.pt\/web\/wp-content\/uploads\/2013\/02\/DSC_0256-150x224.jpg 150w\" sizes=\"(max-width: 200px) 100vw, 200px\" \/><\/p>\n<p>&nbsp;<\/p>\n<\/div>\n<div class=\"one-third\">\n<p><img loading=\"lazy\" class=\"size-medium wp-image-1568 aligncenter\" src=\"http:\/\/vpm.pt\/web\/wp-content\/uploads\/2013\/02\/DSC_0363-200x300.jpg\" alt=\"DSC_0363\" width=\"200\" height=\"300\" srcset=\"https:\/\/vpm.pt\/web\/wp-content\/uploads\/2013\/02\/DSC_0363-200x300.jpg 200w, https:\/\/vpm.pt\/web\/wp-content\/uploads\/2013\/02\/DSC_0363-685x1024.jpg 685w, https:\/\/vpm.pt\/web\/wp-content\/uploads\/2013\/02\/DSC_0363-290x433.jpg 290w, https:\/\/vpm.pt\/web\/wp-content\/uploads\/2013\/02\/DSC_0363-450x672.jpg 450w, https:\/\/vpm.pt\/web\/wp-content\/uploads\/2013\/02\/DSC_0363-610x911.jpg 610w, https:\/\/vpm.pt\/web\/wp-content\/uploads\/2013\/02\/DSC_0363-669x1000.jpg 669w, https:\/\/vpm.pt\/web\/wp-content\/uploads\/2013\/02\/DSC_0363-150x224.jpg 150w\" sizes=\"(max-width: 200px) 100vw, 200px\" \/><\/p>\n<\/div>\n<div class=\"one-third omega\">\n<p><img loading=\"lazy\" class=\"size-medium wp-image-1567 aligncenter\" src=\"http:\/\/vpm.pt\/web\/wp-content\/uploads\/2013\/02\/DSC_0328-200x300.jpg\" alt=\"DSC_0328\" width=\"200\" height=\"300\" srcset=\"https:\/\/vpm.pt\/web\/wp-content\/uploads\/2013\/02\/DSC_0328-200x300.jpg 200w, https:\/\/vpm.pt\/web\/wp-content\/uploads\/2013\/02\/DSC_0328-685x1024.jpg 685w, https:\/\/vpm.pt\/web\/wp-content\/uploads\/2013\/02\/DSC_0328-290x433.jpg 290w, https:\/\/vpm.pt\/web\/wp-content\/uploads\/2013\/02\/DSC_0328-450x672.jpg 450w, https:\/\/vpm.pt\/web\/wp-content\/uploads\/2013\/02\/DSC_0328-610x911.jpg 610w, https:\/\/vpm.pt\/web\/wp-content\/uploads\/2013\/02\/DSC_0328-669x1000.jpg 669w, https:\/\/vpm.pt\/web\/wp-content\/uploads\/2013\/02\/DSC_0328-150x224.jpg 150w\" sizes=\"(max-width: 200px) 100vw, 200px\" \/><\/p>\n<\/div>\n<div class=\"clear\"><\/div>\n<\/div>\n<p style=\"text-align: justify;\">No \u00e2mbito da <strong>consultoria imobili\u00e1ria<\/strong>\u00a0a <strong>VPM<\/strong> presta um servi\u00e7o integrado, associado \u00e0 gest\u00e3o global do processo imobili\u00e1rio, acompanhando o cliente desde a escolha do im\u00f3vel pretendido, a sua aquisi\u00e7\u00e3o, constru\u00e7\u00e3o, reabilita\u00e7\u00e3o ou remodela\u00e7\u00e3o, at\u00e9 \u00e0 sua ocupa\u00e7\u00e3o final.<\/p>\n<p>Dentro desta \u00e1rea de neg\u00f3cio a VPM auxilia os seus clientes na <strong>comercializa\u00e7\u00e3o<\/strong>\u00a0dos seus im\u00f3veis ao n\u00edvel da coloca\u00e7\u00e3o e posicionamento no mercado,\u00a0marketing e comunica\u00e7\u00e3o, negocia\u00e7\u00e3o, bem como, o aconselhamento jur\u00eddico durante todo o processo imobili\u00e1rio.<\/p>\n<p style=\"text-align: justify;\">Assim, neste contexto s\u00e3o utilizados todos os conhecimentos adquiridos nas \u00e1reas de avalia\u00e7\u00e3o imobili\u00e1ria, engenharia e arquitectura, aliada \u00e0 experi\u00eancia e conhecimento emp\u00edrico do mercado imobili\u00e1rio.<\/p>\n<p>Por favor visite alguns im\u00f3veis em comercializa\u00e7\u00e3o:<\/p>\n<p><a href=\"http:\/\/www.vpmrealestate.pt\/\"><em>www.vpmrealestate.pt<\/em><\/a><\/p>\n<p>&nbsp;<\/p>\n","protected":false},"excerpt":{"rendered":"<p>No \u00e2mbito da consultoria imobili\u00e1ria\u00a0a VPM presta um servi\u00e7o integrado, associado \u00e0 gest\u00e3o global do processo imobili\u00e1rio, acompanhando o cliente desde a escolha do im\u00f3vel pretendido, a sua aquisi\u00e7\u00e3o, constru\u00e7\u00e3o, reabilita\u00e7\u00e3o ou remodela\u00e7\u00e3o, at\u00e9 \u00e0 sua ocupa\u00e7\u00e3o final. Dentro desta \u00e1rea de neg\u00f3cio a VPM auxilia os seus clientes na comercializa\u00e7\u00e3o\u00a0dos seus im\u00f3veis ao n\u00edvel<\/p>\n<div class=\"mt-button-container right\"><a href=\"https:\/\/vpm.pt\/web\/pt\/consultoria-imobiliaria\/\" class=\"mt-button\">Continue reading<\/a><\/p>\n<div class=\"clear\"><\/div>\n<\/div>\n","protected":false},"author":1,"featured_media":0,"parent":0,"menu_order":0,"comment_status":"closed","ping_status":"closed","template":"","meta":[],"yoast_head":"<!-- This site is optimized with the Yoast SEO plugin v19.0 - https:\/\/yoast.com\/wordpress\/plugins\/seo\/ -->\n<title>Consultoria e Media\u00e7\u00e3o Imobili\u00e1ria - VPM<\/title>\n<meta name=\"description\" content=\"A empresa oferece servi\u00e7os de media\u00e7\u00e3o imobili\u00e1ria em v\u00e1rios segmentos do mercado residencial, comercial, industrial e de lazer em todo o pa\u00eds.\" \/>\n<meta name=\"robots\" content=\"index, follow, max-snippet:-1, max-image-preview:large, max-video-preview:-1\" \/>\n<link rel=\"canonical\" href=\"https:\/\/vpm.pt\/web\/pt\/consultoria-imobiliaria\/\" \/>\n<meta property=\"og:locale\" content=\"pt_PT\" \/>\n<meta property=\"og:type\" content=\"article\" \/>\n<meta property=\"og:title\" content=\"Consultoria e Media\u00e7\u00e3o Imobili\u00e1ria - VPM\" \/>\n<meta property=\"og:description\" content=\"A empresa oferece servi\u00e7os de media\u00e7\u00e3o imobili\u00e1ria em v\u00e1rios segmentos do mercado residencial, comercial, industrial e de lazer em todo o pa\u00eds.\" \/>\n<meta property=\"og:url\" content=\"https:\/\/vpm.pt\/web\/pt\/consultoria-imobiliaria\/\" \/>\n<meta property=\"og:site_name\" content=\"VPM\" \/>\n<meta property=\"article:publisher\" content=\"https:\/\/www.facebook.com\/VPMAvaliacao\/\" \/>\n<meta property=\"article:modified_time\" content=\"2016-05-18T09:45:04+00:00\" \/>\n<meta property=\"og:image\" content=\"http:\/\/vpm.pt\/web\/wp-content\/uploads\/2013\/02\/DSC_0256-200x300.jpg\" \/>\n<meta name=\"twitter:label1\" content=\"Tempo estimado de leitura\" \/>\n\t<meta name=\"twitter:data1\" content=\"1 minuto\" \/>\n<script type=\"application\/ld+json\" class=\"yoast-schema-graph\">{\"@context\":\"https:\/\/schema.org\",\"@graph\":[{\"@type\":\"WebSite\",\"@id\":\"https:\/\/vpm.pt\/web\/#website\",\"url\":\"https:\/\/vpm.pt\/web\/\",\"name\":\"VPM\",\"description\":\"A VPM \u2013 Avalia\u00e7\u00e3o e Engenharia \u00e9 uma empresa vocacionada para a presta\u00e7\u00e3o de servi\u00e7os nos sectores da Constru\u00e7\u00e3o e Imobili\u00e1rio\",\"potentialAction\":[{\"@type\":\"SearchAction\",\"target\":{\"@type\":\"EntryPoint\",\"urlTemplate\":\"https:\/\/vpm.pt\/web\/?s={search_term_string}\"},\"query-input\":\"required name=search_term_string\"}],\"inLanguage\":\"pt-PT\"},{\"@type\":\"ImageObject\",\"inLanguage\":\"pt-PT\",\"@id\":\"https:\/\/vpm.pt\/web\/pt\/consultoria-imobiliaria\/#primaryimage\",\"url\":\"https:\/\/vpm.pt\/web\/wp-content\/uploads\/2013\/02\/DSC_0256.jpg\",\"contentUrl\":\"https:\/\/vpm.pt\/web\/wp-content\/uploads\/2013\/02\/DSC_0256.jpg\",\"width\":2592,\"height\":3872},{\"@type\":\"WebPage\",\"@id\":\"https:\/\/vpm.pt\/web\/pt\/consultoria-imobiliaria\/#webpage\",\"url\":\"https:\/\/vpm.pt\/web\/pt\/consultoria-imobiliaria\/\",\"name\":\"Consultoria e Media\u00e7\u00e3o Imobili\u00e1ria - VPM\",\"isPartOf\":{\"@id\":\"https:\/\/vpm.pt\/web\/#website\"},\"primaryImageOfPage\":{\"@id\":\"https:\/\/vpm.pt\/web\/pt\/consultoria-imobiliaria\/#primaryimage\"},\"datePublished\":\"2013-01-04T12:25:11+00:00\",\"dateModified\":\"2016-05-18T09:45:04+00:00\",\"description\":\"A empresa oferece servi\u00e7os de media\u00e7\u00e3o imobili\u00e1ria em v\u00e1rios segmentos do mercado residencial, comercial, industrial e de lazer em todo o pa\u00eds.\",\"breadcrumb\":{\"@id\":\"https:\/\/vpm.pt\/web\/pt\/consultoria-imobiliaria\/#breadcrumb\"},\"inLanguage\":\"pt-PT\",\"potentialAction\":[{\"@type\":\"ReadAction\",\"target\":[\"https:\/\/vpm.pt\/web\/pt\/consultoria-imobiliaria\/\"]}]},{\"@type\":\"BreadcrumbList\",\"@id\":\"https:\/\/vpm.pt\/web\/pt\/consultoria-imobiliaria\/#breadcrumb\",\"itemListElement\":[{\"@type\":\"ListItem\",\"position\":1,\"name\":\"Home\",\"item\":\"https:\/\/vpm.pt\/web\/pt\/inicio\/\"},{\"@type\":\"ListItem\",\"position\":2,\"name\":\"Consultoria e Media\u00e7\u00e3o Imobili\u00e1ria\"}]}]}<\/script>\n<!-- \/ Yoast SEO plugin. -->","yoast_head_json":{"title":"Consultoria e Media\u00e7\u00e3o Imobili\u00e1ria - VPM","description":"A empresa oferece servi\u00e7os de media\u00e7\u00e3o imobili\u00e1ria em v\u00e1rios segmentos do mercado residencial, comercial, industrial e de lazer em todo o pa\u00eds.","robots":{"index":"index","follow":"follow","max-snippet":"max-snippet:-1","max-image-preview":"max-image-preview:large","max-video-preview":"max-video-preview:-1"},"canonical":"https:\/\/vpm.pt\/web\/pt\/consultoria-imobiliaria\/","og_locale":"pt_PT","og_type":"article","og_title":"Consultoria e Media\u00e7\u00e3o Imobili\u00e1ria - VPM","og_description":"A empresa oferece servi\u00e7os de media\u00e7\u00e3o imobili\u00e1ria em v\u00e1rios segmentos do mercado residencial, comercial, industrial e de lazer em todo o pa\u00eds.","og_url":"https:\/\/vpm.pt\/web\/pt\/consultoria-imobiliaria\/","og_site_name":"VPM","article_publisher":"https:\/\/www.facebook.com\/VPMAvaliacao\/","article_modified_time":"2016-05-18T09:45:04+00:00","og_image":[{"url":"http:\/\/vpm.pt\/web\/wp-content\/uploads\/2013\/02\/DSC_0256-200x300.jpg"}],"twitter_misc":{"Tempo estimado de leitura":"1 minuto"},"schema":{"@context":"https:\/\/schema.org","@graph":[{"@type":"WebSite","@id":"https:\/\/vpm.pt\/web\/#website","url":"https:\/\/vpm.pt\/web\/","name":"VPM","description":"A VPM \u2013 Avalia\u00e7\u00e3o e Engenharia \u00e9 uma empresa vocacionada para a presta\u00e7\u00e3o de servi\u00e7os nos sectores da Constru\u00e7\u00e3o e Imobili\u00e1rio","potentialAction":[{"@type":"SearchAction","target":{"@type":"EntryPoint","urlTemplate":"https:\/\/vpm.pt\/web\/?s={search_term_string}"},"query-input":"required name=search_term_string"}],"inLanguage":"pt-PT"},{"@type":"ImageObject","inLanguage":"pt-PT","@id":"https:\/\/vpm.pt\/web\/pt\/consultoria-imobiliaria\/#primaryimage","url":"https:\/\/vpm.pt\/web\/wp-content\/uploads\/2013\/02\/DSC_0256.jpg","contentUrl":"https:\/\/vpm.pt\/web\/wp-content\/uploads\/2013\/02\/DSC_0256.jpg","width":2592,"height":3872},{"@type":"WebPage","@id":"https:\/\/vpm.pt\/web\/pt\/consultoria-imobiliaria\/#webpage","url":"https:\/\/vpm.pt\/web\/pt\/consultoria-imobiliaria\/","name":"Consultoria e Media\u00e7\u00e3o Imobili\u00e1ria - VPM","isPartOf":{"@id":"https:\/\/vpm.pt\/web\/#website"},"primaryImageOfPage":{"@id":"https:\/\/vpm.pt\/web\/pt\/consultoria-imobiliaria\/#primaryimage"},"datePublished":"2013-01-04T12:25:11+00:00","dateModified":"2016-05-18T09:45:04+00:00","description":"A empresa oferece servi\u00e7os de media\u00e7\u00e3o imobili\u00e1ria em v\u00e1rios segmentos do mercado residencial, comercial, industrial e de lazer em todo o pa\u00eds.","breadcrumb":{"@id":"https:\/\/vpm.pt\/web\/pt\/consultoria-imobiliaria\/#breadcrumb"},"inLanguage":"pt-PT","potentialAction":[{"@type":"ReadAction","target":["https:\/\/vpm.pt\/web\/pt\/consultoria-imobiliaria\/"]}]},{"@type":"BreadcrumbList","@id":"https:\/\/vpm.pt\/web\/pt\/consultoria-imobiliaria\/#breadcrumb","itemListElement":[{"@type":"ListItem","position":1,"name":"Home","item":"https:\/\/vpm.pt\/web\/pt\/inicio\/"},{"@type":"ListItem","position":2,"name":"Consultoria e Media\u00e7\u00e3o Imobili\u00e1ria"}]}]}},"_links":{"self":[{"href":"https:\/\/vpm.pt\/web\/wp-json\/wp\/v2\/pages\/1253"}],"collection":[{"href":"https:\/\/vpm.pt\/web\/wp-json\/wp\/v2\/pages"}],"about":[{"href":"https:\/\/vpm.pt\/web\/wp-json\/wp\/v2\/types\/page"}],"author":[{"embeddable":true,"href":"https:\/\/vpm.pt\/web\/wp-json\/wp\/v2\/users\/1"}],"replies":[{"embeddable":true,"href":"https:\/\/vpm.pt\/web\/wp-json\/wp\/v2\/comments?post=1253"}],"version-history":[{"count":28,"href":"https:\/\/vpm.pt\/web\/wp-json\/wp\/v2\/pages\/1253\/revisions"}],"predecessor-version":[{"id":2098,"href":"https:\/\/vpm.pt\/web\/wp-json\/wp\/v2\/pages\/1253\/revisions\/2098"}],"wp:attachment":[{"href":"https:\/\/vpm.pt\/web\/wp-json\/wp\/v2\/media?parent=1253"}],"curies":[{"name":"wp","href":"https:\/\/api.w.org\/{rel}","templated":true}]}}