{"id":1257,"date":"2013-01-04T12:26:37","date_gmt":"2013-01-04T12:26:04","guid":{"rendered":"http:\/\/vpm.pt\/web\/?page_id=1257"},"modified":"2019-07-17T13:43:42","modified_gmt":"2019-07-17T13:43:42","slug":"contactos","status":"publish","type":"page","link":"https:\/\/vpm.pt\/web\/pt\/contactos\/","title":{"rendered":"Contactos"},"content":{"rendered":"<p><strong>PORTUGAL<\/strong><\/p>\n<p><strong>Porto\u00a0<\/strong><br \/>\nRua Gon\u00e7alo Sampaio, 271, 4\u00ba Direito<br \/>\n4150-367 Porto<br \/>\nTlf (+351) 22 099 24 12<br \/>\nemail:\u00a0<a href=\"mailto:geral@vpm.pt\">geral@vpm.pt<\/a><\/p>\n<p>Aderente pleno ao CICAP, sito na Rua Dami\u00e3o de G\u00f3is, n\u00ba 31 lj 6 \u2013 4050-225 Porto<br \/>\nwww.cicap.pt<\/p>\n","protected":false},"excerpt":{"rendered":"<p>PORTUGAL Porto\u00a0 Rua Gon\u00e7alo Sampaio, 271, 4\u00ba Direito 4150-367 Porto Tlf (+351) 22 099 24 12 email:\u00a0geral@vpm.pt Aderente pleno ao CICAP, sito na Rua Dami\u00e3o de G\u00f3is, n\u00ba 31 lj 6 \u2013 4050-225 Porto www.cicap.pt<\/p>\n","protected":false},"author":1,"featured_media":0,"parent":0,"menu_order":0,"comment_status":"closed","ping_status":"closed","template":"page-contact.php","meta":[],"yoast_head":"<!-- This site is optimized with the Yoast SEO plugin v19.0 - https:\/\/yoast.com\/wordpress\/plugins\/seo\/ -->\n<title>Contactos - VPM<\/title>\n<meta name=\"description\" content=\"\u00c9 uma empresa especializada na Avalia\u00e7\u00e3o de Im\u00f3veis, Consultoria, Media\u00e7\u00e3o Imobili\u00e1ria, Gest\u00e3o e Coordena\u00e7\u00e3o de Projetos, Gest\u00e3o de Obras.\" \/>\n<meta name=\"robots\" content=\"index, follow, max-snippet:-1, max-image-preview:large, max-video-preview:-1\" \/>\n<link rel=\"canonical\" href=\"https:\/\/vpm.pt\/web\/pt\/contactos\/\" \/>\n<meta property=\"og:locale\" content=\"pt_PT\" \/>\n<meta property=\"og:type\" content=\"article\" \/>\n<meta property=\"og:title\" content=\"Contactos - VPM\" \/>\n<meta property=\"og:description\" content=\"\u00c9 uma empresa especializada na Avalia\u00e7\u00e3o de Im\u00f3veis, Consultoria, Media\u00e7\u00e3o Imobili\u00e1ria, Gest\u00e3o e Coordena\u00e7\u00e3o de Projetos, Gest\u00e3o de Obras.\" \/>\n<meta property=\"og:url\" content=\"https:\/\/vpm.pt\/web\/pt\/contactos\/\" \/>\n<meta property=\"og:site_name\" content=\"VPM\" \/>\n<meta property=\"article:publisher\" content=\"https:\/\/www.facebook.com\/VPMAvaliacao\/\" \/>\n<meta property=\"article:modified_time\" content=\"2019-07-17T13:43:42+00:00\" \/>\n<script type=\"application\/ld+json\" class=\"yoast-schema-graph\">{\"@context\":\"https:\/\/schema.org\",\"@graph\":[{\"@type\":\"WebSite\",\"@id\":\"https:\/\/vpm.pt\/web\/#website\",\"url\":\"https:\/\/vpm.pt\/web\/\",\"name\":\"VPM\",\"description\":\"A VPM \u2013 Avalia\u00e7\u00e3o e Engenharia \u00e9 uma empresa vocacionada para a presta\u00e7\u00e3o de servi\u00e7os nos sectores da Constru\u00e7\u00e3o e Imobili\u00e1rio\",\"potentialAction\":[{\"@type\":\"SearchAction\",\"target\":{\"@type\":\"EntryPoint\",\"urlTemplate\":\"https:\/\/vpm.pt\/web\/?s={search_term_string}\"},\"query-input\":\"required name=search_term_string\"}],\"inLanguage\":\"pt-PT\"},{\"@type\":\"WebPage\",\"@id\":\"https:\/\/vpm.pt\/web\/pt\/contactos\/#webpage\",\"url\":\"https:\/\/vpm.pt\/web\/pt\/contactos\/\",\"name\":\"Contactos - VPM\",\"isPartOf\":{\"@id\":\"https:\/\/vpm.pt\/web\/#website\"},\"datePublished\":\"2013-01-04T12:26:04+00:00\",\"dateModified\":\"2019-07-17T13:43:42+00:00\",\"description\":\"\u00c9 uma empresa especializada na Avalia\u00e7\u00e3o de Im\u00f3veis, Consultoria, Media\u00e7\u00e3o Imobili\u00e1ria, Gest\u00e3o e Coordena\u00e7\u00e3o de Projetos, Gest\u00e3o de Obras.\",\"breadcrumb\":{\"@id\":\"https:\/\/vpm.pt\/web\/pt\/contactos\/#breadcrumb\"},\"inLanguage\":\"pt-PT\",\"potentialAction\":[{\"@type\":\"ReadAction\",\"target\":[\"https:\/\/vpm.pt\/web\/pt\/contactos\/\"]}]},{\"@type\":\"BreadcrumbList\",\"@id\":\"https:\/\/vpm.pt\/web\/pt\/contactos\/#breadcrumb\",\"itemListElement\":[{\"@type\":\"ListItem\",\"position\":1,\"name\":\"Home\",\"item\":\"https:\/\/vpm.pt\/web\/pt\/inicio\/\"},{\"@type\":\"ListItem\",\"position\":2,\"name\":\"Contactos\"}]}]}<\/script>\n<!-- \/ Yoast SEO plugin. -->","yoast_head_json":{"title":"Contactos - VPM","description":"\u00c9 uma empresa especializada na Avalia\u00e7\u00e3o de Im\u00f3veis, Consultoria, Media\u00e7\u00e3o Imobili\u00e1ria, Gest\u00e3o e Coordena\u00e7\u00e3o de Projetos, Gest\u00e3o de Obras.","robots":{"index":"index","follow":"follow","max-snippet":"max-snippet:-1","max-image-preview":"max-image-preview:large","max-video-preview":"max-video-preview:-1"},"canonical":"https:\/\/vpm.pt\/web\/pt\/contactos\/","og_locale":"pt_PT","og_type":"article","og_title":"Contactos - VPM","og_description":"\u00c9 uma empresa especializada na Avalia\u00e7\u00e3o de Im\u00f3veis, Consultoria, Media\u00e7\u00e3o Imobili\u00e1ria, Gest\u00e3o e Coordena\u00e7\u00e3o de Projetos, Gest\u00e3o de Obras.","og_url":"https:\/\/vpm.pt\/web\/pt\/contactos\/","og_site_name":"VPM","article_publisher":"https:\/\/www.facebook.com\/VPMAvaliacao\/","article_modified_time":"2019-07-17T13:43:42+00:00","schema":{"@context":"https:\/\/schema.org","@graph":[{"@type":"WebSite","@id":"https:\/\/vpm.pt\/web\/#website","url":"https:\/\/vpm.pt\/web\/","name":"VPM","description":"A VPM \u2013 Avalia\u00e7\u00e3o e Engenharia \u00e9 uma empresa vocacionada para a presta\u00e7\u00e3o de servi\u00e7os nos sectores da Constru\u00e7\u00e3o e Imobili\u00e1rio","potentialAction":[{"@type":"SearchAction","target":{"@type":"EntryPoint","urlTemplate":"https:\/\/vpm.pt\/web\/?s={search_term_string}"},"query-input":"required name=search_term_string"}],"inLanguage":"pt-PT"},{"@type":"WebPage","@id":"https:\/\/vpm.pt\/web\/pt\/contactos\/#webpage","url":"https:\/\/vpm.pt\/web\/pt\/contactos\/","name":"Contactos - VPM","isPartOf":{"@id":"https:\/\/vpm.pt\/web\/#website"},"datePublished":"2013-01-04T12:26:04+00:00","dateModified":"2019-07-17T13:43:42+00:00","description":"\u00c9 uma empresa especializada na Avalia\u00e7\u00e3o de Im\u00f3veis, Consultoria, Media\u00e7\u00e3o Imobili\u00e1ria, Gest\u00e3o e Coordena\u00e7\u00e3o de Projetos, Gest\u00e3o de Obras.","breadcrumb":{"@id":"https:\/\/vpm.pt\/web\/pt\/contactos\/#breadcrumb"},"inLanguage":"pt-PT","potentialAction":[{"@type":"ReadAction","target":["https:\/\/vpm.pt\/web\/pt\/contactos\/"]}]},{"@type":"BreadcrumbList","@id":"https:\/\/vpm.pt\/web\/pt\/contactos\/#breadcrumb","itemListElement":[{"@type":"ListItem","position":1,"name":"Home","item":"https:\/\/vpm.pt\/web\/pt\/inicio\/"},{"@type":"ListItem","position":2,"name":"Contactos"}]}]}},"_links":{"self":[{"href":"https:\/\/vpm.pt\/web\/wp-json\/wp\/v2\/pages\/1257"}],"collection":[{"href":"https:\/\/vpm.pt\/web\/wp-json\/wp\/v2\/pages"}],"about":[{"href":"https:\/\/vpm.pt\/web\/wp-json\/wp\/v2\/types\/page"}],"author":[{"embeddable":true,"href":"https:\/\/vpm.pt\/web\/wp-json\/wp\/v2\/users\/1"}],"replies":[{"embeddable":true,"href":"https:\/\/vpm.pt\/web\/wp-json\/wp\/v2\/comments?post=1257"}],"version-history":[{"count":56,"href":"https:\/\/vpm.pt\/web\/wp-json\/wp\/v2\/pages\/1257\/revisions"}],"predecessor-version":[{"id":2188,"href":"https:\/\/vpm.pt\/web\/wp-json\/wp\/v2\/pages\/1257\/revisions\/2188"}],"wp:attachment":[{"href":"https:\/\/vpm.pt\/web\/wp-json\/wp\/v2\/media?parent=1257"}],"curies":[{"name":"wp","href":"https:\/\/api.w.org\/{rel}","templated":true}]}}