{"id":1259,"date":"2013-01-04T12:26:37","date_gmt":"2013-01-04T12:26:04","guid":{"rendered":"http:\/\/vpm.pt\/web\/?page_id=1259"},"modified":"2022-05-05T16:53:19","modified_gmt":"2022-05-05T16:53:19","slug":"contacts","status":"publish","type":"page","link":"https:\/\/vpm.pt\/web\/en\/contacts\/","title":{"rendered":"Contacts"},"content":{"rendered":"<p><strong>PORTUGAL<\/strong><\/p>\n<p><strong>Porto\u00a0<\/strong><br \/>Rua Gon\u00e7alo Sampaio, 271, 4\u00ba D<br \/>4150-367 Porto<br \/>Tlf (+351) 22 099 24 12<br \/>email:\u00a0<a href=\"mailto:geral@vpm.pt\">geral@vpm.pt<\/a><\/p><\/p>\n","protected":false},"excerpt":{"rendered":"<p>PORTUGAL Porto\u00a0Rua Gon\u00e7alo Sampaio, 271, 4\u00ba D4150-367 PortoTlf (+351) 22 099 24 12email:\u00a0geral@vpm.pt<\/p>\n","protected":false},"author":1,"featured_media":0,"parent":0,"menu_order":0,"comment_status":"closed","ping_status":"closed","template":"page-contact.php","meta":[],"yoast_head":"<!-- This site is optimized with the Yoast SEO plugin v19.0 - https:\/\/yoast.com\/wordpress\/plugins\/seo\/ -->\n<title>Contacts - VPM<\/title>\n<meta name=\"robots\" content=\"index, follow, max-snippet:-1, max-image-preview:large, max-video-preview:-1\" \/>\n<link rel=\"canonical\" href=\"https:\/\/vpm.pt\/web\/en\/contacts\/\" \/>\n<meta property=\"og:locale\" content=\"pt_PT\" \/>\n<meta property=\"og:type\" content=\"article\" \/>\n<meta property=\"og:title\" content=\"Contacts - VPM\" \/>\n<meta property=\"og:description\" content=\"PORTUGAL Porto\u00a0Rua Gon\u00e7alo Sampaio, 271, 4\u00ba D4150-367 PortoTlf (+351) 22 099 24 12email:\u00a0geral@vpm.pt\" \/>\n<meta property=\"og:url\" content=\"https:\/\/vpm.pt\/web\/en\/contacts\/\" \/>\n<meta property=\"og:site_name\" content=\"VPM\" \/>\n<meta property=\"article:publisher\" content=\"https:\/\/www.facebook.com\/VPMAvaliacao\/\" \/>\n<meta property=\"article:modified_time\" content=\"2022-05-05T16:53:19+00:00\" \/>\n<script type=\"application\/ld+json\" class=\"yoast-schema-graph\">{\"@context\":\"https:\/\/schema.org\",\"@graph\":[{\"@type\":\"WebSite\",\"@id\":\"https:\/\/vpm.pt\/web\/#website\",\"url\":\"https:\/\/vpm.pt\/web\/\",\"name\":\"VPM\",\"description\":\"A VPM \u2013 Avalia\u00e7\u00e3o e Engenharia \u00e9 uma empresa vocacionada para a presta\u00e7\u00e3o de servi\u00e7os nos sectores da Constru\u00e7\u00e3o e Imobili\u00e1rio\",\"potentialAction\":[{\"@type\":\"SearchAction\",\"target\":{\"@type\":\"EntryPoint\",\"urlTemplate\":\"https:\/\/vpm.pt\/web\/?s={search_term_string}\"},\"query-input\":\"required name=search_term_string\"}],\"inLanguage\":\"pt-PT\"},{\"@type\":\"WebPage\",\"@id\":\"https:\/\/vpm.pt\/web\/en\/contacts\/#webpage\",\"url\":\"https:\/\/vpm.pt\/web\/en\/contacts\/\",\"name\":\"Contacts - VPM\",\"isPartOf\":{\"@id\":\"https:\/\/vpm.pt\/web\/#website\"},\"datePublished\":\"2013-01-04T12:26:04+00:00\",\"dateModified\":\"2022-05-05T16:53:19+00:00\",\"breadcrumb\":{\"@id\":\"https:\/\/vpm.pt\/web\/en\/contacts\/#breadcrumb\"},\"inLanguage\":\"pt-PT\",\"potentialAction\":[{\"@type\":\"ReadAction\",\"target\":[\"https:\/\/vpm.pt\/web\/en\/contacts\/\"]}]},{\"@type\":\"BreadcrumbList\",\"@id\":\"https:\/\/vpm.pt\/web\/en\/contacts\/#breadcrumb\",\"itemListElement\":[{\"@type\":\"ListItem\",\"position\":1,\"name\":\"Home\",\"item\":\"https:\/\/vpm.pt\/web\/pt\/inicio\/\"},{\"@type\":\"ListItem\",\"position\":2,\"name\":\"Contacts\"}]}]}<\/script>\n<!-- \/ Yoast SEO plugin. -->","yoast_head_json":{"title":"Contacts - VPM","robots":{"index":"index","follow":"follow","max-snippet":"max-snippet:-1","max-image-preview":"max-image-preview:large","max-video-preview":"max-video-preview:-1"},"canonical":"https:\/\/vpm.pt\/web\/en\/contacts\/","og_locale":"pt_PT","og_type":"article","og_title":"Contacts - VPM","og_description":"PORTUGAL Porto\u00a0Rua Gon\u00e7alo Sampaio, 271, 4\u00ba D4150-367 PortoTlf (+351) 22 099 24 12email:\u00a0geral@vpm.pt","og_url":"https:\/\/vpm.pt\/web\/en\/contacts\/","og_site_name":"VPM","article_publisher":"https:\/\/www.facebook.com\/VPMAvaliacao\/","article_modified_time":"2022-05-05T16:53:19+00:00","schema":{"@context":"https:\/\/schema.org","@graph":[{"@type":"WebSite","@id":"https:\/\/vpm.pt\/web\/#website","url":"https:\/\/vpm.pt\/web\/","name":"VPM","description":"A VPM \u2013 Avalia\u00e7\u00e3o e Engenharia \u00e9 uma empresa vocacionada para a presta\u00e7\u00e3o de servi\u00e7os nos sectores da Constru\u00e7\u00e3o e Imobili\u00e1rio","potentialAction":[{"@type":"SearchAction","target":{"@type":"EntryPoint","urlTemplate":"https:\/\/vpm.pt\/web\/?s={search_term_string}"},"query-input":"required name=search_term_string"}],"inLanguage":"pt-PT"},{"@type":"WebPage","@id":"https:\/\/vpm.pt\/web\/en\/contacts\/#webpage","url":"https:\/\/vpm.pt\/web\/en\/contacts\/","name":"Contacts - VPM","isPartOf":{"@id":"https:\/\/vpm.pt\/web\/#website"},"datePublished":"2013-01-04T12:26:04+00:00","dateModified":"2022-05-05T16:53:19+00:00","breadcrumb":{"@id":"https:\/\/vpm.pt\/web\/en\/contacts\/#breadcrumb"},"inLanguage":"pt-PT","potentialAction":[{"@type":"ReadAction","target":["https:\/\/vpm.pt\/web\/en\/contacts\/"]}]},{"@type":"BreadcrumbList","@id":"https:\/\/vpm.pt\/web\/en\/contacts\/#breadcrumb","itemListElement":[{"@type":"ListItem","position":1,"name":"Home","item":"https:\/\/vpm.pt\/web\/pt\/inicio\/"},{"@type":"ListItem","position":2,"name":"Contacts"}]}]}},"_links":{"self":[{"href":"https:\/\/vpm.pt\/web\/wp-json\/wp\/v2\/pages\/1259"}],"collection":[{"href":"https:\/\/vpm.pt\/web\/wp-json\/wp\/v2\/pages"}],"about":[{"href":"https:\/\/vpm.pt\/web\/wp-json\/wp\/v2\/types\/page"}],"author":[{"embeddable":true,"href":"https:\/\/vpm.pt\/web\/wp-json\/wp\/v2\/users\/1"}],"replies":[{"embeddable":true,"href":"https:\/\/vpm.pt\/web\/wp-json\/wp\/v2\/comments?post=1259"}],"version-history":[{"count":27,"href":"https:\/\/vpm.pt\/web\/wp-json\/wp\/v2\/pages\/1259\/revisions"}],"predecessor-version":[{"id":19321,"href":"https:\/\/vpm.pt\/web\/wp-json\/wp\/v2\/pages\/1259\/revisions\/19321"}],"wp:attachment":[{"href":"https:\/\/vpm.pt\/web\/wp-json\/wp\/v2\/media?parent=1259"}],"curies":[{"name":"wp","href":"https:\/\/api.w.org\/{rel}","templated":true}]}}