{"id":1263,"date":"2013-01-04T12:25:11","date_gmt":"2013-01-04T12:29:27","guid":{"rendered":"http:\/\/vpm.pt\/web\/?page_id=1263"},"modified":"2015-12-06T17:44:19","modified_gmt":"2015-12-06T17:44:19","slug":"real-estate-consulting","status":"publish","type":"page","link":"https:\/\/vpm.pt\/web\/en\/real-estate-consulting\/","title":{"rendered":"Real Estate Consulting"},"content":{"rendered":"<div style=\"text-align: center;\">\n<div class=\"one-third\">\n<p><img loading=\"lazy\" src=\"http:\/\/vpm.pt\/web\/wp-content\/uploads\/2013\/02\/DSC_0256-200x300.jpg\" alt=\"DSC_0256\" width=\"200\" height=\"300\" \/><\/p>\n<\/div>\n<div class=\"one-third\">\n<p><img loading=\"lazy\" src=\"http:\/\/vpm.pt\/web\/wp-content\/uploads\/2013\/02\/DSC_0363-200x300.jpg\" alt=\"DSC_0363\" width=\"200\" height=\"300\" \/><\/p>\n<\/div>\n<div class=\"one-third omega\">\n<p><img loading=\"lazy\" src=\"http:\/\/vpm.pt\/web\/wp-content\/uploads\/2013\/02\/DSC_0328-200x300.jpg\" alt=\"DSC_0328\" width=\"200\" height=\"300\" \/><\/p>\n<\/div>\n<div class=\"clear\"><\/div>\n<\/div>\n<p>&nbsp;<\/p>\n<p>We work with buyers, sellers, lessors and lessees across all property types. Our current portfolio of properties includes a variety of property types, such as hotels, logistics and industrial units, residential, offices, retail as well as a vast bank of prime undeveloped land.<\/p>\n<p>Please visit some of our commercial real estate properties in this website:<br \/>\n<span style=\"color: #0000ff;\"><a style=\"color: #0000ff;\" href=\"http:\/\/vpmrealestate.pt\">www.vpmrealestate.pt<\/a><\/span><\/p>\n<p>Within the real estate consulting the VPM provides an integrated service, coupled with the overall management of the real estate process, accompanying the client in the pursuit of the desired property, its construction, rehabilitation or renovation, until its final occupation.<\/p>\n<p>Thus, in this context VPM uses all the knowledge acquired in the areas of real estate appraisal, engineering and architecture, combined with the experience and empirical knowledge of the real estate market.<\/p>\n<p>Real estate consulting operates in the following phases:<br \/>\n1. Identification and analysis of business opportunities, adjusting the final choice to the interests and objectives of each client, accompanying and supporting him in the negotiation process;<br \/>\n2. Analysis of the property developing architectural proposals depending on the ultimate goal of each cliente;<br \/>\n3. Arquitectural and engineering plans and design with an estimated investment proposal;<br \/>\n4. Monitoring of the licensing process;<br \/>\n5. Management real estate process, supporting the client in selecting a general contractor and supervision as well as discussion of materials and construction options that best fit the property in question and the client&#8217;s budget;<br \/>\n6. General monitoring of the works and project management.<\/p>\n","protected":false},"excerpt":{"rendered":"<p>&nbsp; We work with buyers, sellers, lessors and lessees across all property types. Our current portfolio of properties includes a variety of property types, such as hotels, logistics and industrial units, residential, offices, retail as well as a vast bank of prime undeveloped land. Please visit some of our commercial real estate properties in this<\/p>\n<div class=\"mt-button-container right\"><a href=\"https:\/\/vpm.pt\/web\/en\/real-estate-consulting\/\" class=\"mt-button\">Continue reading<\/a><\/p>\n<div class=\"clear\"><\/div>\n<\/div>\n","protected":false},"author":1,"featured_media":0,"parent":0,"menu_order":0,"comment_status":"closed","ping_status":"closed","template":"","meta":[],"yoast_head":"<!-- This site is optimized with the Yoast SEO plugin v19.0 - https:\/\/yoast.com\/wordpress\/plugins\/seo\/ -->\n<title>Real Estate Consulting - VPM<\/title>\n<meta name=\"robots\" content=\"index, follow, max-snippet:-1, max-image-preview:large, max-video-preview:-1\" \/>\n<link rel=\"canonical\" href=\"https:\/\/vpm.pt\/web\/en\/real-estate-consulting\/\" \/>\n<meta property=\"og:locale\" content=\"pt_PT\" \/>\n<meta property=\"og:type\" content=\"article\" \/>\n<meta property=\"og:title\" content=\"Real Estate Consulting - VPM\" \/>\n<meta property=\"og:description\" content=\"&nbsp; We work with buyers, sellers, lessors and lessees across all property types. Our current portfolio of properties includes a variety of property types, such as hotels, logistics and industrial units, residential, offices, retail as well as a vast bank of prime undeveloped land. Please visit some of our commercial real estate properties in thisContinue reading\" \/>\n<meta property=\"og:url\" content=\"https:\/\/vpm.pt\/web\/en\/real-estate-consulting\/\" \/>\n<meta property=\"og:site_name\" content=\"VPM\" \/>\n<meta property=\"article:publisher\" content=\"https:\/\/www.facebook.com\/VPMAvaliacao\/\" \/>\n<meta property=\"article:modified_time\" content=\"2015-12-06T17:44:19+00:00\" \/>\n<meta property=\"og:image\" content=\"http:\/\/vpm.pt\/web\/wp-content\/uploads\/2013\/02\/DSC_0256-200x300.jpg\" \/>\n<meta name=\"twitter:label1\" content=\"Tempo estimado de leitura\" \/>\n\t<meta name=\"twitter:data1\" content=\"1 minuto\" \/>\n<script type=\"application\/ld+json\" class=\"yoast-schema-graph\">{\"@context\":\"https:\/\/schema.org\",\"@graph\":[{\"@type\":\"WebSite\",\"@id\":\"https:\/\/vpm.pt\/web\/#website\",\"url\":\"https:\/\/vpm.pt\/web\/\",\"name\":\"VPM\",\"description\":\"A VPM \u2013 Avalia\u00e7\u00e3o e Engenharia \u00e9 uma empresa vocacionada para a presta\u00e7\u00e3o de servi\u00e7os nos sectores da Constru\u00e7\u00e3o e Imobili\u00e1rio\",\"potentialAction\":[{\"@type\":\"SearchAction\",\"target\":{\"@type\":\"EntryPoint\",\"urlTemplate\":\"https:\/\/vpm.pt\/web\/?s={search_term_string}\"},\"query-input\":\"required name=search_term_string\"}],\"inLanguage\":\"pt-PT\"},{\"@type\":\"ImageObject\",\"inLanguage\":\"pt-PT\",\"@id\":\"https:\/\/vpm.pt\/web\/en\/real-estate-consulting\/#primaryimage\",\"url\":\"https:\/\/vpm.pt\/web\/wp-content\/uploads\/2013\/02\/DSC_0256.jpg\",\"contentUrl\":\"https:\/\/vpm.pt\/web\/wp-content\/uploads\/2013\/02\/DSC_0256.jpg\",\"width\":2592,\"height\":3872},{\"@type\":\"WebPage\",\"@id\":\"https:\/\/vpm.pt\/web\/en\/real-estate-consulting\/#webpage\",\"url\":\"https:\/\/vpm.pt\/web\/en\/real-estate-consulting\/\",\"name\":\"Real Estate Consulting - VPM\",\"isPartOf\":{\"@id\":\"https:\/\/vpm.pt\/web\/#website\"},\"primaryImageOfPage\":{\"@id\":\"https:\/\/vpm.pt\/web\/en\/real-estate-consulting\/#primaryimage\"},\"datePublished\":\"2013-01-04T12:29:27+00:00\",\"dateModified\":\"2015-12-06T17:44:19+00:00\",\"breadcrumb\":{\"@id\":\"https:\/\/vpm.pt\/web\/en\/real-estate-consulting\/#breadcrumb\"},\"inLanguage\":\"pt-PT\",\"potentialAction\":[{\"@type\":\"ReadAction\",\"target\":[\"https:\/\/vpm.pt\/web\/en\/real-estate-consulting\/\"]}]},{\"@type\":\"BreadcrumbList\",\"@id\":\"https:\/\/vpm.pt\/web\/en\/real-estate-consulting\/#breadcrumb\",\"itemListElement\":[{\"@type\":\"ListItem\",\"position\":1,\"name\":\"Home\",\"item\":\"https:\/\/vpm.pt\/web\/pt\/inicio\/\"},{\"@type\":\"ListItem\",\"position\":2,\"name\":\"Real Estate Consulting\"}]}]}<\/script>\n<!-- \/ Yoast SEO plugin. -->","yoast_head_json":{"title":"Real Estate Consulting - VPM","robots":{"index":"index","follow":"follow","max-snippet":"max-snippet:-1","max-image-preview":"max-image-preview:large","max-video-preview":"max-video-preview:-1"},"canonical":"https:\/\/vpm.pt\/web\/en\/real-estate-consulting\/","og_locale":"pt_PT","og_type":"article","og_title":"Real Estate Consulting - VPM","og_description":"&nbsp; We work with buyers, sellers, lessors and lessees across all property types. Our current portfolio of properties includes a variety of property types, such as hotels, logistics and industrial units, residential, offices, retail as well as a vast bank of prime undeveloped land. Please visit some of our commercial real estate properties in thisContinue reading","og_url":"https:\/\/vpm.pt\/web\/en\/real-estate-consulting\/","og_site_name":"VPM","article_publisher":"https:\/\/www.facebook.com\/VPMAvaliacao\/","article_modified_time":"2015-12-06T17:44:19+00:00","og_image":[{"url":"http:\/\/vpm.pt\/web\/wp-content\/uploads\/2013\/02\/DSC_0256-200x300.jpg"}],"twitter_misc":{"Tempo estimado de leitura":"1 minuto"},"schema":{"@context":"https:\/\/schema.org","@graph":[{"@type":"WebSite","@id":"https:\/\/vpm.pt\/web\/#website","url":"https:\/\/vpm.pt\/web\/","name":"VPM","description":"A VPM \u2013 Avalia\u00e7\u00e3o e Engenharia \u00e9 uma empresa vocacionada para a presta\u00e7\u00e3o de servi\u00e7os nos sectores da Constru\u00e7\u00e3o e Imobili\u00e1rio","potentialAction":[{"@type":"SearchAction","target":{"@type":"EntryPoint","urlTemplate":"https:\/\/vpm.pt\/web\/?s={search_term_string}"},"query-input":"required name=search_term_string"}],"inLanguage":"pt-PT"},{"@type":"ImageObject","inLanguage":"pt-PT","@id":"https:\/\/vpm.pt\/web\/en\/real-estate-consulting\/#primaryimage","url":"https:\/\/vpm.pt\/web\/wp-content\/uploads\/2013\/02\/DSC_0256.jpg","contentUrl":"https:\/\/vpm.pt\/web\/wp-content\/uploads\/2013\/02\/DSC_0256.jpg","width":2592,"height":3872},{"@type":"WebPage","@id":"https:\/\/vpm.pt\/web\/en\/real-estate-consulting\/#webpage","url":"https:\/\/vpm.pt\/web\/en\/real-estate-consulting\/","name":"Real Estate Consulting - VPM","isPartOf":{"@id":"https:\/\/vpm.pt\/web\/#website"},"primaryImageOfPage":{"@id":"https:\/\/vpm.pt\/web\/en\/real-estate-consulting\/#primaryimage"},"datePublished":"2013-01-04T12:29:27+00:00","dateModified":"2015-12-06T17:44:19+00:00","breadcrumb":{"@id":"https:\/\/vpm.pt\/web\/en\/real-estate-consulting\/#breadcrumb"},"inLanguage":"pt-PT","potentialAction":[{"@type":"ReadAction","target":["https:\/\/vpm.pt\/web\/en\/real-estate-consulting\/"]}]},{"@type":"BreadcrumbList","@id":"https:\/\/vpm.pt\/web\/en\/real-estate-consulting\/#breadcrumb","itemListElement":[{"@type":"ListItem","position":1,"name":"Home","item":"https:\/\/vpm.pt\/web\/pt\/inicio\/"},{"@type":"ListItem","position":2,"name":"Real Estate Consulting"}]}]}},"_links":{"self":[{"href":"https:\/\/vpm.pt\/web\/wp-json\/wp\/v2\/pages\/1263"}],"collection":[{"href":"https:\/\/vpm.pt\/web\/wp-json\/wp\/v2\/pages"}],"about":[{"href":"https:\/\/vpm.pt\/web\/wp-json\/wp\/v2\/types\/page"}],"author":[{"embeddable":true,"href":"https:\/\/vpm.pt\/web\/wp-json\/wp\/v2\/users\/1"}],"replies":[{"embeddable":true,"href":"https:\/\/vpm.pt\/web\/wp-json\/wp\/v2\/comments?post=1263"}],"version-history":[{"count":10,"href":"https:\/\/vpm.pt\/web\/wp-json\/wp\/v2\/pages\/1263\/revisions"}],"predecessor-version":[{"id":2029,"href":"https:\/\/vpm.pt\/web\/wp-json\/wp\/v2\/pages\/1263\/revisions\/2029"}],"wp:attachment":[{"href":"https:\/\/vpm.pt\/web\/wp-json\/wp\/v2\/media?parent=1263"}],"curies":[{"name":"wp","href":"https:\/\/api.w.org\/{rel}","templated":true}]}}