{"id":1265,"date":"2013-01-04T12:24:46","date_gmt":"2013-01-04T12:30:15","guid":{"rendered":"http:\/\/vpm.pt\/web\/?page_id=1265"},"modified":"2014-03-07T18:25:29","modified_gmt":"2014-03-07T18:25:29","slug":"engineering-architecture","status":"publish","type":"page","link":"https:\/\/vpm.pt\/web\/en\/engineering-architecture\/","title":{"rendered":"Engineering &#038; Architecture"},"content":{"rendered":"<p>Within the area of engineering, VPM works with in various areas always with the goal of clients satisfaction, using, in certain specific situations partnerships with other certified entities.<\/p>\n<p>The fields of activity of the VPM &#8211; Evaluation and Engineering are as follows<br \/>\n\u2022 Project Management;<br \/>\n\u2022 Engeneering Planning and Design;<br \/>\n\u2022 Arquitecture Planning and Design;<br \/>\n\u2022 Facility Management;<br \/>\n\u2022 Due Diligence;<br \/>\n\u2022 Bim technology;<br \/>\n\u2022 Building Rehabilitation;<br \/>\n\u2022 Interior Renovations;<br \/>\n\u2022 Inspection in Sites;<br \/>\n\u2022 Energy Certification;<br \/>\n\u2022 Testing and Diagnosis of Buildings Pathologies.<\/p>\n<div class=\"one-half omega\">\n<p style=\"text-align: center;\"><img loading=\"lazy\" class=\" wp-image-1569 aligncenter\" alt=\"Sistema-UNO\" src=\"http:\/\/vpm.pt\/web\/wp-content\/uploads\/2014\/03\/Sistema-UNO.jpg\" width=\"400\" height=\"270\" \/><\/p>\n<\/div>\n<div class=\"clear\"><\/div>\n","protected":false},"excerpt":{"rendered":"<p>Within the area of engineering, VPM works with in various areas always with the goal of clients satisfaction, using, in certain specific situations partnerships with other certified entities. The fields of activity of the VPM &#8211; Evaluation and Engineering are as follows \u2022 Project Management; \u2022 Engeneering Planning and Design; \u2022 Arquitecture Planning and Design;<\/p>\n<div class=\"mt-button-container right\"><a href=\"https:\/\/vpm.pt\/web\/en\/engineering-architecture\/\" class=\"mt-button\">Continue reading<\/a><\/p>\n<div class=\"clear\"><\/div>\n<\/div>\n","protected":false},"author":1,"featured_media":0,"parent":0,"menu_order":0,"comment_status":"closed","ping_status":"closed","template":"","meta":[],"yoast_head":"<!-- This site is optimized with the Yoast SEO plugin v19.0 - https:\/\/yoast.com\/wordpress\/plugins\/seo\/ -->\n<title>Engineering &amp; Architecture - VPM<\/title>\n<meta name=\"robots\" content=\"index, follow, max-snippet:-1, max-image-preview:large, max-video-preview:-1\" \/>\n<link rel=\"canonical\" href=\"https:\/\/vpm.pt\/web\/en\/engineering-architecture\/\" \/>\n<meta property=\"og:locale\" content=\"pt_PT\" \/>\n<meta property=\"og:type\" content=\"article\" \/>\n<meta property=\"og:title\" content=\"Engineering &amp; Architecture - VPM\" \/>\n<meta property=\"og:description\" content=\"Within the area of engineering, VPM works with in various areas always with the goal of clients satisfaction, using, in certain specific situations partnerships with other certified entities. The fields of activity of the VPM &#8211; Evaluation and Engineering are as follows \u2022 Project Management; \u2022 Engeneering Planning and Design; \u2022 Arquitecture Planning and Design;Continue reading\" \/>\n<meta property=\"og:url\" content=\"https:\/\/vpm.pt\/web\/en\/engineering-architecture\/\" \/>\n<meta property=\"og:site_name\" content=\"VPM\" \/>\n<meta property=\"article:publisher\" content=\"https:\/\/www.facebook.com\/VPMAvaliacao\/\" \/>\n<meta property=\"article:modified_time\" content=\"2014-03-07T18:25:29+00:00\" \/>\n<meta property=\"og:image\" content=\"http:\/\/vpm.pt\/web\/wp-content\/uploads\/2014\/03\/Sistema-UNO.jpg\" \/>\n<script type=\"application\/ld+json\" class=\"yoast-schema-graph\">{\"@context\":\"https:\/\/schema.org\",\"@graph\":[{\"@type\":\"WebSite\",\"@id\":\"https:\/\/vpm.pt\/web\/#website\",\"url\":\"https:\/\/vpm.pt\/web\/\",\"name\":\"VPM\",\"description\":\"A VPM \u2013 Avalia\u00e7\u00e3o e Engenharia \u00e9 uma empresa vocacionada para a presta\u00e7\u00e3o de servi\u00e7os nos sectores da Constru\u00e7\u00e3o e Imobili\u00e1rio\",\"potentialAction\":[{\"@type\":\"SearchAction\",\"target\":{\"@type\":\"EntryPoint\",\"urlTemplate\":\"https:\/\/vpm.pt\/web\/?s={search_term_string}\"},\"query-input\":\"required name=search_term_string\"}],\"inLanguage\":\"pt-PT\"},{\"@type\":\"ImageObject\",\"inLanguage\":\"pt-PT\",\"@id\":\"https:\/\/vpm.pt\/web\/en\/engineering-architecture\/#primaryimage\",\"url\":\"https:\/\/vpm.pt\/web\/wp-content\/uploads\/2014\/03\/Sistema-UNO.jpg\",\"contentUrl\":\"https:\/\/vpm.pt\/web\/wp-content\/uploads\/2014\/03\/Sistema-UNO.jpg\",\"width\":957,\"height\":726},{\"@type\":\"WebPage\",\"@id\":\"https:\/\/vpm.pt\/web\/en\/engineering-architecture\/#webpage\",\"url\":\"https:\/\/vpm.pt\/web\/en\/engineering-architecture\/\",\"name\":\"Engineering & Architecture - VPM\",\"isPartOf\":{\"@id\":\"https:\/\/vpm.pt\/web\/#website\"},\"primaryImageOfPage\":{\"@id\":\"https:\/\/vpm.pt\/web\/en\/engineering-architecture\/#primaryimage\"},\"datePublished\":\"2013-01-04T12:30:15+00:00\",\"dateModified\":\"2014-03-07T18:25:29+00:00\",\"breadcrumb\":{\"@id\":\"https:\/\/vpm.pt\/web\/en\/engineering-architecture\/#breadcrumb\"},\"inLanguage\":\"pt-PT\",\"potentialAction\":[{\"@type\":\"ReadAction\",\"target\":[\"https:\/\/vpm.pt\/web\/en\/engineering-architecture\/\"]}]},{\"@type\":\"BreadcrumbList\",\"@id\":\"https:\/\/vpm.pt\/web\/en\/engineering-architecture\/#breadcrumb\",\"itemListElement\":[{\"@type\":\"ListItem\",\"position\":1,\"name\":\"Home\",\"item\":\"https:\/\/vpm.pt\/web\/pt\/inicio\/\"},{\"@type\":\"ListItem\",\"position\":2,\"name\":\"Engineering &#038; Architecture\"}]}]}<\/script>\n<!-- \/ Yoast SEO plugin. -->","yoast_head_json":{"title":"Engineering & Architecture - VPM","robots":{"index":"index","follow":"follow","max-snippet":"max-snippet:-1","max-image-preview":"max-image-preview:large","max-video-preview":"max-video-preview:-1"},"canonical":"https:\/\/vpm.pt\/web\/en\/engineering-architecture\/","og_locale":"pt_PT","og_type":"article","og_title":"Engineering & Architecture - VPM","og_description":"Within the area of engineering, VPM works with in various areas always with the goal of clients satisfaction, using, in certain specific situations partnerships with other certified entities. The fields of activity of the VPM &#8211; Evaluation and Engineering are as follows \u2022 Project Management; \u2022 Engeneering Planning and Design; \u2022 Arquitecture Planning and Design;Continue reading","og_url":"https:\/\/vpm.pt\/web\/en\/engineering-architecture\/","og_site_name":"VPM","article_publisher":"https:\/\/www.facebook.com\/VPMAvaliacao\/","article_modified_time":"2014-03-07T18:25:29+00:00","og_image":[{"url":"http:\/\/vpm.pt\/web\/wp-content\/uploads\/2014\/03\/Sistema-UNO.jpg"}],"schema":{"@context":"https:\/\/schema.org","@graph":[{"@type":"WebSite","@id":"https:\/\/vpm.pt\/web\/#website","url":"https:\/\/vpm.pt\/web\/","name":"VPM","description":"A VPM \u2013 Avalia\u00e7\u00e3o e Engenharia \u00e9 uma empresa vocacionada para a presta\u00e7\u00e3o de servi\u00e7os nos sectores da Constru\u00e7\u00e3o e Imobili\u00e1rio","potentialAction":[{"@type":"SearchAction","target":{"@type":"EntryPoint","urlTemplate":"https:\/\/vpm.pt\/web\/?s={search_term_string}"},"query-input":"required name=search_term_string"}],"inLanguage":"pt-PT"},{"@type":"ImageObject","inLanguage":"pt-PT","@id":"https:\/\/vpm.pt\/web\/en\/engineering-architecture\/#primaryimage","url":"https:\/\/vpm.pt\/web\/wp-content\/uploads\/2014\/03\/Sistema-UNO.jpg","contentUrl":"https:\/\/vpm.pt\/web\/wp-content\/uploads\/2014\/03\/Sistema-UNO.jpg","width":957,"height":726},{"@type":"WebPage","@id":"https:\/\/vpm.pt\/web\/en\/engineering-architecture\/#webpage","url":"https:\/\/vpm.pt\/web\/en\/engineering-architecture\/","name":"Engineering & Architecture - VPM","isPartOf":{"@id":"https:\/\/vpm.pt\/web\/#website"},"primaryImageOfPage":{"@id":"https:\/\/vpm.pt\/web\/en\/engineering-architecture\/#primaryimage"},"datePublished":"2013-01-04T12:30:15+00:00","dateModified":"2014-03-07T18:25:29+00:00","breadcrumb":{"@id":"https:\/\/vpm.pt\/web\/en\/engineering-architecture\/#breadcrumb"},"inLanguage":"pt-PT","potentialAction":[{"@type":"ReadAction","target":["https:\/\/vpm.pt\/web\/en\/engineering-architecture\/"]}]},{"@type":"BreadcrumbList","@id":"https:\/\/vpm.pt\/web\/en\/engineering-architecture\/#breadcrumb","itemListElement":[{"@type":"ListItem","position":1,"name":"Home","item":"https:\/\/vpm.pt\/web\/pt\/inicio\/"},{"@type":"ListItem","position":2,"name":"Engineering &#038; Architecture"}]}]}},"_links":{"self":[{"href":"https:\/\/vpm.pt\/web\/wp-json\/wp\/v2\/pages\/1265"}],"collection":[{"href":"https:\/\/vpm.pt\/web\/wp-json\/wp\/v2\/pages"}],"about":[{"href":"https:\/\/vpm.pt\/web\/wp-json\/wp\/v2\/types\/page"}],"author":[{"embeddable":true,"href":"https:\/\/vpm.pt\/web\/wp-json\/wp\/v2\/users\/1"}],"replies":[{"embeddable":true,"href":"https:\/\/vpm.pt\/web\/wp-json\/wp\/v2\/comments?post=1265"}],"version-history":[{"count":5,"href":"https:\/\/vpm.pt\/web\/wp-json\/wp\/v2\/pages\/1265\/revisions"}],"predecessor-version":[{"id":1923,"href":"https:\/\/vpm.pt\/web\/wp-json\/wp\/v2\/pages\/1265\/revisions\/1923"}],"wp:attachment":[{"href":"https:\/\/vpm.pt\/web\/wp-json\/wp\/v2\/media?parent=1265"}],"curies":[{"name":"wp","href":"https:\/\/api.w.org\/{rel}","templated":true}]}}