{"id":1269,"date":"2013-01-04T12:23:54","date_gmt":"2013-01-04T12:31:44","guid":{"rendered":"http:\/\/vpm.pt\/web\/?page_id=1269"},"modified":"2016-09-15T17:00:36","modified_gmt":"2016-09-15T17:00:36","slug":"company","status":"publish","type":"page","link":"https:\/\/vpm.pt\/web\/en\/company\/","title":{"rendered":"Company"},"content":{"rendered":"<div class=\"one-half\">\n<p>VPM company is an independent consultancy that provides real estate services and investment management with geographic and special focus on Europe, Middle East &amp; Africa Countries.<\/p>\n<p>We offer dedicated support and advisory throughout the whole cycle of real estate including acquisitions, due diligence, appraisals, project management, legal support and deal execution.<\/p>\n<p><strong>MISSION AND GOALS<\/strong><br \/>\nAbsolute satisfaction of the costumers\u2019 requirements with the assurance of a constant qualitative evolution in the services provided.<br \/>\nAlways count on the most qualified professionals and trained at an upper level.<br \/>\nKeep the company on a path of sustained and sustainable growth, given that the internationalization in emerging markets, with strong growth momentum in the property sector, is seen as a strong objective.<\/p>\n<div class=\"one-third\">\n<p><img loading=\"lazy\" class=\"size-medium wp-image-1566 aligncenter\" src=\"http:\/\/vpm.pt\/web\/wp-content\/uploads\/2016\/09\/Logos-Associa\u00e7\u00f5es2.jpg\" alt=\"Logos-Associa\u00e7\u00f5es26\" width=\"1000\" height=\"300\" \/><\/p>\n<p>&nbsp;<\/p>\n<\/div>\n<\/div>\n<div class=\"one-half omega\">\n<p><a href=\"http:\/\/vpm.pt\/web\/wp-content\/uploads\/2013\/02\/DSC_0033.jpg\"><img loading=\"lazy\" src=\"http:\/\/vpm.pt\/web\/wp-content\/uploads\/2013\/02\/DSC_0033-300x200.jpg\" alt=\"DSC_0033\" width=\"400\" height=\"270\" \/><\/a><\/p>\n<\/div>\n<div class=\"clear\"><\/div>\n","protected":false},"excerpt":{"rendered":"","protected":false},"author":1,"featured_media":0,"parent":0,"menu_order":0,"comment_status":"closed","ping_status":"closed","template":"","meta":[],"yoast_head":"<!-- This site is optimized with the Yoast SEO plugin v19.0 - https:\/\/yoast.com\/wordpress\/plugins\/seo\/ -->\n<title>Company - VPM<\/title>\n<meta name=\"robots\" content=\"index, follow, max-snippet:-1, max-image-preview:large, max-video-preview:-1\" \/>\n<link rel=\"canonical\" href=\"https:\/\/vpm.pt\/web\/en\/company\/\" \/>\n<meta property=\"og:locale\" content=\"pt_PT\" \/>\n<meta property=\"og:type\" content=\"article\" \/>\n<meta property=\"og:title\" content=\"Company - VPM\" \/>\n<meta property=\"og:url\" content=\"https:\/\/vpm.pt\/web\/en\/company\/\" \/>\n<meta property=\"og:site_name\" content=\"VPM\" \/>\n<meta property=\"article:publisher\" content=\"https:\/\/www.facebook.com\/VPMAvaliacao\/\" \/>\n<meta property=\"article:modified_time\" content=\"2016-09-15T17:00:36+00:00\" \/>\n<meta property=\"og:image\" content=\"http:\/\/vpm.pt\/web\/wp-content\/uploads\/2013\/02\/DSC_0033-300x200.jpg\" \/>\n<meta name=\"twitter:label1\" content=\"Tempo estimado de leitura\" \/>\n\t<meta name=\"twitter:data1\" content=\"1 minuto\" \/>\n<script type=\"application\/ld+json\" class=\"yoast-schema-graph\">{\"@context\":\"https:\/\/schema.org\",\"@graph\":[{\"@type\":\"WebSite\",\"@id\":\"https:\/\/vpm.pt\/web\/#website\",\"url\":\"https:\/\/vpm.pt\/web\/\",\"name\":\"VPM\",\"description\":\"A VPM \u2013 Avalia\u00e7\u00e3o e Engenharia \u00e9 uma empresa vocacionada para a presta\u00e7\u00e3o de servi\u00e7os nos sectores da Constru\u00e7\u00e3o e Imobili\u00e1rio\",\"potentialAction\":[{\"@type\":\"SearchAction\",\"target\":{\"@type\":\"EntryPoint\",\"urlTemplate\":\"https:\/\/vpm.pt\/web\/?s={search_term_string}\"},\"query-input\":\"required name=search_term_string\"}],\"inLanguage\":\"pt-PT\"},{\"@type\":\"ImageObject\",\"inLanguage\":\"pt-PT\",\"@id\":\"https:\/\/vpm.pt\/web\/en\/company\/#primaryimage\",\"url\":\"https:\/\/vpm.pt\/web\/wp-content\/uploads\/2013\/02\/DSC_0033.jpg\",\"contentUrl\":\"https:\/\/vpm.pt\/web\/wp-content\/uploads\/2013\/02\/DSC_0033.jpg\",\"width\":3872,\"height\":2592},{\"@type\":\"WebPage\",\"@id\":\"https:\/\/vpm.pt\/web\/en\/company\/#webpage\",\"url\":\"https:\/\/vpm.pt\/web\/en\/company\/\",\"name\":\"Company - VPM\",\"isPartOf\":{\"@id\":\"https:\/\/vpm.pt\/web\/#website\"},\"primaryImageOfPage\":{\"@id\":\"https:\/\/vpm.pt\/web\/en\/company\/#primaryimage\"},\"datePublished\":\"2013-01-04T12:31:44+00:00\",\"dateModified\":\"2016-09-15T17:00:36+00:00\",\"breadcrumb\":{\"@id\":\"https:\/\/vpm.pt\/web\/en\/company\/#breadcrumb\"},\"inLanguage\":\"pt-PT\",\"potentialAction\":[{\"@type\":\"ReadAction\",\"target\":[\"https:\/\/vpm.pt\/web\/en\/company\/\"]}]},{\"@type\":\"BreadcrumbList\",\"@id\":\"https:\/\/vpm.pt\/web\/en\/company\/#breadcrumb\",\"itemListElement\":[{\"@type\":\"ListItem\",\"position\":1,\"name\":\"Home\",\"item\":\"https:\/\/vpm.pt\/web\/pt\/inicio\/\"},{\"@type\":\"ListItem\",\"position\":2,\"name\":\"Company\"}]}]}<\/script>\n<!-- \/ Yoast SEO plugin. -->","yoast_head_json":{"title":"Company - VPM","robots":{"index":"index","follow":"follow","max-snippet":"max-snippet:-1","max-image-preview":"max-image-preview:large","max-video-preview":"max-video-preview:-1"},"canonical":"https:\/\/vpm.pt\/web\/en\/company\/","og_locale":"pt_PT","og_type":"article","og_title":"Company - VPM","og_url":"https:\/\/vpm.pt\/web\/en\/company\/","og_site_name":"VPM","article_publisher":"https:\/\/www.facebook.com\/VPMAvaliacao\/","article_modified_time":"2016-09-15T17:00:36+00:00","og_image":[{"url":"http:\/\/vpm.pt\/web\/wp-content\/uploads\/2013\/02\/DSC_0033-300x200.jpg"}],"twitter_misc":{"Tempo estimado de leitura":"1 minuto"},"schema":{"@context":"https:\/\/schema.org","@graph":[{"@type":"WebSite","@id":"https:\/\/vpm.pt\/web\/#website","url":"https:\/\/vpm.pt\/web\/","name":"VPM","description":"A VPM \u2013 Avalia\u00e7\u00e3o e Engenharia \u00e9 uma empresa vocacionada para a presta\u00e7\u00e3o de servi\u00e7os nos sectores da Constru\u00e7\u00e3o e Imobili\u00e1rio","potentialAction":[{"@type":"SearchAction","target":{"@type":"EntryPoint","urlTemplate":"https:\/\/vpm.pt\/web\/?s={search_term_string}"},"query-input":"required name=search_term_string"}],"inLanguage":"pt-PT"},{"@type":"ImageObject","inLanguage":"pt-PT","@id":"https:\/\/vpm.pt\/web\/en\/company\/#primaryimage","url":"https:\/\/vpm.pt\/web\/wp-content\/uploads\/2013\/02\/DSC_0033.jpg","contentUrl":"https:\/\/vpm.pt\/web\/wp-content\/uploads\/2013\/02\/DSC_0033.jpg","width":3872,"height":2592},{"@type":"WebPage","@id":"https:\/\/vpm.pt\/web\/en\/company\/#webpage","url":"https:\/\/vpm.pt\/web\/en\/company\/","name":"Company - VPM","isPartOf":{"@id":"https:\/\/vpm.pt\/web\/#website"},"primaryImageOfPage":{"@id":"https:\/\/vpm.pt\/web\/en\/company\/#primaryimage"},"datePublished":"2013-01-04T12:31:44+00:00","dateModified":"2016-09-15T17:00:36+00:00","breadcrumb":{"@id":"https:\/\/vpm.pt\/web\/en\/company\/#breadcrumb"},"inLanguage":"pt-PT","potentialAction":[{"@type":"ReadAction","target":["https:\/\/vpm.pt\/web\/en\/company\/"]}]},{"@type":"BreadcrumbList","@id":"https:\/\/vpm.pt\/web\/en\/company\/#breadcrumb","itemListElement":[{"@type":"ListItem","position":1,"name":"Home","item":"https:\/\/vpm.pt\/web\/pt\/inicio\/"},{"@type":"ListItem","position":2,"name":"Company"}]}]}},"_links":{"self":[{"href":"https:\/\/vpm.pt\/web\/wp-json\/wp\/v2\/pages\/1269"}],"collection":[{"href":"https:\/\/vpm.pt\/web\/wp-json\/wp\/v2\/pages"}],"about":[{"href":"https:\/\/vpm.pt\/web\/wp-json\/wp\/v2\/types\/page"}],"author":[{"embeddable":true,"href":"https:\/\/vpm.pt\/web\/wp-json\/wp\/v2\/users\/1"}],"replies":[{"embeddable":true,"href":"https:\/\/vpm.pt\/web\/wp-json\/wp\/v2\/comments?post=1269"}],"version-history":[{"count":11,"href":"https:\/\/vpm.pt\/web\/wp-json\/wp\/v2\/pages\/1269\/revisions"}],"predecessor-version":[{"id":3651,"href":"https:\/\/vpm.pt\/web\/wp-json\/wp\/v2\/pages\/1269\/revisions\/3651"}],"wp:attachment":[{"href":"https:\/\/vpm.pt\/web\/wp-json\/wp\/v2\/media?parent=1269"}],"curies":[{"name":"wp","href":"https:\/\/api.w.org\/{rel}","templated":true}]}}