{"id":1654,"date":"2013-04-05T17:04:47","date_gmt":"2013-04-05T17:04:47","guid":{"rendered":"http:\/\/vpm.pt\/web\/?page_id=1654"},"modified":"2022-07-18T14:23:42","modified_gmt":"2022-07-18T14:23:42","slug":"servicos","status":"publish","type":"page","link":"https:\/\/vpm.pt\/web\/pt\/servicos\/","title":{"rendered":"Servi\u00e7os"},"content":{"rendered":"<p style=\"text-align: left;\">A\u00a0<strong>VPM<\/strong>\u00a0pretende incutir nos seus servi\u00e7os a mentalidade, a inova\u00e7\u00e3o, o know-how e a disciplina dos seus colaboradores.<\/p>\n<div class=\"one-third\">\n<h4><a title=\"Gest\u00e3o de Projetos\" href=\"http:\/\/vpm.pt\/web\/pt\/gestao-de-projetos\/\"><strong>Gest\u00e3o de Projetos<\/strong><\/a><\/h4>\n<\/div>\n<div class=\"one-third\">\n<h4><strong><a title=\"Consultoria Imobili\u00e1ria\" href=\"http:\/\/vpm.pt\/web\/pt\/consultoria-imobiliaria\/\">Consultoria Imobili\u00e1ria<\/a><\/strong><\/h4>\n<\/div>\n<div class=\"one-third omega\">\n<h4><strong><a title=\"Gest\u00e3o Imobili\u00e1ria\" href=\"http:\/\/vpm.pt\/web\/pt\/gestao-processo-imobiliario\/\">Gest\u00e3o Imobili\u00e1ria<\/a><\/strong><\/h4>\n<h4>\n<\/div>\n<div class=\"clear\"><\/div>\n<\/h4>\n<div class=\"one-third\">\n<p><a href=\"http:\/\/vpm.pt\/web\/wp-content\/uploads\/2013\/04\/Cam\u00e9lia-HS-BRAGA.png\"><img loading=\"lazy\" class=\"alignnone size-medium wp-image-1712\" src=\"http:\/\/vpm.pt\/web\/wp-content\/uploads\/2013\/04\/Cam\u00e9lia-HS-BRAGA-300x224.png\" alt=\"Cam\u00e9lia HS BRAGA\" width=\"300\" height=\"224\" srcset=\"https:\/\/vpm.pt\/web\/wp-content\/uploads\/2013\/04\/Cam\u00e9lia-HS-BRAGA-300x224.png 300w, https:\/\/vpm.pt\/web\/wp-content\/uploads\/2013\/04\/Cam\u00e9lia-HS-BRAGA-210x157.png 210w, https:\/\/vpm.pt\/web\/wp-content\/uploads\/2013\/04\/Cam\u00e9lia-HS-BRAGA-290x216.png 290w, https:\/\/vpm.pt\/web\/wp-content\/uploads\/2013\/04\/Cam\u00e9lia-HS-BRAGA-450x336.png 450w, https:\/\/vpm.pt\/web\/wp-content\/uploads\/2013\/04\/Cam\u00e9lia-HS-BRAGA-610x456.png 610w, https:\/\/vpm.pt\/web\/wp-content\/uploads\/2013\/04\/Cam\u00e9lia-HS-BRAGA-690x516.png 690w, https:\/\/vpm.pt\/web\/wp-content\/uploads\/2013\/04\/Cam\u00e9lia-HS-BRAGA-330x246.png 330w, https:\/\/vpm.pt\/web\/wp-content\/uploads\/2013\/04\/Cam\u00e9lia-HS-BRAGA-150x112.png 150w, https:\/\/vpm.pt\/web\/wp-content\/uploads\/2013\/04\/Cam\u00e9lia-HS-BRAGA-510x381.png 510w, https:\/\/vpm.pt\/web\/wp-content\/uploads\/2013\/04\/Cam\u00e9lia-HS-BRAGA.png 703w\" sizes=\"(max-width: 300px) 100vw, 300px\" \/><\/a><\/p>\n<\/div>\n<div class=\"one-third\">\n<p><a href=\"http:\/\/vpm.pt\/web\/wp-content\/uploads\/2013\/04\/Cam\u00e9lia-2.png\"><img loading=\"lazy\" src=\"http:\/\/vpm.pt\/web\/wp-content\/uploads\/2013\/04\/Cam\u00e9lia-2-300x225.png\" alt=\"Cam\u00e9lia 2\" width=\"300\" height=\"225\" \/><\/a> <\/p>\n<\/div>\n<div class=\"one-third omega\">\n<p><a href=\"http:\/\/vpm.pt\/web\/wp-content\/uploads\/2013\/04\/aereo.png\"><img loading=\"lazy\" class=\"alignnone size-medium wp-image-1789\" src=\"http:\/\/vpm.pt\/web\/wp-content\/uploads\/2013\/04\/aereo-300x225.png\" alt=\"aereo\" width=\"300\" height=\"225\" srcset=\"https:\/\/vpm.pt\/web\/wp-content\/uploads\/2013\/04\/aereo-300x225.png 300w, https:\/\/vpm.pt\/web\/wp-content\/uploads\/2013\/04\/aereo-1024x768.png 1024w, https:\/\/vpm.pt\/web\/wp-content\/uploads\/2013\/04\/aereo-210x157.png 210w, https:\/\/vpm.pt\/web\/wp-content\/uploads\/2013\/04\/aereo-290x217.png 290w, https:\/\/vpm.pt\/web\/wp-content\/uploads\/2013\/04\/aereo-450x337.png 450w, https:\/\/vpm.pt\/web\/wp-content\/uploads\/2013\/04\/aereo-610x457.png 610w, https:\/\/vpm.pt\/web\/wp-content\/uploads\/2013\/04\/aereo-690x517.png 690w, https:\/\/vpm.pt\/web\/wp-content\/uploads\/2013\/04\/aereo-930x697.png 930w, https:\/\/vpm.pt\/web\/wp-content\/uploads\/2013\/04\/aereo-330x247.png 330w, https:\/\/vpm.pt\/web\/wp-content\/uploads\/2013\/04\/aereo-150x112.png 150w, https:\/\/vpm.pt\/web\/wp-content\/uploads\/2013\/04\/aereo-510x382.png 510w, https:\/\/vpm.pt\/web\/wp-content\/uploads\/2013\/04\/aereo.png 2000w\" sizes=\"(max-width: 300px) 100vw, 300px\" \/><\/a><\/p>\n<\/div>\n<div class=\"clear\"><\/div>\n<div class=\"one-third\">\n<h4><strong><a title=\"Arquitetura &amp; Engenharia\" href=\"http:\/\/vpm.pt\/web\/pt\/engenharia-arquitectura\/\"><strong>Arquitetura\u00a0&amp; Engenharia<\/strong><\/a><\/p>\n<\/div>\n<div class=\"one-third\">\n<p><\/strong><\/h4>\n<h4><a title=\"Avalia\u00e7\u00e3o\" href=\"http:\/\/vpm.pt\/web\/pt\/avaliacao\/ \"><strong>Avalia\u00e7\u00e3o<\/strong><\/a><\/h4>\n<\/div>\n<div class=\"one-third omega\"><\/div>\n<div class=\"clear\"><\/div>\n<div class=\"one-third\">\n<p><a href=\"http:\/\/vpm.pt\/web\/wp-content\/uploads\/2013\/04\/foto2.jpg\"><img loading=\"lazy\" class=\"alignnone size-medium wp-image-1787\" src=\"http:\/\/vpm.pt\/web\/wp-content\/uploads\/2013\/04\/foto2-300x225.jpg\" alt=\"foto2\" width=\"300\" height=\"225\" srcset=\"https:\/\/vpm.pt\/web\/wp-content\/uploads\/2013\/04\/foto2-300x225.jpg 300w, https:\/\/vpm.pt\/web\/wp-content\/uploads\/2013\/04\/foto2-1024x768.jpg 1024w, https:\/\/vpm.pt\/web\/wp-content\/uploads\/2013\/04\/foto2-210x157.jpg 210w, https:\/\/vpm.pt\/web\/wp-content\/uploads\/2013\/04\/foto2-290x217.jpg 290w, https:\/\/vpm.pt\/web\/wp-content\/uploads\/2013\/04\/foto2-450x337.jpg 450w, https:\/\/vpm.pt\/web\/wp-content\/uploads\/2013\/04\/foto2-610x457.jpg 610w, https:\/\/vpm.pt\/web\/wp-content\/uploads\/2013\/04\/foto2-690x517.jpg 690w, https:\/\/vpm.pt\/web\/wp-content\/uploads\/2013\/04\/foto2-930x697.jpg 930w, https:\/\/vpm.pt\/web\/wp-content\/uploads\/2013\/04\/foto2-330x247.jpg 330w, https:\/\/vpm.pt\/web\/wp-content\/uploads\/2013\/04\/foto2-150x112.jpg 150w, https:\/\/vpm.pt\/web\/wp-content\/uploads\/2013\/04\/foto2-510x382.jpg 510w\" sizes=\"(max-width: 300px) 100vw, 300px\" \/><\/a><\/p>\n<\/div>\n<div class=\"one-third\">\n<p><a href=\"http:\/\/vpm.pt\/web\/wp-content\/uploads\/2013\/04\/IMG_2308.jpg\"><img loading=\"lazy\" class=\"alignnone size-medium wp-image-1791\" src=\"http:\/\/vpm.pt\/web\/wp-content\/uploads\/2013\/04\/IMG_2308-300x224.jpg\" alt=\"IMG_2308\" width=\"300\" height=\"224\" srcset=\"https:\/\/vpm.pt\/web\/wp-content\/uploads\/2013\/04\/IMG_2308-300x224.jpg 300w, https:\/\/vpm.pt\/web\/wp-content\/uploads\/2013\/04\/IMG_2308-1024x768.jpg 1024w, https:\/\/vpm.pt\/web\/wp-content\/uploads\/2013\/04\/IMG_2308-210x157.jpg 210w, https:\/\/vpm.pt\/web\/wp-content\/uploads\/2013\/04\/IMG_2308-290x217.jpg 290w, https:\/\/vpm.pt\/web\/wp-content\/uploads\/2013\/04\/IMG_2308-450x337.jpg 450w, https:\/\/vpm.pt\/web\/wp-content\/uploads\/2013\/04\/IMG_2308-610x457.jpg 610w, https:\/\/vpm.pt\/web\/wp-content\/uploads\/2013\/04\/IMG_2308-690x517.jpg 690w, https:\/\/vpm.pt\/web\/wp-content\/uploads\/2013\/04\/IMG_2308-930x697.jpg 930w, https:\/\/vpm.pt\/web\/wp-content\/uploads\/2013\/04\/IMG_2308-330x247.jpg 330w, https:\/\/vpm.pt\/web\/wp-content\/uploads\/2013\/04\/IMG_2308-150x112.jpg 150w, https:\/\/vpm.pt\/web\/wp-content\/uploads\/2013\/04\/IMG_2308-510x382.jpg 510w\" sizes=\"(max-width: 300px) 100vw, 300px\" \/><\/a><\/p>\n<\/div>\n","protected":false},"excerpt":{"rendered":"<p>A\u00a0VPM\u00a0pretende incutir nos seus servi\u00e7os a mentalidade, a inova\u00e7\u00e3o, o know-how e a disciplina dos seus colaboradores.<\/p>\n","protected":false},"author":2,"featured_media":0,"parent":0,"menu_order":0,"comment_status":"closed","ping_status":"closed","template":"","meta":[],"yoast_head":"<!-- This site is optimized with the Yoast SEO plugin v19.0 - https:\/\/yoast.com\/wordpress\/plugins\/seo\/ -->\n<title>Servi\u00e7os - VPM<\/title>\n<meta name=\"robots\" content=\"index, follow, max-snippet:-1, max-image-preview:large, max-video-preview:-1\" \/>\n<link rel=\"canonical\" href=\"https:\/\/vpm.pt\/web\/pt\/servicos\/\" \/>\n<meta property=\"og:locale\" content=\"pt_PT\" \/>\n<meta property=\"og:type\" content=\"article\" \/>\n<meta property=\"og:title\" content=\"Servi\u00e7os - VPM\" \/>\n<meta property=\"og:description\" content=\"A\u00a0VPM\u00a0pretende incutir nos seus servi\u00e7os a mentalidade, a inova\u00e7\u00e3o, o know-how e a disciplina dos seus colaboradores.\" \/>\n<meta property=\"og:url\" content=\"https:\/\/vpm.pt\/web\/pt\/servicos\/\" \/>\n<meta property=\"og:site_name\" content=\"VPM\" \/>\n<meta property=\"article:publisher\" content=\"https:\/\/www.facebook.com\/VPMAvaliacao\/\" \/>\n<meta property=\"article:modified_time\" content=\"2022-07-18T14:23:42+00:00\" \/>\n<meta property=\"og:image\" content=\"http:\/\/vpm.pt\/web\/wp-content\/uploads\/2013\/04\/aereo-300x225.png\" \/>\n<meta name=\"twitter:label1\" content=\"Tempo estimado de leitura\" \/>\n\t<meta name=\"twitter:data1\" content=\"2 minutos\" \/>\n<script type=\"application\/ld+json\" class=\"yoast-schema-graph\">{\"@context\":\"https:\/\/schema.org\",\"@graph\":[{\"@type\":\"WebSite\",\"@id\":\"https:\/\/vpm.pt\/web\/#website\",\"url\":\"https:\/\/vpm.pt\/web\/\",\"name\":\"VPM\",\"description\":\"A VPM \u2013 Avalia\u00e7\u00e3o e Engenharia \u00e9 uma empresa vocacionada para a presta\u00e7\u00e3o de servi\u00e7os nos sectores da Constru\u00e7\u00e3o e Imobili\u00e1rio\",\"potentialAction\":[{\"@type\":\"SearchAction\",\"target\":{\"@type\":\"EntryPoint\",\"urlTemplate\":\"https:\/\/vpm.pt\/web\/?s={search_term_string}\"},\"query-input\":\"required name=search_term_string\"}],\"inLanguage\":\"pt-PT\"},{\"@type\":\"ImageObject\",\"inLanguage\":\"pt-PT\",\"@id\":\"https:\/\/vpm.pt\/web\/pt\/servicos\/#primaryimage\",\"url\":\"https:\/\/vpm.pt\/web\/wp-content\/uploads\/2013\/04\/aereo.png\",\"contentUrl\":\"https:\/\/vpm.pt\/web\/wp-content\/uploads\/2013\/04\/aereo.png\",\"width\":2000,\"height\":1500},{\"@type\":\"WebPage\",\"@id\":\"https:\/\/vpm.pt\/web\/pt\/servicos\/#webpage\",\"url\":\"https:\/\/vpm.pt\/web\/pt\/servicos\/\",\"name\":\"Servi\u00e7os - VPM\",\"isPartOf\":{\"@id\":\"https:\/\/vpm.pt\/web\/#website\"},\"primaryImageOfPage\":{\"@id\":\"https:\/\/vpm.pt\/web\/pt\/servicos\/#primaryimage\"},\"datePublished\":\"2013-04-05T17:04:47+00:00\",\"dateModified\":\"2022-07-18T14:23:42+00:00\",\"breadcrumb\":{\"@id\":\"https:\/\/vpm.pt\/web\/pt\/servicos\/#breadcrumb\"},\"inLanguage\":\"pt-PT\",\"potentialAction\":[{\"@type\":\"ReadAction\",\"target\":[\"https:\/\/vpm.pt\/web\/pt\/servicos\/\"]}]},{\"@type\":\"BreadcrumbList\",\"@id\":\"https:\/\/vpm.pt\/web\/pt\/servicos\/#breadcrumb\",\"itemListElement\":[{\"@type\":\"ListItem\",\"position\":1,\"name\":\"Home\",\"item\":\"https:\/\/vpm.pt\/web\/pt\/inicio\/\"},{\"@type\":\"ListItem\",\"position\":2,\"name\":\"Servi\u00e7os\"}]}]}<\/script>\n<!-- \/ Yoast SEO plugin. -->","yoast_head_json":{"title":"Servi\u00e7os - VPM","robots":{"index":"index","follow":"follow","max-snippet":"max-snippet:-1","max-image-preview":"max-image-preview:large","max-video-preview":"max-video-preview:-1"},"canonical":"https:\/\/vpm.pt\/web\/pt\/servicos\/","og_locale":"pt_PT","og_type":"article","og_title":"Servi\u00e7os - VPM","og_description":"A\u00a0VPM\u00a0pretende incutir nos seus servi\u00e7os a mentalidade, a inova\u00e7\u00e3o, o know-how e a disciplina dos seus colaboradores.","og_url":"https:\/\/vpm.pt\/web\/pt\/servicos\/","og_site_name":"VPM","article_publisher":"https:\/\/www.facebook.com\/VPMAvaliacao\/","article_modified_time":"2022-07-18T14:23:42+00:00","og_image":[{"url":"http:\/\/vpm.pt\/web\/wp-content\/uploads\/2013\/04\/aereo-300x225.png"}],"twitter_misc":{"Tempo estimado de leitura":"2 minutos"},"schema":{"@context":"https:\/\/schema.org","@graph":[{"@type":"WebSite","@id":"https:\/\/vpm.pt\/web\/#website","url":"https:\/\/vpm.pt\/web\/","name":"VPM","description":"A VPM \u2013 Avalia\u00e7\u00e3o e Engenharia \u00e9 uma empresa vocacionada para a presta\u00e7\u00e3o de servi\u00e7os nos sectores da Constru\u00e7\u00e3o e Imobili\u00e1rio","potentialAction":[{"@type":"SearchAction","target":{"@type":"EntryPoint","urlTemplate":"https:\/\/vpm.pt\/web\/?s={search_term_string}"},"query-input":"required name=search_term_string"}],"inLanguage":"pt-PT"},{"@type":"ImageObject","inLanguage":"pt-PT","@id":"https:\/\/vpm.pt\/web\/pt\/servicos\/#primaryimage","url":"https:\/\/vpm.pt\/web\/wp-content\/uploads\/2013\/04\/aereo.png","contentUrl":"https:\/\/vpm.pt\/web\/wp-content\/uploads\/2013\/04\/aereo.png","width":2000,"height":1500},{"@type":"WebPage","@id":"https:\/\/vpm.pt\/web\/pt\/servicos\/#webpage","url":"https:\/\/vpm.pt\/web\/pt\/servicos\/","name":"Servi\u00e7os - VPM","isPartOf":{"@id":"https:\/\/vpm.pt\/web\/#website"},"primaryImageOfPage":{"@id":"https:\/\/vpm.pt\/web\/pt\/servicos\/#primaryimage"},"datePublished":"2013-04-05T17:04:47+00:00","dateModified":"2022-07-18T14:23:42+00:00","breadcrumb":{"@id":"https:\/\/vpm.pt\/web\/pt\/servicos\/#breadcrumb"},"inLanguage":"pt-PT","potentialAction":[{"@type":"ReadAction","target":["https:\/\/vpm.pt\/web\/pt\/servicos\/"]}]},{"@type":"BreadcrumbList","@id":"https:\/\/vpm.pt\/web\/pt\/servicos\/#breadcrumb","itemListElement":[{"@type":"ListItem","position":1,"name":"Home","item":"https:\/\/vpm.pt\/web\/pt\/inicio\/"},{"@type":"ListItem","position":2,"name":"Servi\u00e7os"}]}]}},"_links":{"self":[{"href":"https:\/\/vpm.pt\/web\/wp-json\/wp\/v2\/pages\/1654"}],"collection":[{"href":"https:\/\/vpm.pt\/web\/wp-json\/wp\/v2\/pages"}],"about":[{"href":"https:\/\/vpm.pt\/web\/wp-json\/wp\/v2\/types\/page"}],"author":[{"embeddable":true,"href":"https:\/\/vpm.pt\/web\/wp-json\/wp\/v2\/users\/2"}],"replies":[{"embeddable":true,"href":"https:\/\/vpm.pt\/web\/wp-json\/wp\/v2\/comments?post=1654"}],"version-history":[{"count":67,"href":"https:\/\/vpm.pt\/web\/wp-json\/wp\/v2\/pages\/1654\/revisions"}],"predecessor-version":[{"id":19354,"href":"https:\/\/vpm.pt\/web\/wp-json\/wp\/v2\/pages\/1654\/revisions\/19354"}],"wp:attachment":[{"href":"https:\/\/vpm.pt\/web\/wp-json\/wp\/v2\/media?parent=1654"}],"curies":[{"name":"wp","href":"https:\/\/api.w.org\/{rel}","templated":true}]}}