{"id":1661,"date":"2013-04-05T17:16:40","date_gmt":"2013-04-05T17:16:40","guid":{"rendered":"http:\/\/vpm.pt\/web\/?page_id=1661"},"modified":"2013-04-14T18:22:25","modified_gmt":"2013-04-14T18:22:25","slug":"portfolio","status":"publish","type":"page","link":"https:\/\/vpm.pt\/web\/pt\/portfolio\/","title":{"rendered":"Portf\u00f3lio"},"content":{"rendered":"<p style=\"text-align: left;\">\n<div class=\"one-half\">\n<p><a href=\"http:\/\/vpm.pt\/web\/wp-content\/uploads\/2013\/04\/EqCulturais-00.jpg\"><img loading=\"lazy\" class=\"alignnone size-medium wp-image-1808\" alt=\"EqCulturais-00\" src=\"http:\/\/vpm.pt\/web\/wp-content\/uploads\/2013\/04\/EqCulturais-00-300x212.jpg\" width=\"300\" height=\"212\" srcset=\"https:\/\/vpm.pt\/web\/wp-content\/uploads\/2013\/04\/EqCulturais-00-300x212.jpg 300w, https:\/\/vpm.pt\/web\/wp-content\/uploads\/2013\/04\/EqCulturais-00-210x148.jpg 210w, https:\/\/vpm.pt\/web\/wp-content\/uploads\/2013\/04\/EqCulturais-00-290x205.jpg 290w, https:\/\/vpm.pt\/web\/wp-content\/uploads\/2013\/04\/EqCulturais-00-450x319.jpg 450w, https:\/\/vpm.pt\/web\/wp-content\/uploads\/2013\/04\/EqCulturais-00-330x234.jpg 330w, https:\/\/vpm.pt\/web\/wp-content\/uploads\/2013\/04\/EqCulturais-00-150x106.jpg 150w, https:\/\/vpm.pt\/web\/wp-content\/uploads\/2013\/04\/EqCulturais-00.jpg 471w\" sizes=\"(max-width: 300px) 100vw, 300px\" \/><\/a><\/p>\n<\/div>\n<div class=\"one-half omega\">\n<p><a href=\"http:\/\/vpm.pt\/web\/wp-content\/uploads\/2013\/04\/EqEscolares-00.jpg\"><img loading=\"lazy\" class=\"alignnone size-medium wp-image-1795\" alt=\"EqEscolares-00\" src=\"http:\/\/vpm.pt\/web\/wp-content\/uploads\/2013\/04\/EqEscolares-00-300x241.jpg\" width=\"300\" height=\"241\" srcset=\"https:\/\/vpm.pt\/web\/wp-content\/uploads\/2013\/04\/EqEscolares-00-300x241.jpg 300w, https:\/\/vpm.pt\/web\/wp-content\/uploads\/2013\/04\/EqEscolares-00-210x168.jpg 210w, https:\/\/vpm.pt\/web\/wp-content\/uploads\/2013\/04\/EqEscolares-00-290x233.jpg 290w, https:\/\/vpm.pt\/web\/wp-content\/uploads\/2013\/04\/EqEscolares-00-450x361.jpg 450w, https:\/\/vpm.pt\/web\/wp-content\/uploads\/2013\/04\/EqEscolares-00-330x265.jpg 330w, https:\/\/vpm.pt\/web\/wp-content\/uploads\/2013\/04\/EqEscolares-00-150x120.jpg 150w, https:\/\/vpm.pt\/web\/wp-content\/uploads\/2013\/04\/EqEscolares-00.jpg 464w\" sizes=\"(max-width: 300px) 100vw, 300px\" \/><\/a><\/p>\n<\/div>\n<div class=\"clear\"><\/div>\n<p>&nbsp;<\/p>\n<div class=\"one-half\">\n<p><a href=\"http:\/\/vpm.pt\/web\/wp-content\/uploads\/2013\/04\/HotelariaSaude-00.jpg\"><img loading=\"lazy\" class=\"alignnone size-medium wp-image-1800\" alt=\"HotelariaSaude-00\" src=\"http:\/\/vpm.pt\/web\/wp-content\/uploads\/2013\/04\/HotelariaSaude-00-210x300.jpg\" width=\"210\" height=\"300\" srcset=\"https:\/\/vpm.pt\/web\/wp-content\/uploads\/2013\/04\/HotelariaSaude-00-210x299.jpg 210w, https:\/\/vpm.pt\/web\/wp-content\/uploads\/2013\/04\/HotelariaSaude-00-450x640.jpg 450w, https:\/\/vpm.pt\/web\/wp-content\/uploads\/2013\/04\/HotelariaSaude-00-150x213.jpg 150w, https:\/\/vpm.pt\/web\/wp-content\/uploads\/2013\/04\/HotelariaSaude-00.jpg 474w\" sizes=\"(max-width: 210px) 100vw, 210px\" \/><\/a><\/p>\n<\/div>\n<div class=\"one-half omega\">\n<p><a href=\"http:\/\/vpm.pt\/web\/wp-content\/uploads\/2013\/04\/HotelariaSaude-01.jpg\"><img loading=\"lazy\" class=\"alignnone size-medium wp-image-1801\" alt=\"HotelariaSaude-01\" src=\"http:\/\/vpm.pt\/web\/wp-content\/uploads\/2013\/04\/HotelariaSaude-01-300x106.jpg\" width=\"300\" height=\"106\" srcset=\"https:\/\/vpm.pt\/web\/wp-content\/uploads\/2013\/04\/HotelariaSaude-01-300x106.jpg 300w, https:\/\/vpm.pt\/web\/wp-content\/uploads\/2013\/04\/HotelariaSaude-01-210x74.jpg 210w, https:\/\/vpm.pt\/web\/wp-content\/uploads\/2013\/04\/HotelariaSaude-01-290x103.jpg 290w, https:\/\/vpm.pt\/web\/wp-content\/uploads\/2013\/04\/HotelariaSaude-01-450x160.jpg 450w, https:\/\/vpm.pt\/web\/wp-content\/uploads\/2013\/04\/HotelariaSaude-01-330x117.jpg 330w, https:\/\/vpm.pt\/web\/wp-content\/uploads\/2013\/04\/HotelariaSaude-01-150x53.jpg 150w, https:\/\/vpm.pt\/web\/wp-content\/uploads\/2013\/04\/HotelariaSaude-01.jpg 469w\" sizes=\"(max-width: 300px) 100vw, 300px\" \/><\/a><\/p>\n<\/div>\n<div class=\"clear\"><\/div>\n<p>&nbsp;<\/p>\n<div class=\"one-half\">\n<p><a href=\"http:\/\/vpm.pt\/web\/wp-content\/uploads\/2013\/04\/HopitaisClinicas-00.jpg\"><img loading=\"lazy\" class=\"alignnone size-medium wp-image-1796\" alt=\"HopitaisClinicas-00\" src=\"http:\/\/vpm.pt\/web\/wp-content\/uploads\/2013\/04\/HopitaisClinicas-00-300x118.jpg\" width=\"300\" height=\"118\" srcset=\"https:\/\/vpm.pt\/web\/wp-content\/uploads\/2013\/04\/HopitaisClinicas-00-300x118.jpg 300w, https:\/\/vpm.pt\/web\/wp-content\/uploads\/2013\/04\/HopitaisClinicas-00-210x83.jpg 210w, https:\/\/vpm.pt\/web\/wp-content\/uploads\/2013\/04\/HopitaisClinicas-00-290x114.jpg 290w, https:\/\/vpm.pt\/web\/wp-content\/uploads\/2013\/04\/HopitaisClinicas-00-450x178.jpg 450w, https:\/\/vpm.pt\/web\/wp-content\/uploads\/2013\/04\/HopitaisClinicas-00-330x130.jpg 330w, https:\/\/vpm.pt\/web\/wp-content\/uploads\/2013\/04\/HopitaisClinicas-00-150x59.jpg 150w, https:\/\/vpm.pt\/web\/wp-content\/uploads\/2013\/04\/HopitaisClinicas-00.jpg 475w\" sizes=\"(max-width: 300px) 100vw, 300px\" \/><\/a><\/p>\n<\/div>\n<div class=\"one-half omega\">\n<p><a href=\"http:\/\/vpm.pt\/web\/wp-content\/uploads\/2013\/04\/HopitaisClinicas-01.jpg\"><img loading=\"lazy\" class=\"alignnone size-medium wp-image-1797\" alt=\"HopitaisClinicas-01\" src=\"http:\/\/vpm.pt\/web\/wp-content\/uploads\/2013\/04\/HopitaisClinicas-01-300x112.jpg\" width=\"300\" height=\"112\" srcset=\"https:\/\/vpm.pt\/web\/wp-content\/uploads\/2013\/04\/HopitaisClinicas-01-300x112.jpg 300w, https:\/\/vpm.pt\/web\/wp-content\/uploads\/2013\/04\/HopitaisClinicas-01-210x78.jpg 210w, https:\/\/vpm.pt\/web\/wp-content\/uploads\/2013\/04\/HopitaisClinicas-01-290x108.jpg 290w, https:\/\/vpm.pt\/web\/wp-content\/uploads\/2013\/04\/HopitaisClinicas-01-450x168.jpg 450w, https:\/\/vpm.pt\/web\/wp-content\/uploads\/2013\/04\/HopitaisClinicas-01-330x123.jpg 330w, https:\/\/vpm.pt\/web\/wp-content\/uploads\/2013\/04\/HopitaisClinicas-01-150x56.jpg 150w, https:\/\/vpm.pt\/web\/wp-content\/uploads\/2013\/04\/HopitaisClinicas-01.jpg 477w\" sizes=\"(max-width: 300px) 100vw, 300px\" \/><\/a><\/p>\n<\/div>\n<div class=\"clear\"><\/div>\n<p>&nbsp;<\/p>\n<div class=\"one-half\">\n<p><a href=\"http:\/\/vpm.pt\/web\/wp-content\/uploads\/2013\/04\/HopitaisClinicas-02.jpg\"><img loading=\"lazy\" class=\"alignnone size-medium wp-image-1798\" alt=\"HopitaisClinicas-02\" src=\"http:\/\/vpm.pt\/web\/wp-content\/uploads\/2013\/04\/HopitaisClinicas-02-300x185.jpg\" width=\"300\" height=\"185\" srcset=\"https:\/\/vpm.pt\/web\/wp-content\/uploads\/2013\/04\/HopitaisClinicas-02-300x185.jpg 300w, https:\/\/vpm.pt\/web\/wp-content\/uploads\/2013\/04\/HopitaisClinicas-02-210x129.jpg 210w, https:\/\/vpm.pt\/web\/wp-content\/uploads\/2013\/04\/HopitaisClinicas-02-290x179.jpg 290w, https:\/\/vpm.pt\/web\/wp-content\/uploads\/2013\/04\/HopitaisClinicas-02-450x277.jpg 450w, https:\/\/vpm.pt\/web\/wp-content\/uploads\/2013\/04\/HopitaisClinicas-02-330x203.jpg 330w, https:\/\/vpm.pt\/web\/wp-content\/uploads\/2013\/04\/HopitaisClinicas-02-150x92.jpg 150w, https:\/\/vpm.pt\/web\/wp-content\/uploads\/2013\/04\/HopitaisClinicas-02.jpg 476w\" sizes=\"(max-width: 300px) 100vw, 300px\" \/><\/a><\/p>\n<\/div>\n<div class=\"one-half omega\">\n<p><a href=\"http:\/\/vpm.pt\/web\/wp-content\/uploads\/2013\/04\/HopitaisClinicas-03.jpg\"><img loading=\"lazy\" class=\"alignnone size-medium wp-image-1799\" alt=\"HopitaisClinicas-03\" src=\"http:\/\/vpm.pt\/web\/wp-content\/uploads\/2013\/04\/HopitaisClinicas-03-300x210.jpg\" width=\"300\" height=\"210\" srcset=\"https:\/\/vpm.pt\/web\/wp-content\/uploads\/2013\/04\/HopitaisClinicas-03-300x210.jpg 300w, https:\/\/vpm.pt\/web\/wp-content\/uploads\/2013\/04\/HopitaisClinicas-03-210x147.jpg 210w, https:\/\/vpm.pt\/web\/wp-content\/uploads\/2013\/04\/HopitaisClinicas-03-290x203.jpg 290w, https:\/\/vpm.pt\/web\/wp-content\/uploads\/2013\/04\/HopitaisClinicas-03-450x315.jpg 450w, https:\/\/vpm.pt\/web\/wp-content\/uploads\/2013\/04\/HopitaisClinicas-03-330x231.jpg 330w, https:\/\/vpm.pt\/web\/wp-content\/uploads\/2013\/04\/HopitaisClinicas-03-150x105.jpg 150w, https:\/\/vpm.pt\/web\/wp-content\/uploads\/2013\/04\/HopitaisClinicas-03.jpg 477w\" sizes=\"(max-width: 300px) 100vw, 300px\" \/><\/a><\/p>\n<\/div>\n<div class=\"clear\"><\/div>\n<p>&nbsp;<\/p>\n<div class=\"one-half\">\n<p><a href=\"http:\/\/vpm.pt\/web\/wp-content\/uploads\/2013\/04\/EqComerciaisServico-00.jpg\"><img loading=\"lazy\" class=\"alignnone size-medium wp-image-1806\" alt=\"EqComerciaisServico-00\" src=\"http:\/\/vpm.pt\/web\/wp-content\/uploads\/2013\/04\/EqComerciaisServico-00-300x151.jpg\" width=\"300\" height=\"151\" srcset=\"https:\/\/vpm.pt\/web\/wp-content\/uploads\/2013\/04\/EqComerciaisServico-00-300x151.jpg 300w, https:\/\/vpm.pt\/web\/wp-content\/uploads\/2013\/04\/EqComerciaisServico-00-210x105.jpg 210w, https:\/\/vpm.pt\/web\/wp-content\/uploads\/2013\/04\/EqComerciaisServico-00-290x146.jpg 290w, https:\/\/vpm.pt\/web\/wp-content\/uploads\/2013\/04\/EqComerciaisServico-00-450x226.jpg 450w, https:\/\/vpm.pt\/web\/wp-content\/uploads\/2013\/04\/EqComerciaisServico-00-330x166.jpg 330w, https:\/\/vpm.pt\/web\/wp-content\/uploads\/2013\/04\/EqComerciaisServico-00-150x75.jpg 150w, https:\/\/vpm.pt\/web\/wp-content\/uploads\/2013\/04\/EqComerciaisServico-00.jpg 474w\" sizes=\"(max-width: 300px) 100vw, 300px\" \/><\/a><\/p>\n<\/div>\n<div class=\"one-half omega\">\n<p><a href=\"http:\/\/vpm.pt\/web\/wp-content\/uploads\/2013\/04\/EqComerciaisServico-01.jpg\"><img loading=\"lazy\" class=\"alignnone size-medium wp-image-1807\" alt=\"EqComerciaisServico-01\" src=\"http:\/\/vpm.pt\/web\/wp-content\/uploads\/2013\/04\/EqComerciaisServico-01-300x263.jpg\" width=\"300\" height=\"263\" srcset=\"https:\/\/vpm.pt\/web\/wp-content\/uploads\/2013\/04\/EqComerciaisServico-01-300x263.jpg 300w, https:\/\/vpm.pt\/web\/wp-content\/uploads\/2013\/04\/EqComerciaisServico-01-210x184.jpg 210w, https:\/\/vpm.pt\/web\/wp-content\/uploads\/2013\/04\/EqComerciaisServico-01-290x254.jpg 290w, https:\/\/vpm.pt\/web\/wp-content\/uploads\/2013\/04\/EqComerciaisServico-01-450x395.jpg 450w, https:\/\/vpm.pt\/web\/wp-content\/uploads\/2013\/04\/EqComerciaisServico-01-330x290.jpg 330w, https:\/\/vpm.pt\/web\/wp-content\/uploads\/2013\/04\/EqComerciaisServico-01-150x131.jpg 150w, https:\/\/vpm.pt\/web\/wp-content\/uploads\/2013\/04\/EqComerciaisServico-01.jpg 472w\" sizes=\"(max-width: 300px) 100vw, 300px\" \/><\/a><\/p>\n<\/div>\n<div class=\"clear\"><\/div>\n<p>&nbsp;<\/p>\n<div class=\"one-half\">\n<p><a href=\"http:\/\/vpm.pt\/web\/wp-content\/uploads\/2013\/04\/ComplexosResidenciais-00.jpg\"><img loading=\"lazy\" class=\"alignnone size-medium wp-image-1803\" alt=\"ComplexosResidenciais-00\" src=\"http:\/\/vpm.pt\/web\/wp-content\/uploads\/2013\/04\/ComplexosResidenciais-00-261x300.jpg\" width=\"261\" height=\"300\" srcset=\"https:\/\/vpm.pt\/web\/wp-content\/uploads\/2013\/04\/ComplexosResidenciais-00-261x300.jpg 261w, https:\/\/vpm.pt\/web\/wp-content\/uploads\/2013\/04\/ComplexosResidenciais-00-210x241.jpg 210w, https:\/\/vpm.pt\/web\/wp-content\/uploads\/2013\/04\/ComplexosResidenciais-00-290x332.jpg 290w, https:\/\/vpm.pt\/web\/wp-content\/uploads\/2013\/04\/ComplexosResidenciais-00-450x516.jpg 450w, https:\/\/vpm.pt\/web\/wp-content\/uploads\/2013\/04\/ComplexosResidenciais-00-330x378.jpg 330w, https:\/\/vpm.pt\/web\/wp-content\/uploads\/2013\/04\/ComplexosResidenciais-00-150x172.jpg 150w, https:\/\/vpm.pt\/web\/wp-content\/uploads\/2013\/04\/ComplexosResidenciais-00.jpg 467w\" sizes=\"(max-width: 261px) 100vw, 261px\" \/><\/a><\/p>\n<\/div>\n<div class=\"one-half omega\">\n<p><a href=\"http:\/\/vpm.pt\/web\/wp-content\/uploads\/2013\/04\/ComplexosResidenciais-01.jpg\"><img loading=\"lazy\" class=\"alignnone size-medium wp-image-1804\" alt=\"ComplexosResidenciais-01\" src=\"http:\/\/vpm.pt\/web\/wp-content\/uploads\/2013\/04\/ComplexosResidenciais-01-300x146.jpg\" width=\"300\" height=\"146\" srcset=\"https:\/\/vpm.pt\/web\/wp-content\/uploads\/2013\/04\/ComplexosResidenciais-01-300x146.jpg 300w, https:\/\/vpm.pt\/web\/wp-content\/uploads\/2013\/04\/ComplexosResidenciais-01-210x102.jpg 210w, https:\/\/vpm.pt\/web\/wp-content\/uploads\/2013\/04\/ComplexosResidenciais-01-290x142.jpg 290w, https:\/\/vpm.pt\/web\/wp-content\/uploads\/2013\/04\/ComplexosResidenciais-01-330x161.jpg 330w, https:\/\/vpm.pt\/web\/wp-content\/uploads\/2013\/04\/ComplexosResidenciais-01-150x73.jpg 150w, https:\/\/vpm.pt\/web\/wp-content\/uploads\/2013\/04\/ComplexosResidenciais-01.jpg 449w\" sizes=\"(max-width: 300px) 100vw, 300px\" \/><\/a><\/p>\n<\/div>\n<div class=\"clear\"><\/div>\n<p>&nbsp;<\/p>\n<p><a href=\"http:\/\/vpm.pt\/web\/wp-content\/uploads\/2013\/04\/ComplexosResidenciais-02.jpg\"><img loading=\"lazy\" class=\"alignnone size-medium wp-image-1805\" alt=\"ComplexosResidenciais-02\" src=\"http:\/\/vpm.pt\/web\/wp-content\/uploads\/2013\/04\/ComplexosResidenciais-02-300x264.jpg\" width=\"300\" height=\"264\" srcset=\"https:\/\/vpm.pt\/web\/wp-content\/uploads\/2013\/04\/ComplexosResidenciais-02-300x264.jpg 300w, https:\/\/vpm.pt\/web\/wp-content\/uploads\/2013\/04\/ComplexosResidenciais-02-210x185.jpg 210w, https:\/\/vpm.pt\/web\/wp-content\/uploads\/2013\/04\/ComplexosResidenciais-02-290x255.jpg 290w, https:\/\/vpm.pt\/web\/wp-content\/uploads\/2013\/04\/ComplexosResidenciais-02-450x396.jpg 450w, https:\/\/vpm.pt\/web\/wp-content\/uploads\/2013\/04\/ComplexosResidenciais-02-330x290.jpg 330w, https:\/\/vpm.pt\/web\/wp-content\/uploads\/2013\/04\/ComplexosResidenciais-02-150x132.jpg 150w, https:\/\/vpm.pt\/web\/wp-content\/uploads\/2013\/04\/ComplexosResidenciais-02.jpg 471w\" sizes=\"(max-width: 300px) 100vw, 300px\" \/><\/a><\/p>\n","protected":false},"excerpt":{"rendered":"<p>&nbsp; &nbsp; &nbsp; &nbsp; &nbsp; &nbsp;<\/p>\n","protected":false},"author":2,"featured_media":0,"parent":0,"menu_order":0,"comment_status":"closed","ping_status":"closed","template":"","meta":[],"yoast_head":"<!-- This site is optimized with the Yoast SEO plugin v19.0 - https:\/\/yoast.com\/wordpress\/plugins\/seo\/ -->\n<title>Portf\u00f3lio - VPM<\/title>\n<meta name=\"robots\" content=\"index, follow, max-snippet:-1, max-image-preview:large, max-video-preview:-1\" \/>\n<link rel=\"canonical\" href=\"https:\/\/vpm.pt\/web\/pt\/portfolio\/\" \/>\n<meta property=\"og:locale\" content=\"pt_PT\" \/>\n<meta property=\"og:type\" content=\"article\" \/>\n<meta property=\"og:title\" content=\"Portf\u00f3lio - VPM\" \/>\n<meta property=\"og:description\" content=\"&nbsp; &nbsp; &nbsp; &nbsp; &nbsp; &nbsp;\" \/>\n<meta property=\"og:url\" content=\"https:\/\/vpm.pt\/web\/pt\/portfolio\/\" \/>\n<meta property=\"og:site_name\" content=\"VPM\" \/>\n<meta property=\"article:publisher\" content=\"https:\/\/www.facebook.com\/VPMAvaliacao\/\" \/>\n<meta property=\"article:modified_time\" content=\"2013-04-14T18:22:25+00:00\" \/>\n<meta property=\"og:image\" content=\"http:\/\/vpm.pt\/web\/wp-content\/uploads\/2013\/04\/EqCulturais-00-300x212.jpg\" \/>\n<script type=\"application\/ld+json\" class=\"yoast-schema-graph\">{\"@context\":\"https:\/\/schema.org\",\"@graph\":[{\"@type\":\"WebSite\",\"@id\":\"https:\/\/vpm.pt\/web\/#website\",\"url\":\"https:\/\/vpm.pt\/web\/\",\"name\":\"VPM\",\"description\":\"A VPM \u2013 Avalia\u00e7\u00e3o e Engenharia \u00e9 uma empresa vocacionada para a presta\u00e7\u00e3o de servi\u00e7os nos sectores da Constru\u00e7\u00e3o e Imobili\u00e1rio\",\"potentialAction\":[{\"@type\":\"SearchAction\",\"target\":{\"@type\":\"EntryPoint\",\"urlTemplate\":\"https:\/\/vpm.pt\/web\/?s={search_term_string}\"},\"query-input\":\"required name=search_term_string\"}],\"inLanguage\":\"pt-PT\"},{\"@type\":\"ImageObject\",\"inLanguage\":\"pt-PT\",\"@id\":\"https:\/\/vpm.pt\/web\/pt\/portfolio\/#primaryimage\",\"url\":\"https:\/\/vpm.pt\/web\/wp-content\/uploads\/2013\/04\/EqCulturais-00.jpg\",\"contentUrl\":\"https:\/\/vpm.pt\/web\/wp-content\/uploads\/2013\/04\/EqCulturais-00.jpg\",\"width\":471,\"height\":334},{\"@type\":\"WebPage\",\"@id\":\"https:\/\/vpm.pt\/web\/pt\/portfolio\/#webpage\",\"url\":\"https:\/\/vpm.pt\/web\/pt\/portfolio\/\",\"name\":\"Portf\u00f3lio - VPM\",\"isPartOf\":{\"@id\":\"https:\/\/vpm.pt\/web\/#website\"},\"primaryImageOfPage\":{\"@id\":\"https:\/\/vpm.pt\/web\/pt\/portfolio\/#primaryimage\"},\"datePublished\":\"2013-04-05T17:16:40+00:00\",\"dateModified\":\"2013-04-14T18:22:25+00:00\",\"breadcrumb\":{\"@id\":\"https:\/\/vpm.pt\/web\/pt\/portfolio\/#breadcrumb\"},\"inLanguage\":\"pt-PT\",\"potentialAction\":[{\"@type\":\"ReadAction\",\"target\":[\"https:\/\/vpm.pt\/web\/pt\/portfolio\/\"]}]},{\"@type\":\"BreadcrumbList\",\"@id\":\"https:\/\/vpm.pt\/web\/pt\/portfolio\/#breadcrumb\",\"itemListElement\":[{\"@type\":\"ListItem\",\"position\":1,\"name\":\"Home\",\"item\":\"https:\/\/vpm.pt\/web\/pt\/inicio\/\"},{\"@type\":\"ListItem\",\"position\":2,\"name\":\"Portf\u00f3lio\"}]}]}<\/script>\n<!-- \/ Yoast SEO plugin. -->","yoast_head_json":{"title":"Portf\u00f3lio - VPM","robots":{"index":"index","follow":"follow","max-snippet":"max-snippet:-1","max-image-preview":"max-image-preview:large","max-video-preview":"max-video-preview:-1"},"canonical":"https:\/\/vpm.pt\/web\/pt\/portfolio\/","og_locale":"pt_PT","og_type":"article","og_title":"Portf\u00f3lio - VPM","og_description":"&nbsp; &nbsp; &nbsp; &nbsp; &nbsp; &nbsp;","og_url":"https:\/\/vpm.pt\/web\/pt\/portfolio\/","og_site_name":"VPM","article_publisher":"https:\/\/www.facebook.com\/VPMAvaliacao\/","article_modified_time":"2013-04-14T18:22:25+00:00","og_image":[{"url":"http:\/\/vpm.pt\/web\/wp-content\/uploads\/2013\/04\/EqCulturais-00-300x212.jpg"}],"schema":{"@context":"https:\/\/schema.org","@graph":[{"@type":"WebSite","@id":"https:\/\/vpm.pt\/web\/#website","url":"https:\/\/vpm.pt\/web\/","name":"VPM","description":"A VPM \u2013 Avalia\u00e7\u00e3o e Engenharia \u00e9 uma empresa vocacionada para a presta\u00e7\u00e3o de servi\u00e7os nos sectores da Constru\u00e7\u00e3o e Imobili\u00e1rio","potentialAction":[{"@type":"SearchAction","target":{"@type":"EntryPoint","urlTemplate":"https:\/\/vpm.pt\/web\/?s={search_term_string}"},"query-input":"required name=search_term_string"}],"inLanguage":"pt-PT"},{"@type":"ImageObject","inLanguage":"pt-PT","@id":"https:\/\/vpm.pt\/web\/pt\/portfolio\/#primaryimage","url":"https:\/\/vpm.pt\/web\/wp-content\/uploads\/2013\/04\/EqCulturais-00.jpg","contentUrl":"https:\/\/vpm.pt\/web\/wp-content\/uploads\/2013\/04\/EqCulturais-00.jpg","width":471,"height":334},{"@type":"WebPage","@id":"https:\/\/vpm.pt\/web\/pt\/portfolio\/#webpage","url":"https:\/\/vpm.pt\/web\/pt\/portfolio\/","name":"Portf\u00f3lio - VPM","isPartOf":{"@id":"https:\/\/vpm.pt\/web\/#website"},"primaryImageOfPage":{"@id":"https:\/\/vpm.pt\/web\/pt\/portfolio\/#primaryimage"},"datePublished":"2013-04-05T17:16:40+00:00","dateModified":"2013-04-14T18:22:25+00:00","breadcrumb":{"@id":"https:\/\/vpm.pt\/web\/pt\/portfolio\/#breadcrumb"},"inLanguage":"pt-PT","potentialAction":[{"@type":"ReadAction","target":["https:\/\/vpm.pt\/web\/pt\/portfolio\/"]}]},{"@type":"BreadcrumbList","@id":"https:\/\/vpm.pt\/web\/pt\/portfolio\/#breadcrumb","itemListElement":[{"@type":"ListItem","position":1,"name":"Home","item":"https:\/\/vpm.pt\/web\/pt\/inicio\/"},{"@type":"ListItem","position":2,"name":"Portf\u00f3lio"}]}]}},"_links":{"self":[{"href":"https:\/\/vpm.pt\/web\/wp-json\/wp\/v2\/pages\/1661"}],"collection":[{"href":"https:\/\/vpm.pt\/web\/wp-json\/wp\/v2\/pages"}],"about":[{"href":"https:\/\/vpm.pt\/web\/wp-json\/wp\/v2\/types\/page"}],"author":[{"embeddable":true,"href":"https:\/\/vpm.pt\/web\/wp-json\/wp\/v2\/users\/2"}],"replies":[{"embeddable":true,"href":"https:\/\/vpm.pt\/web\/wp-json\/wp\/v2\/comments?post=1661"}],"version-history":[{"count":22,"href":"https:\/\/vpm.pt\/web\/wp-json\/wp\/v2\/pages\/1661\/revisions"}],"predecessor-version":[{"id":1673,"href":"https:\/\/vpm.pt\/web\/wp-json\/wp\/v2\/pages\/1661\/revisions\/1673"}],"wp:attachment":[{"href":"https:\/\/vpm.pt\/web\/wp-json\/wp\/v2\/media?parent=1661"}],"curies":[{"name":"wp","href":"https:\/\/api.w.org\/{rel}","templated":true}]}}