{"id":1703,"date":"2013-04-08T16:49:17","date_gmt":"2013-04-08T16:49:17","guid":{"rendered":"http:\/\/vpm.pt\/web\/?page_id=1703"},"modified":"2015-05-21T09:36:24","modified_gmt":"2015-05-21T09:36:24","slug":"angola-2","status":"publish","type":"page","link":"https:\/\/vpm.pt\/web\/pt\/angola-2\/","title":{"rendered":"Angola"},"content":{"rendered":"<p>As nossas \u00e1reas de atua\u00e7\u00e3o em Angola s\u00e3o as seguintes:<\/p>\n<p>\u2022Execu\u00e7\u00e3o de projetos de arquitetura e engenharia;<br \/>\n\u2022Gest\u00e3o e fiscaliza\u00e7\u00e3o de obras;<br \/>\n\u2022Promo\u00e7\u00e3o de empreendimentos imobili\u00e1rios;<br \/>\n\u2022Avalia\u00e7\u00e3o de im\u00f3veis.<\/p>\n<p>A empresa tem como principais clientes o governo, investidores e promotores imobili\u00e1rios, institui\u00e7\u00f5es banc\u00e1rias, empres\u00e1rios e particulares.<\/p>\n<p><a href=\"http:\/\/vpm.pt\/web\/wp-content\/uploads\/2013\/04\/Angola-2.jpg\"><img loading=\"lazy\" class=\"alignnone size-medium wp-image-1714\" src=\"http:\/\/vpm.pt\/web\/wp-content\/uploads\/2013\/04\/Angola-2-300x167.jpg\" alt=\"Angola 2\" width=\"300\" height=\"167\" srcset=\"https:\/\/vpm.pt\/web\/wp-content\/uploads\/2013\/04\/Angola-2-300x167.jpg 300w, https:\/\/vpm.pt\/web\/wp-content\/uploads\/2013\/04\/Angola-2-210x117.jpg 210w, https:\/\/vpm.pt\/web\/wp-content\/uploads\/2013\/04\/Angola-2-290x162.jpg 290w, https:\/\/vpm.pt\/web\/wp-content\/uploads\/2013\/04\/Angola-2-450x251.jpg 450w, https:\/\/vpm.pt\/web\/wp-content\/uploads\/2013\/04\/Angola-2-610x341.jpg 610w, https:\/\/vpm.pt\/web\/wp-content\/uploads\/2013\/04\/Angola-2-690x385.jpg 690w, https:\/\/vpm.pt\/web\/wp-content\/uploads\/2013\/04\/Angola-2-330x184.jpg 330w, https:\/\/vpm.pt\/web\/wp-content\/uploads\/2013\/04\/Angola-2-150x83.jpg 150w, https:\/\/vpm.pt\/web\/wp-content\/uploads\/2013\/04\/Angola-2-510x285.jpg 510w, https:\/\/vpm.pt\/web\/wp-content\/uploads\/2013\/04\/Angola-2.jpg 701w\" sizes=\"(max-width: 300px) 100vw, 300px\" \/><\/a><\/p>\n<p><a href=\"http:\/\/vpm.pt\/web\/wp-content\/uploads\/2013\/04\/Angola-1.jpg\"><img loading=\"lazy\" class=\"alignnone size-medium wp-image-1713\" src=\"http:\/\/vpm.pt\/web\/wp-content\/uploads\/2013\/04\/Angola-1-300x167.jpg\" alt=\"Angola 1\" width=\"300\" height=\"167\" srcset=\"https:\/\/vpm.pt\/web\/wp-content\/uploads\/2013\/04\/Angola-1-300x167.jpg 300w, https:\/\/vpm.pt\/web\/wp-content\/uploads\/2013\/04\/Angola-1-210x117.jpg 210w, https:\/\/vpm.pt\/web\/wp-content\/uploads\/2013\/04\/Angola-1-290x162.jpg 290w, https:\/\/vpm.pt\/web\/wp-content\/uploads\/2013\/04\/Angola-1-450x251.jpg 450w, https:\/\/vpm.pt\/web\/wp-content\/uploads\/2013\/04\/Angola-1-610x341.jpg 610w, https:\/\/vpm.pt\/web\/wp-content\/uploads\/2013\/04\/Angola-1-690x385.jpg 690w, https:\/\/vpm.pt\/web\/wp-content\/uploads\/2013\/04\/Angola-1-330x184.jpg 330w, https:\/\/vpm.pt\/web\/wp-content\/uploads\/2013\/04\/Angola-1-150x83.jpg 150w, https:\/\/vpm.pt\/web\/wp-content\/uploads\/2013\/04\/Angola-1-510x285.jpg 510w, https:\/\/vpm.pt\/web\/wp-content\/uploads\/2013\/04\/Angola-1.jpg 703w\" sizes=\"(max-width: 300px) 100vw, 300px\" \/><\/a><\/p>\n","protected":false},"excerpt":{"rendered":"<p>As nossas \u00e1reas de atua\u00e7\u00e3o em Angola s\u00e3o as seguintes: \u2022Execu\u00e7\u00e3o de projetos de arquitetura e engenharia; \u2022Gest\u00e3o e fiscaliza\u00e7\u00e3o de obras; \u2022Promo\u00e7\u00e3o de empreendimentos imobili\u00e1rios; \u2022Avalia\u00e7\u00e3o de im\u00f3veis. A empresa tem como principais clientes o governo, investidores e promotores imobili\u00e1rios, institui\u00e7\u00f5es banc\u00e1rias, empres\u00e1rios e particulares.<\/p>\n","protected":false},"author":2,"featured_media":0,"parent":0,"menu_order":0,"comment_status":"closed","ping_status":"closed","template":"","meta":[],"yoast_head":"<!-- This site is optimized with the Yoast SEO plugin v19.0 - https:\/\/yoast.com\/wordpress\/plugins\/seo\/ -->\n<title>Angola - VPM<\/title>\n<meta name=\"robots\" content=\"index, follow, max-snippet:-1, max-image-preview:large, max-video-preview:-1\" \/>\n<link rel=\"canonical\" href=\"https:\/\/vpm.pt\/web\/pt\/angola-2\/\" \/>\n<meta property=\"og:locale\" content=\"pt_PT\" \/>\n<meta property=\"og:type\" content=\"article\" \/>\n<meta property=\"og:title\" content=\"Angola - VPM\" \/>\n<meta property=\"og:description\" content=\"As nossas \u00e1reas de atua\u00e7\u00e3o em Angola s\u00e3o as seguintes: \u2022Execu\u00e7\u00e3o de projetos de arquitetura e engenharia; \u2022Gest\u00e3o e fiscaliza\u00e7\u00e3o de obras; \u2022Promo\u00e7\u00e3o de empreendimentos imobili\u00e1rios; \u2022Avalia\u00e7\u00e3o de im\u00f3veis. A empresa tem como principais clientes o governo, investidores e promotores imobili\u00e1rios, institui\u00e7\u00f5es banc\u00e1rias, empres\u00e1rios e particulares.\" \/>\n<meta property=\"og:url\" content=\"https:\/\/vpm.pt\/web\/pt\/angola-2\/\" \/>\n<meta property=\"og:site_name\" content=\"VPM\" \/>\n<meta property=\"article:publisher\" content=\"https:\/\/www.facebook.com\/VPMAvaliacao\/\" \/>\n<meta property=\"article:modified_time\" content=\"2015-05-21T09:36:24+00:00\" \/>\n<meta property=\"og:image\" content=\"http:\/\/vpm.pt\/web\/wp-content\/uploads\/2013\/04\/Angola-2-300x167.jpg\" \/>\n<script type=\"application\/ld+json\" class=\"yoast-schema-graph\">{\"@context\":\"https:\/\/schema.org\",\"@graph\":[{\"@type\":\"WebSite\",\"@id\":\"https:\/\/vpm.pt\/web\/#website\",\"url\":\"https:\/\/vpm.pt\/web\/\",\"name\":\"VPM\",\"description\":\"A VPM \u2013 Avalia\u00e7\u00e3o e Engenharia \u00e9 uma empresa vocacionada para a presta\u00e7\u00e3o de servi\u00e7os nos sectores da Constru\u00e7\u00e3o e Imobili\u00e1rio\",\"potentialAction\":[{\"@type\":\"SearchAction\",\"target\":{\"@type\":\"EntryPoint\",\"urlTemplate\":\"https:\/\/vpm.pt\/web\/?s={search_term_string}\"},\"query-input\":\"required name=search_term_string\"}],\"inLanguage\":\"pt-PT\"},{\"@type\":\"ImageObject\",\"inLanguage\":\"pt-PT\",\"@id\":\"https:\/\/vpm.pt\/web\/pt\/angola-2\/#primaryimage\",\"url\":\"https:\/\/vpm.pt\/web\/wp-content\/uploads\/2013\/04\/Angola-2.jpg\",\"contentUrl\":\"https:\/\/vpm.pt\/web\/wp-content\/uploads\/2013\/04\/Angola-2.jpg\",\"width\":701,\"height\":392},{\"@type\":\"WebPage\",\"@id\":\"https:\/\/vpm.pt\/web\/pt\/angola-2\/#webpage\",\"url\":\"https:\/\/vpm.pt\/web\/pt\/angola-2\/\",\"name\":\"Angola - VPM\",\"isPartOf\":{\"@id\":\"https:\/\/vpm.pt\/web\/#website\"},\"primaryImageOfPage\":{\"@id\":\"https:\/\/vpm.pt\/web\/pt\/angola-2\/#primaryimage\"},\"datePublished\":\"2013-04-08T16:49:17+00:00\",\"dateModified\":\"2015-05-21T09:36:24+00:00\",\"breadcrumb\":{\"@id\":\"https:\/\/vpm.pt\/web\/pt\/angola-2\/#breadcrumb\"},\"inLanguage\":\"pt-PT\",\"potentialAction\":[{\"@type\":\"ReadAction\",\"target\":[\"https:\/\/vpm.pt\/web\/pt\/angola-2\/\"]}]},{\"@type\":\"BreadcrumbList\",\"@id\":\"https:\/\/vpm.pt\/web\/pt\/angola-2\/#breadcrumb\",\"itemListElement\":[{\"@type\":\"ListItem\",\"position\":1,\"name\":\"Home\",\"item\":\"https:\/\/vpm.pt\/web\/pt\/inicio\/\"},{\"@type\":\"ListItem\",\"position\":2,\"name\":\"Angola\"}]}]}<\/script>\n<!-- \/ Yoast SEO plugin. -->","yoast_head_json":{"title":"Angola - VPM","robots":{"index":"index","follow":"follow","max-snippet":"max-snippet:-1","max-image-preview":"max-image-preview:large","max-video-preview":"max-video-preview:-1"},"canonical":"https:\/\/vpm.pt\/web\/pt\/angola-2\/","og_locale":"pt_PT","og_type":"article","og_title":"Angola - VPM","og_description":"As nossas \u00e1reas de atua\u00e7\u00e3o em Angola s\u00e3o as seguintes: \u2022Execu\u00e7\u00e3o de projetos de arquitetura e engenharia; \u2022Gest\u00e3o e fiscaliza\u00e7\u00e3o de obras; \u2022Promo\u00e7\u00e3o de empreendimentos imobili\u00e1rios; \u2022Avalia\u00e7\u00e3o de im\u00f3veis. A empresa tem como principais clientes o governo, investidores e promotores imobili\u00e1rios, institui\u00e7\u00f5es banc\u00e1rias, empres\u00e1rios e particulares.","og_url":"https:\/\/vpm.pt\/web\/pt\/angola-2\/","og_site_name":"VPM","article_publisher":"https:\/\/www.facebook.com\/VPMAvaliacao\/","article_modified_time":"2015-05-21T09:36:24+00:00","og_image":[{"url":"http:\/\/vpm.pt\/web\/wp-content\/uploads\/2013\/04\/Angola-2-300x167.jpg"}],"schema":{"@context":"https:\/\/schema.org","@graph":[{"@type":"WebSite","@id":"https:\/\/vpm.pt\/web\/#website","url":"https:\/\/vpm.pt\/web\/","name":"VPM","description":"A VPM \u2013 Avalia\u00e7\u00e3o e Engenharia \u00e9 uma empresa vocacionada para a presta\u00e7\u00e3o de servi\u00e7os nos sectores da Constru\u00e7\u00e3o e Imobili\u00e1rio","potentialAction":[{"@type":"SearchAction","target":{"@type":"EntryPoint","urlTemplate":"https:\/\/vpm.pt\/web\/?s={search_term_string}"},"query-input":"required name=search_term_string"}],"inLanguage":"pt-PT"},{"@type":"ImageObject","inLanguage":"pt-PT","@id":"https:\/\/vpm.pt\/web\/pt\/angola-2\/#primaryimage","url":"https:\/\/vpm.pt\/web\/wp-content\/uploads\/2013\/04\/Angola-2.jpg","contentUrl":"https:\/\/vpm.pt\/web\/wp-content\/uploads\/2013\/04\/Angola-2.jpg","width":701,"height":392},{"@type":"WebPage","@id":"https:\/\/vpm.pt\/web\/pt\/angola-2\/#webpage","url":"https:\/\/vpm.pt\/web\/pt\/angola-2\/","name":"Angola - VPM","isPartOf":{"@id":"https:\/\/vpm.pt\/web\/#website"},"primaryImageOfPage":{"@id":"https:\/\/vpm.pt\/web\/pt\/angola-2\/#primaryimage"},"datePublished":"2013-04-08T16:49:17+00:00","dateModified":"2015-05-21T09:36:24+00:00","breadcrumb":{"@id":"https:\/\/vpm.pt\/web\/pt\/angola-2\/#breadcrumb"},"inLanguage":"pt-PT","potentialAction":[{"@type":"ReadAction","target":["https:\/\/vpm.pt\/web\/pt\/angola-2\/"]}]},{"@type":"BreadcrumbList","@id":"https:\/\/vpm.pt\/web\/pt\/angola-2\/#breadcrumb","itemListElement":[{"@type":"ListItem","position":1,"name":"Home","item":"https:\/\/vpm.pt\/web\/pt\/inicio\/"},{"@type":"ListItem","position":2,"name":"Angola"}]}]}},"_links":{"self":[{"href":"https:\/\/vpm.pt\/web\/wp-json\/wp\/v2\/pages\/1703"}],"collection":[{"href":"https:\/\/vpm.pt\/web\/wp-json\/wp\/v2\/pages"}],"about":[{"href":"https:\/\/vpm.pt\/web\/wp-json\/wp\/v2\/types\/page"}],"author":[{"embeddable":true,"href":"https:\/\/vpm.pt\/web\/wp-json\/wp\/v2\/users\/2"}],"replies":[{"embeddable":true,"href":"https:\/\/vpm.pt\/web\/wp-json\/wp\/v2\/comments?post=1703"}],"version-history":[{"count":9,"href":"https:\/\/vpm.pt\/web\/wp-json\/wp\/v2\/pages\/1703\/revisions"}],"predecessor-version":[{"id":2013,"href":"https:\/\/vpm.pt\/web\/wp-json\/wp\/v2\/pages\/1703\/revisions\/2013"}],"wp:attachment":[{"href":"https:\/\/vpm.pt\/web\/wp-json\/wp\/v2\/media?parent=1703"}],"curies":[{"name":"wp","href":"https:\/\/api.w.org\/{rel}","templated":true}]}}