{"id":19348,"date":"2022-07-18T14:31:05","date_gmt":"2022-07-18T14:31:05","guid":{"rendered":"http:\/\/vpm.pt\/web\/?page_id=19348"},"modified":"2022-07-27T17:51:10","modified_gmt":"2022-07-27T17:51:10","slug":"investimento-imobiliario","status":"publish","type":"page","link":"https:\/\/vpm.pt\/web\/pt\/investimento-imobiliario\/","title":{"rendered":"Investimento Imobili\u00e1rio"},"content":{"rendered":"<p><em>Na \u00e1rea do investimento imobili\u00e1rio, temos como objetivo principal rentabilizar ao m\u00e1ximo o capital dos nossos clientes com retornos anuais que podem variar entre os 4% e os 12%.<\/em><\/p>\n<p><em>Trabalhamos para investidores nacionais e internacionais e apoiamos todas as fases do investimento.<\/em><\/p>\n<p><em>Procuramos gerar retornos ajustados ao risco acima da m\u00e9dia atrav\u00e9s de uma abordagem rigorosa, proativa e multidisciplinar, gra\u00e7as a uma equipa de profissionais nas \u00e1reas de investimentos, gest\u00e3o operacional, gest\u00e3o comercial, arquitetura, engenharia e gest\u00e3o de obra. Isto permite-nos acrescentar valor, desde os ativos mais core aos mais complexos.<\/em><\/p>\n<p><em>Estamos focados em maximizar valor para o cliente e procuramos desenvolver rela\u00e7\u00f5es duradouras e de confian\u00e7a atrav\u00e9s de um forte alinhamento de interesses e da partilha de princ\u00edpios \u00e9ticos e de responsabilidade social. Acreditamos e demonstramos, diariamente, que \u00e9 poss\u00edvel proporcionar os maiores retornos e deixar uma marca positiva nas cidades para os seus ocupantes.<\/em><\/p>\n<p><em>Atuamos em todo o espetro do mercado imobili\u00e1rio e realizamos a gest\u00e3o de investimentos imobili\u00e1rios diretos, com diferentes perfis de risco. Gerimos carteiras de produto acabado nos setores de escrit\u00f3rios, residencial, log\u00edstica, retalho e opera\u00e7\u00e3o tur\u00edstica. E desenvolvemos tamb\u00e9m projetos de promo\u00e7\u00e3o, desde a sua aquisi\u00e7\u00e3o, conce\u00e7\u00e3o, constru\u00e7\u00e3o e comercializa\u00e7\u00e3o.<\/em><\/p>\n<h2><strong><em>Miss\u00e3o<\/em><\/strong><\/h2>\n<p><em>A VPM Real Estate, tem como miss\u00e3o, criar e participar em produtos imobili\u00e1rios com destaque para as vertentes mais importantes para quem est\u00e1 no mercado imobili\u00e1rio: Localiza\u00e7\u00e3o, Qualidade, Credibilidade e Pre\u00e7o. Os clientes que nos acompanham habituaram-se \u00e0s nossas refer\u00eancias e sabemos que estes s\u00e3o os caminhos a seguir para que seja alcan\u00e7ado o sucesso.<\/em><\/p>\n<h2><strong><em>Fun\u00e7\u00f5es:<\/em><\/strong><\/h2>\n<p><em>Estamos direcionados para o segmento m\u00e9dio alto. Diferenciamo-nos pela qualidade, seguran\u00e7a e confian\u00e7a, fatores essenciais para quem quer estar neste mercado.<\/em><\/p>\n<p><em>Defini\u00e7\u00e3o das estrat\u00e9gias de Marketing e Publicidade para comercializa\u00e7\u00e3o dos Empreendimentos nas v\u00e1rias vertentes:<\/em><\/p>\n<ul>\n<li><em>Residencial;<\/em><\/li>\n<li><em>Retail;<\/em><\/li>\n<li><em>Log\u00edstica;<\/em><\/li>\n<li><em>Escrit\u00f3rios;<\/em><\/li>\n<li><em>Hotelaria;<\/em><\/li>\n<li><em>Reabilita\u00e7\u00e3o urbana.<\/em><\/li>\n<\/ul>\n<p><em>Gest\u00e3o e acompanhamento dos clientes diretos e das empresas de media\u00e7\u00e3o imobili\u00e1ria locais.<\/em><\/p>\n<p><em>Acompanhamento jur\u00eddico e fecho dos neg\u00f3cios, gest\u00e3o dos recebimentos e pagamentos.<\/em><\/p>\n<p><em>Divulga\u00e7\u00e3o na \u00e1rea internacional, (investidores, fundos de investimento estrangeiro)<\/em><\/p>\n<p><em>Prepara\u00e7\u00e3o da documenta\u00e7\u00e3o e presen\u00e7a nas escrituras de compra e venda.<\/em><\/p>\n<p><em>Elabora\u00e7\u00e3o e apresenta\u00e7\u00e3o de planos de a\u00e7\u00e3o.<\/em><\/p>\n<\/p>\n<p class=\"has-text-align-center\"><strong>PORTFOLIO VPM<\/strong><\/p>\n<div class=\"one-third\">\n<h4><a title=\"S\u00e3o Vitor I\" href=\"http:\/\/vpm.pt\/web\/pt\/sao-vitor-i-2\/\"><strong>S\u00e3o Vitor I<\/strong><\/a><\/h4>\n<\/div>\n<div class=\"one-third\">\n<h4><strong><a title=\"S\u00e3o Vitor II\" href=\"http:\/\/vpm.pt\/web\/pt\/sao-vitor-ii-2\/&quot;\">S\u00e3o Vitor II<\/a><\/strong><\/h4>\n<\/div>\n<div class=\"one-third omega\">\n<h4><strong><a title=\"Rua de Brito Copelo\" href=\"http:\/\/vpm.pt\/web\/pt\/rua-de-brito-copelo\/\">Rua de Brito Copelo<\/a><\/strong><\/h4>\n<h4>\n<\/div>\n<div class=\"clear\"><\/div>\n<\/h4>\n<div class=\"one-third\">\n<p>\n<a href=\"http:\/\/vpm.pt\/web\/wp-content\/uploads\/2022\/07\/Sao-Vitor-I.jpg\"><img loading=\"lazy\" class=\"alignnone size-medium wp-image-1712\" src=\"http:\/\/vpm.pt\/web\/wp-content\/uploads\/2022\/07\/Sao-Vitor-I.jpg\" alt=\"\" width=\"300\" height=\"224\" style=\"height: 250px;width: 300px;\"><\/a><\/p>\n<\/div>\n<div class=\"one-third\">\n<p>\n<a href=\"http:\/\/vpm.pt\/web\/wp-content\/uploads\/2022\/07\/Sao-Vitor-II.jpg\"><img loading=\"lazy\" src=\"http:\/\/vpm.pt\/web\/wp-content\/uploads\/2022\/07\/Sao-Vitor-II.jpg\" alt=\"\" width=\"300\" height=\"225\" style=\"height: 250px;width: 300px;\"><\/a> <\/p>\n<\/div>\n<div class=\"one-third omega\">\n<p>\n<a href=\"http:\/\/vpm.pt\/web\/wp-content\/uploads\/2022\/07\/Rua-de-Brito-Capelo-1-scaled.jpg\"><img loading=\"lazy\" class=\"alignnone size-medium wp-image-1789\" src=\"http:\/\/vpm.pt\/web\/wp-content\/uploads\/2022\/07\/Rua-de-Brito-Capelo-1-scaled.jpg\" alt=\"\" width=\"300\" height=\"225\" style=\"height: 250px;width: 300px;\"><\/a><\/p>\n<\/div>\n<div class=\"clear\"><\/div>\n<div class=\"one-third\">\n<h4><a title=\"Largo do Priorado\" href=\"http:\/\/vpm.pt\/web\/pt\/largo-do-priorado-2\/\"><strong>Largo do Priorado<\/strong><\/a><\/h4>\n<\/div>\n<div class=\"one-third\">\n<h4><strong><a title=\"Freixo Apartments\" href=\"http:\/\/vpm.pt\/web\/pt\/freixo-apartments\/\">Freixo Apartments<\/a><\/strong><\/h4>\n<\/div>\n<div class=\"one-third omega\">\n<h4><strong><a title=\"Rua da Boavista\" href=\"http:\/\/vpm.pt\/web\/pt\/rua-da-boavista-2\/\">Rua da Boavista<\/a><\/strong><\/h4>\n<h4>\n<\/div>\n<div class=\"clear\"><\/div>\n<\/h4>\n<div class=\"one-third\">\n<p>\n<a href=\"http:\/\/vpm.pt\/web\/wp-content\/uploads\/2022\/07\/Largo-do-Priorado.jpeg\"><img loading=\"lazy\" class=\"alignnone size-medium wp-image-1712\" src=\"http:\/\/vpm.pt\/web\/wp-content\/uploads\/2022\/07\/Largo-do-Priorado.jpeg\" alt=\"\" width=\"300\" height=\"224\" style=\"height: 250px;width: 300px;\"><\/a><\/p>\n<\/div>\n<div class=\"one-third\">\n<p>\n<a href=\"http:\/\/vpm.pt\/web\/wp-content\/uploads\/2022\/07\/Rua-do-Freixo.jpg\"><img loading=\"lazy\" class=\"alignnone size-medium wp-image-1712\" src=\"http:\/\/vpm.pt\/web\/wp-content\/uploads\/2022\/07\/Rua-do-Freixo.jpg\" alt=\"\" width=\"300\" height=\"224\" style=\"height: 250px;width: 300px;\"><\/a><\/p>\n<\/div>\n<div class=\"one-third omega\">\n<p>\n<a href=\"http:\/\/vpm.pt\/web\/wp-content\/uploads\/2022\/07\/Rua-da-Boavista.jpg\"><img loading=\"lazy\" class=\"alignnone size-medium wp-image-1789\" src=\"http:\/\/vpm.pt\/web\/wp-content\/uploads\/2022\/07\/Rua-da-Boavista.jpg\" alt=\"\" width=\"300\" height=\"225\" style=\"height: 250px;width: 300px;\"><\/a><\/p>\n<\/div>\n<div class=\"clear\"><\/div>\n<div class=\"one-third\">\n<h4><strong><a title=\"Roberto Ivens\" href=\"http:\/\/vpm.pt\/web\/pt\/roberto-ivens\/\">Roberto Ivens<\/a><\/strong><\/h4>\n<h4>\n<\/div>\n<\/h4>\n<div class=\"one-third\">\n<\/div>\n<div class=\"one-third omega\">\n<\/div>\n<div class=\"clear\"><\/div>\n<div class=\"one-third\">\n<p>\n<a href=\"http:\/\/vpm.pt\/web\/wp-content\/uploads\/2022\/07\/Rua-de-Roberto-Ivens-1-scaled.jpg\/\"><img loading=\"lazy\" class=\"alignnone size-medium wp-image-1712\" src=\"http:\/\/vpm.pt\/web\/wp-content\/uploads\/2022\/07\/Rua-de-Roberto-Ivens-1-scaled.jpg\" alt=\"ROBERTO IVENS\" width=\"300\" height=\"224\" style=\"height: 250px;width: 300px;\"><\/a><\/p>\n<\/div>\n<div class=\"one-third\">\n<\/div>\n<div class=\"one-third omega\">\n<\/div>\n<div class=\"clear\"><\/div>\n<p class=\"has-text-align-center\" style=\"margin-top: 6%;margin-bottom: 3%;\"><strong>NOVOS PROJETOS<\/strong><\/p>\n<div class=\"one-third\">\n<h4><strong><a title=\"Projeto Vallada\" href=\"http:\/\/vpm.pt\/web\/pt\/vallada-project_pt\/\">Projeto Vallada<\/a><\/strong><\/h4>\n<\/div>\n<div class=\"one-third\">\n<\/div>\n<div class=\"one-third omega\">\n<\/div>\n<div class=\"clear\"><\/div>\n<div class=\"one-third\">\n<p>\n<a href=\"http:\/\/vpm.pt\/web\/wp-content\/uploads\/2022\/07\/Vallada-Project-Novo-scaled.jpg\"><img loading=\"lazy\" class=\"alignnone size-medium wp-image-1712\" src=\"http:\/\/vpm.pt\/web\/wp-content\/uploads\/2022\/07\/Vallada-Project-Novo-scaled.jpg\" alt=\"\" width=\"300\" height=\"224\" style=\"height: 250px;width: 300px;\"><\/a><\/p>\n<\/div>\n<div class=\"one-third omega\">\n<\/div>\n<div class=\"clear\"><\/div>\n<div class=\"one-third omega\">\n<\/div>\n<div class=\"clear\"><\/div>\n","protected":false},"excerpt":{"rendered":"<p>Na \u00e1rea do investimento imobili\u00e1rio, temos como objetivo principal rentabilizar ao m\u00e1ximo o capital dos nossos clientes com retornos anuais que podem variar entre os 4% e os 12%. Trabalhamos para investidores nacionais e internacionais e apoiamos todas as fases do investimento. Procuramos gerar retornos ajustados ao risco acima da m\u00e9dia atrav\u00e9s de uma abordagem<\/p>\n<div class=\"mt-button-container right\"><a href=\"https:\/\/vpm.pt\/web\/pt\/investimento-imobiliario\/\" class=\"mt-button\">Continue reading<\/a><\/p>\n<div class=\"clear\"><\/div>\n<\/div>\n","protected":false},"author":2,"featured_media":0,"parent":0,"menu_order":0,"comment_status":"closed","ping_status":"closed","template":"","meta":[],"yoast_head":"<!-- This site is optimized with the Yoast SEO plugin v19.0 - https:\/\/yoast.com\/wordpress\/plugins\/seo\/ -->\n<title>Investimento Imobili\u00e1rio - VPM<\/title>\n<meta name=\"robots\" content=\"index, follow, max-snippet:-1, max-image-preview:large, max-video-preview:-1\" \/>\n<link rel=\"canonical\" href=\"https:\/\/vpm.pt\/web\/pt\/investimento-imobiliario\/\" \/>\n<meta property=\"og:locale\" content=\"pt_PT\" \/>\n<meta property=\"og:type\" content=\"article\" \/>\n<meta property=\"og:title\" content=\"Investimento Imobili\u00e1rio - VPM\" \/>\n<meta property=\"og:description\" content=\"Na \u00e1rea do investimento imobili\u00e1rio, temos como objetivo principal rentabilizar ao m\u00e1ximo o capital dos nossos clientes com retornos anuais que podem variar entre os 4% e os 12%. Trabalhamos para investidores nacionais e internacionais e apoiamos todas as fases do investimento. Procuramos gerar retornos ajustados ao risco acima da m\u00e9dia atrav\u00e9s de uma abordagemContinue reading\" \/>\n<meta property=\"og:url\" content=\"https:\/\/vpm.pt\/web\/pt\/investimento-imobiliario\/\" \/>\n<meta property=\"og:site_name\" content=\"VPM\" \/>\n<meta property=\"article:publisher\" content=\"https:\/\/www.facebook.com\/VPMAvaliacao\/\" \/>\n<meta property=\"article:modified_time\" content=\"2022-07-27T17:51:10+00:00\" \/>\n<meta property=\"og:image\" content=\"http:\/\/vpm.pt\/web\/wp-content\/uploads\/2022\/07\/Sao-Vitor-I.jpg\" \/>\n<meta name=\"twitter:label1\" content=\"Tempo estimado de leitura\" \/>\n\t<meta name=\"twitter:data1\" content=\"4 minutos\" \/>\n<script type=\"application\/ld+json\" class=\"yoast-schema-graph\">{\"@context\":\"https:\/\/schema.org\",\"@graph\":[{\"@type\":\"WebSite\",\"@id\":\"https:\/\/vpm.pt\/web\/#website\",\"url\":\"https:\/\/vpm.pt\/web\/\",\"name\":\"VPM\",\"description\":\"A VPM \u2013 Avalia\u00e7\u00e3o e Engenharia \u00e9 uma empresa vocacionada para a presta\u00e7\u00e3o de servi\u00e7os nos sectores da Constru\u00e7\u00e3o e Imobili\u00e1rio\",\"potentialAction\":[{\"@type\":\"SearchAction\",\"target\":{\"@type\":\"EntryPoint\",\"urlTemplate\":\"https:\/\/vpm.pt\/web\/?s={search_term_string}\"},\"query-input\":\"required name=search_term_string\"}],\"inLanguage\":\"pt-PT\"},{\"@type\":\"ImageObject\",\"inLanguage\":\"pt-PT\",\"@id\":\"https:\/\/vpm.pt\/web\/pt\/investimento-imobiliario\/#primaryimage\",\"url\":\"https:\/\/vpm.pt\/web\/wp-content\/uploads\/2022\/07\/Sao-Vitor-I.jpg\",\"contentUrl\":\"https:\/\/vpm.pt\/web\/wp-content\/uploads\/2022\/07\/Sao-Vitor-I.jpg\",\"width\":1115,\"height\":994},{\"@type\":\"WebPage\",\"@id\":\"https:\/\/vpm.pt\/web\/pt\/investimento-imobiliario\/#webpage\",\"url\":\"https:\/\/vpm.pt\/web\/pt\/investimento-imobiliario\/\",\"name\":\"Investimento Imobili\u00e1rio - VPM\",\"isPartOf\":{\"@id\":\"https:\/\/vpm.pt\/web\/#website\"},\"primaryImageOfPage\":{\"@id\":\"https:\/\/vpm.pt\/web\/pt\/investimento-imobiliario\/#primaryimage\"},\"datePublished\":\"2022-07-18T14:31:05+00:00\",\"dateModified\":\"2022-07-27T17:51:10+00:00\",\"breadcrumb\":{\"@id\":\"https:\/\/vpm.pt\/web\/pt\/investimento-imobiliario\/#breadcrumb\"},\"inLanguage\":\"pt-PT\",\"potentialAction\":[{\"@type\":\"ReadAction\",\"target\":[\"https:\/\/vpm.pt\/web\/pt\/investimento-imobiliario\/\"]}]},{\"@type\":\"BreadcrumbList\",\"@id\":\"https:\/\/vpm.pt\/web\/pt\/investimento-imobiliario\/#breadcrumb\",\"itemListElement\":[{\"@type\":\"ListItem\",\"position\":1,\"name\":\"Home\",\"item\":\"https:\/\/vpm.pt\/web\/pt\/inicio\/\"},{\"@type\":\"ListItem\",\"position\":2,\"name\":\"Investimento Imobili\u00e1rio\"}]}]}<\/script>\n<!-- \/ Yoast SEO plugin. -->","yoast_head_json":{"title":"Investimento Imobili\u00e1rio - VPM","robots":{"index":"index","follow":"follow","max-snippet":"max-snippet:-1","max-image-preview":"max-image-preview:large","max-video-preview":"max-video-preview:-1"},"canonical":"https:\/\/vpm.pt\/web\/pt\/investimento-imobiliario\/","og_locale":"pt_PT","og_type":"article","og_title":"Investimento Imobili\u00e1rio - VPM","og_description":"Na \u00e1rea do investimento imobili\u00e1rio, temos como objetivo principal rentabilizar ao m\u00e1ximo o capital dos nossos clientes com retornos anuais que podem variar entre os 4% e os 12%. Trabalhamos para investidores nacionais e internacionais e apoiamos todas as fases do investimento. Procuramos gerar retornos ajustados ao risco acima da m\u00e9dia atrav\u00e9s de uma abordagemContinue reading","og_url":"https:\/\/vpm.pt\/web\/pt\/investimento-imobiliario\/","og_site_name":"VPM","article_publisher":"https:\/\/www.facebook.com\/VPMAvaliacao\/","article_modified_time":"2022-07-27T17:51:10+00:00","og_image":[{"url":"http:\/\/vpm.pt\/web\/wp-content\/uploads\/2022\/07\/Sao-Vitor-I.jpg"}],"twitter_misc":{"Tempo estimado de leitura":"4 minutos"},"schema":{"@context":"https:\/\/schema.org","@graph":[{"@type":"WebSite","@id":"https:\/\/vpm.pt\/web\/#website","url":"https:\/\/vpm.pt\/web\/","name":"VPM","description":"A VPM \u2013 Avalia\u00e7\u00e3o e Engenharia \u00e9 uma empresa vocacionada para a presta\u00e7\u00e3o de servi\u00e7os nos sectores da Constru\u00e7\u00e3o e Imobili\u00e1rio","potentialAction":[{"@type":"SearchAction","target":{"@type":"EntryPoint","urlTemplate":"https:\/\/vpm.pt\/web\/?s={search_term_string}"},"query-input":"required name=search_term_string"}],"inLanguage":"pt-PT"},{"@type":"ImageObject","inLanguage":"pt-PT","@id":"https:\/\/vpm.pt\/web\/pt\/investimento-imobiliario\/#primaryimage","url":"https:\/\/vpm.pt\/web\/wp-content\/uploads\/2022\/07\/Sao-Vitor-I.jpg","contentUrl":"https:\/\/vpm.pt\/web\/wp-content\/uploads\/2022\/07\/Sao-Vitor-I.jpg","width":1115,"height":994},{"@type":"WebPage","@id":"https:\/\/vpm.pt\/web\/pt\/investimento-imobiliario\/#webpage","url":"https:\/\/vpm.pt\/web\/pt\/investimento-imobiliario\/","name":"Investimento Imobili\u00e1rio - VPM","isPartOf":{"@id":"https:\/\/vpm.pt\/web\/#website"},"primaryImageOfPage":{"@id":"https:\/\/vpm.pt\/web\/pt\/investimento-imobiliario\/#primaryimage"},"datePublished":"2022-07-18T14:31:05+00:00","dateModified":"2022-07-27T17:51:10+00:00","breadcrumb":{"@id":"https:\/\/vpm.pt\/web\/pt\/investimento-imobiliario\/#breadcrumb"},"inLanguage":"pt-PT","potentialAction":[{"@type":"ReadAction","target":["https:\/\/vpm.pt\/web\/pt\/investimento-imobiliario\/"]}]},{"@type":"BreadcrumbList","@id":"https:\/\/vpm.pt\/web\/pt\/investimento-imobiliario\/#breadcrumb","itemListElement":[{"@type":"ListItem","position":1,"name":"Home","item":"https:\/\/vpm.pt\/web\/pt\/inicio\/"},{"@type":"ListItem","position":2,"name":"Investimento Imobili\u00e1rio"}]}]}},"_links":{"self":[{"href":"https:\/\/vpm.pt\/web\/wp-json\/wp\/v2\/pages\/19348"}],"collection":[{"href":"https:\/\/vpm.pt\/web\/wp-json\/wp\/v2\/pages"}],"about":[{"href":"https:\/\/vpm.pt\/web\/wp-json\/wp\/v2\/types\/page"}],"author":[{"embeddable":true,"href":"https:\/\/vpm.pt\/web\/wp-json\/wp\/v2\/users\/2"}],"replies":[{"embeddable":true,"href":"https:\/\/vpm.pt\/web\/wp-json\/wp\/v2\/comments?post=19348"}],"version-history":[{"count":118,"href":"https:\/\/vpm.pt\/web\/wp-json\/wp\/v2\/pages\/19348\/revisions"}],"predecessor-version":[{"id":19752,"href":"https:\/\/vpm.pt\/web\/wp-json\/wp\/v2\/pages\/19348\/revisions\/19752"}],"wp:attachment":[{"href":"https:\/\/vpm.pt\/web\/wp-json\/wp\/v2\/media?parent=19348"}],"curies":[{"name":"wp","href":"https:\/\/api.w.org\/{rel}","templated":true}]}}