{"id":19425,"date":"2022-07-18T17:57:24","date_gmt":"2022-07-18T17:57:24","guid":{"rendered":"http:\/\/vpm.pt\/web\/?page_id=19425"},"modified":"2022-07-27T09:29:45","modified_gmt":"2022-07-27T09:29:45","slug":"sao-vitor-ii-2","status":"publish","type":"page","link":"https:\/\/vpm.pt\/web\/pt\/sao-vitor-ii-2\/","title":{"rendered":"S\u00e3o Vitor II"},"content":{"rendered":"<p><strong>Conceito<\/strong><\/p>\n<p>Localizado na rua de S\u00e3o Victor, os Apartamentos S\u00e3o Victor resultam da reabilita\u00e7\u00e3o de um edif\u00edcio de habita\u00e7\u00e3o, e a sua reconvers\u00e3o em 8 unidades de habita\u00e7\u00e3o.<\/p>\n<p>Com uma excelente localiza\u00e7\u00e3o na cidade do Porto, com vistas privilegiadas sobre o Douro, o empreendimento ser\u00e1 constitu\u00eddo por 8 apartamentos de tipologias T0, T1 e T1 Duplex.<\/p>\n<p>A interven\u00e7\u00e3o respeita todas as caracter\u00edsticas intr\u00ednsecas do edif\u00edcio, tanto a n\u00edvel formal como a n\u00edvel construtivo.<\/p>\n<p>Os novos Apartamentos S\u00e3o Victor aliam as exig\u00eancias do conforto contempor\u00e2neas \u00e0 excel\u00eancia da localiza\u00e7\u00e3o, criando um todo apelativo tanto para habita\u00e7\u00e3o como para explora\u00e7\u00e3o tur\u00edstica.<\/p>\n<figure class=\"wp-block-image size-large\"><a href=\"http:\/\/vpm.pt\/web\/wp-content\/uploads\/2022\/07\/Imagem1-1.jpg\"><img loading=\"lazy\" width=\"1024\" height=\"385\" src=\"http:\/\/vpm.pt\/web\/wp-content\/uploads\/2022\/07\/Imagem1-1-1024x385.jpg\" alt=\"\" class=\"wp-image-19488\" srcset=\"https:\/\/vpm.pt\/web\/wp-content\/uploads\/2022\/07\/Imagem1-1-1024x385.jpg 1024w, https:\/\/vpm.pt\/web\/wp-content\/uploads\/2022\/07\/Imagem1-1-300x113.jpg 300w, https:\/\/vpm.pt\/web\/wp-content\/uploads\/2022\/07\/Imagem1-1-768x288.jpg 768w, https:\/\/vpm.pt\/web\/wp-content\/uploads\/2022\/07\/Imagem1-1-1536x577.jpg 1536w, https:\/\/vpm.pt\/web\/wp-content\/uploads\/2022\/07\/Imagem1-1-210x79.jpg 210w, https:\/\/vpm.pt\/web\/wp-content\/uploads\/2022\/07\/Imagem1-1-290x109.jpg 290w, https:\/\/vpm.pt\/web\/wp-content\/uploads\/2022\/07\/Imagem1-1-450x169.jpg 450w, https:\/\/vpm.pt\/web\/wp-content\/uploads\/2022\/07\/Imagem1-1-610x229.jpg 610w, https:\/\/vpm.pt\/web\/wp-content\/uploads\/2022\/07\/Imagem1-1-690x259.jpg 690w, https:\/\/vpm.pt\/web\/wp-content\/uploads\/2022\/07\/Imagem1-1-930x349.jpg 930w, https:\/\/vpm.pt\/web\/wp-content\/uploads\/2022\/07\/Imagem1-1-330x124.jpg 330w, https:\/\/vpm.pt\/web\/wp-content\/uploads\/2022\/07\/Imagem1-1-150x56.jpg 150w, https:\/\/vpm.pt\/web\/wp-content\/uploads\/2022\/07\/Imagem1-1-510x192.jpg 510w, https:\/\/vpm.pt\/web\/wp-content\/uploads\/2022\/07\/Imagem1-1.jpg 1949w\" sizes=\"(max-width: 1024px) 100vw, 1024px\" \/><\/a><\/figure>\n<figure class=\"wp-block-gallery has-nested-images columns-default is-cropped\">\n<figure class=\"wp-block-image size-large\"><a href=\"http:\/\/vpm.pt\/web\/wp-content\/uploads\/2022\/07\/IMG_20210222_113611-2-scaled.jpg\"><img loading=\"lazy\" width=\"768\" height=\"1024\" data-id=\"19486\"  src=\"http:\/\/vpm.pt\/web\/wp-content\/uploads\/2022\/07\/IMG_20210222_113611-2-768x1024.jpg\" alt=\"\" class=\"wp-image-19486\" srcset=\"https:\/\/vpm.pt\/web\/wp-content\/uploads\/2022\/07\/IMG_20210222_113611-2-768x1024.jpg 768w, https:\/\/vpm.pt\/web\/wp-content\/uploads\/2022\/07\/IMG_20210222_113611-2-225x300.jpg 225w, https:\/\/vpm.pt\/web\/wp-content\/uploads\/2022\/07\/IMG_20210222_113611-2-1152x1536.jpg 1152w, https:\/\/vpm.pt\/web\/wp-content\/uploads\/2022\/07\/IMG_20210222_113611-2-1536x2048.jpg 1536w, https:\/\/vpm.pt\/web\/wp-content\/uploads\/2022\/07\/IMG_20210222_113611-2-210x280.jpg 210w, https:\/\/vpm.pt\/web\/wp-content\/uploads\/2022\/07\/IMG_20210222_113611-2-290x387.jpg 290w, https:\/\/vpm.pt\/web\/wp-content\/uploads\/2022\/07\/IMG_20210222_113611-2-450x600.jpg 450w, https:\/\/vpm.pt\/web\/wp-content\/uploads\/2022\/07\/IMG_20210222_113611-2-610x813.jpg 610w, https:\/\/vpm.pt\/web\/wp-content\/uploads\/2022\/07\/IMG_20210222_113611-2-690x920.jpg 690w, https:\/\/vpm.pt\/web\/wp-content\/uploads\/2022\/07\/IMG_20210222_113611-2-750x1000.jpg 750w, https:\/\/vpm.pt\/web\/wp-content\/uploads\/2022\/07\/IMG_20210222_113611-2-330x440.jpg 330w, https:\/\/vpm.pt\/web\/wp-content\/uploads\/2022\/07\/IMG_20210222_113611-2-150x200.jpg 150w, https:\/\/vpm.pt\/web\/wp-content\/uploads\/2022\/07\/IMG_20210222_113611-2-510x680.jpg 510w, https:\/\/vpm.pt\/web\/wp-content\/uploads\/2022\/07\/IMG_20210222_113611-2-scaled.jpg 1920w\" sizes=\"(max-width: 768px) 100vw, 768px\" \/><\/a><\/figure>\n<figure class=\"wp-block-image size-large\"><a href=\"http:\/\/vpm.pt\/web\/wp-content\/uploads\/2022\/07\/Sao-Vitor-II-2.jpg\"><img loading=\"lazy\" width=\"1024\" height=\"1007\" data-id=\"19485\"  src=\"http:\/\/vpm.pt\/web\/wp-content\/uploads\/2022\/07\/Sao-Vitor-II-2-1024x1007.jpg\" alt=\"\" class=\"wp-image-19485\" srcset=\"https:\/\/vpm.pt\/web\/wp-content\/uploads\/2022\/07\/Sao-Vitor-II-2-1024x1007.jpg 1024w, https:\/\/vpm.pt\/web\/wp-content\/uploads\/2022\/07\/Sao-Vitor-II-2-300x295.jpg 300w, https:\/\/vpm.pt\/web\/wp-content\/uploads\/2022\/07\/Sao-Vitor-II-2-768x755.jpg 768w, https:\/\/vpm.pt\/web\/wp-content\/uploads\/2022\/07\/Sao-Vitor-II-2-50x50.jpg 50w, https:\/\/vpm.pt\/web\/wp-content\/uploads\/2022\/07\/Sao-Vitor-II-2-210x206.jpg 210w, https:\/\/vpm.pt\/web\/wp-content\/uploads\/2022\/07\/Sao-Vitor-II-2-290x285.jpg 290w, https:\/\/vpm.pt\/web\/wp-content\/uploads\/2022\/07\/Sao-Vitor-II-2-450x442.jpg 450w, https:\/\/vpm.pt\/web\/wp-content\/uploads\/2022\/07\/Sao-Vitor-II-2-610x600.jpg 610w, https:\/\/vpm.pt\/web\/wp-content\/uploads\/2022\/07\/Sao-Vitor-II-2-690x678.jpg 690w, https:\/\/vpm.pt\/web\/wp-content\/uploads\/2022\/07\/Sao-Vitor-II-2-930x914.jpg 930w, https:\/\/vpm.pt\/web\/wp-content\/uploads\/2022\/07\/Sao-Vitor-II-2-330x324.jpg 330w, https:\/\/vpm.pt\/web\/wp-content\/uploads\/2022\/07\/Sao-Vitor-II-2-150x147.jpg 150w, https:\/\/vpm.pt\/web\/wp-content\/uploads\/2022\/07\/Sao-Vitor-II-2-510x501.jpg 510w, https:\/\/vpm.pt\/web\/wp-content\/uploads\/2022\/07\/Sao-Vitor-II-2.jpg 1112w\" sizes=\"(max-width: 1024px) 100vw, 1024px\" \/><\/a><\/figure>\n<figure class=\"wp-block-image size-large\"><a href=\"http:\/\/vpm.pt\/web\/wp-content\/uploads\/2022\/07\/Fracao-C-1.jpg\"><img loading=\"lazy\" width=\"930\" height=\"1024\" data-id=\"19481\"  src=\"http:\/\/vpm.pt\/web\/wp-content\/uploads\/2022\/07\/Fracao-C-1-930x1024.jpg\" alt=\"\" class=\"wp-image-19481\" srcset=\"https:\/\/vpm.pt\/web\/wp-content\/uploads\/2022\/07\/Fracao-C-1-930x1024.jpg 930w, https:\/\/vpm.pt\/web\/wp-content\/uploads\/2022\/07\/Fracao-C-1-272x300.jpg 272w, https:\/\/vpm.pt\/web\/wp-content\/uploads\/2022\/07\/Fracao-C-1-768x846.jpg 768w, https:\/\/vpm.pt\/web\/wp-content\/uploads\/2022\/07\/Fracao-C-1-210x231.jpg 210w, https:\/\/vpm.pt\/web\/wp-content\/uploads\/2022\/07\/Fracao-C-1-290x319.jpg 290w, https:\/\/vpm.pt\/web\/wp-content\/uploads\/2022\/07\/Fracao-C-1-450x496.jpg 450w, https:\/\/vpm.pt\/web\/wp-content\/uploads\/2022\/07\/Fracao-C-1-610x672.jpg 610w, https:\/\/vpm.pt\/web\/wp-content\/uploads\/2022\/07\/Fracao-C-1-690x760.jpg 690w, https:\/\/vpm.pt\/web\/wp-content\/uploads\/2022\/07\/Fracao-C-1-908x1000.jpg 908w, https:\/\/vpm.pt\/web\/wp-content\/uploads\/2022\/07\/Fracao-C-1-330x363.jpg 330w, https:\/\/vpm.pt\/web\/wp-content\/uploads\/2022\/07\/Fracao-C-1-150x165.jpg 150w, https:\/\/vpm.pt\/web\/wp-content\/uploads\/2022\/07\/Fracao-C-1-510x562.jpg 510w, https:\/\/vpm.pt\/web\/wp-content\/uploads\/2022\/07\/Fracao-C-1.jpg 1115w\" sizes=\"(max-width: 930px) 100vw, 930px\" \/><\/a><\/figure>\n<figure class=\"wp-block-image size-large\"><a href=\"http:\/\/vpm.pt\/web\/wp-content\/uploads\/2022\/07\/Fracao-c2-1.jpg\"><img loading=\"lazy\" width=\"1024\" height=\"913\" data-id=\"19482\"  src=\"http:\/\/vpm.pt\/web\/wp-content\/uploads\/2022\/07\/Fracao-c2-1-1024x913.jpg\" alt=\"\" class=\"wp-image-19482\" srcset=\"https:\/\/vpm.pt\/web\/wp-content\/uploads\/2022\/07\/Fracao-c2-1-1024x913.jpg 1024w, https:\/\/vpm.pt\/web\/wp-content\/uploads\/2022\/07\/Fracao-c2-1-300x267.jpg 300w, https:\/\/vpm.pt\/web\/wp-content\/uploads\/2022\/07\/Fracao-c2-1-768x685.jpg 768w, https:\/\/vpm.pt\/web\/wp-content\/uploads\/2022\/07\/Fracao-c2-1-210x187.jpg 210w, https:\/\/vpm.pt\/web\/wp-content\/uploads\/2022\/07\/Fracao-c2-1-290x259.jpg 290w, https:\/\/vpm.pt\/web\/wp-content\/uploads\/2022\/07\/Fracao-c2-1-450x401.jpg 450w, https:\/\/vpm.pt\/web\/wp-content\/uploads\/2022\/07\/Fracao-c2-1-610x544.jpg 610w, https:\/\/vpm.pt\/web\/wp-content\/uploads\/2022\/07\/Fracao-c2-1-690x615.jpg 690w, https:\/\/vpm.pt\/web\/wp-content\/uploads\/2022\/07\/Fracao-c2-1-930x829.jpg 930w, https:\/\/vpm.pt\/web\/wp-content\/uploads\/2022\/07\/Fracao-c2-1-330x294.jpg 330w, https:\/\/vpm.pt\/web\/wp-content\/uploads\/2022\/07\/Fracao-c2-1-150x134.jpg 150w, https:\/\/vpm.pt\/web\/wp-content\/uploads\/2022\/07\/Fracao-c2-1-510x455.jpg 510w, https:\/\/vpm.pt\/web\/wp-content\/uploads\/2022\/07\/Fracao-c2-1.jpg 1115w\" sizes=\"(max-width: 1024px) 100vw, 1024px\" \/><\/a><\/figure>\n<figure class=\"wp-block-image size-large\"><a href=\"http:\/\/vpm.pt\/web\/wp-content\/uploads\/2022\/07\/Fracao-c3-1.jpg\"><img loading=\"lazy\" width=\"856\" height=\"1024\" data-id=\"19480\"  src=\"http:\/\/vpm.pt\/web\/wp-content\/uploads\/2022\/07\/Fracao-c3-1-856x1024.jpg\" alt=\"\" class=\"wp-image-19480\" srcset=\"https:\/\/vpm.pt\/web\/wp-content\/uploads\/2022\/07\/Fracao-c3-1-856x1024.jpg 856w, https:\/\/vpm.pt\/web\/wp-content\/uploads\/2022\/07\/Fracao-c3-1-251x300.jpg 251w, https:\/\/vpm.pt\/web\/wp-content\/uploads\/2022\/07\/Fracao-c3-1-768x919.jpg 768w, https:\/\/vpm.pt\/web\/wp-content\/uploads\/2022\/07\/Fracao-c3-1-210x251.jpg 210w, https:\/\/vpm.pt\/web\/wp-content\/uploads\/2022\/07\/Fracao-c3-1-290x347.jpg 290w, https:\/\/vpm.pt\/web\/wp-content\/uploads\/2022\/07\/Fracao-c3-1-450x538.jpg 450w, https:\/\/vpm.pt\/web\/wp-content\/uploads\/2022\/07\/Fracao-c3-1-610x730.jpg 610w, https:\/\/vpm.pt\/web\/wp-content\/uploads\/2022\/07\/Fracao-c3-1-690x826.jpg 690w, https:\/\/vpm.pt\/web\/wp-content\/uploads\/2022\/07\/Fracao-c3-1-836x1000.jpg 836w, https:\/\/vpm.pt\/web\/wp-content\/uploads\/2022\/07\/Fracao-c3-1-330x395.jpg 330w, https:\/\/vpm.pt\/web\/wp-content\/uploads\/2022\/07\/Fracao-c3-1-150x179.jpg 150w, https:\/\/vpm.pt\/web\/wp-content\/uploads\/2022\/07\/Fracao-c3-1-510x610.jpg 510w, https:\/\/vpm.pt\/web\/wp-content\/uploads\/2022\/07\/Fracao-c3-1.jpg 1115w\" sizes=\"(max-width: 856px) 100vw, 856px\" \/><\/a><\/figure>\n<\/figure>\n","protected":false},"excerpt":{"rendered":"<p>Conceito Localizado na rua de S\u00e3o Victor, os Apartamentos S\u00e3o Victor resultam da reabilita\u00e7\u00e3o de um edif\u00edcio de habita\u00e7\u00e3o, e a sua reconvers\u00e3o em 8 unidades de habita\u00e7\u00e3o. Com uma excelente localiza\u00e7\u00e3o na cidade do Porto, com vistas privilegiadas sobre o Douro, o empreendimento ser\u00e1 constitu\u00eddo por 8 apartamentos de tipologias T0, T1 e T1<\/p>\n<div class=\"mt-button-container right\"><a href=\"https:\/\/vpm.pt\/web\/pt\/sao-vitor-ii-2\/\" class=\"mt-button\">Continue reading<\/a><\/p>\n<div class=\"clear\"><\/div>\n<\/div>\n","protected":false},"author":2,"featured_media":0,"parent":0,"menu_order":0,"comment_status":"closed","ping_status":"closed","template":"","meta":[],"yoast_head":"<!-- This site is optimized with the Yoast SEO plugin v19.0 - https:\/\/yoast.com\/wordpress\/plugins\/seo\/ -->\n<title>S\u00e3o Vitor II - VPM<\/title>\n<meta name=\"robots\" content=\"index, follow, max-snippet:-1, max-image-preview:large, max-video-preview:-1\" \/>\n<link rel=\"canonical\" href=\"https:\/\/vpm.pt\/web\/pt\/sao-vitor-ii-2\/\" \/>\n<meta property=\"og:locale\" content=\"pt_PT\" \/>\n<meta property=\"og:type\" content=\"article\" \/>\n<meta property=\"og:title\" content=\"S\u00e3o Vitor II - VPM\" \/>\n<meta property=\"og:description\" content=\"Conceito Localizado na rua de S\u00e3o Victor, os Apartamentos S\u00e3o Victor resultam da reabilita\u00e7\u00e3o de um edif\u00edcio de habita\u00e7\u00e3o, e a sua reconvers\u00e3o em 8 unidades de habita\u00e7\u00e3o. Com uma excelente localiza\u00e7\u00e3o na cidade do Porto, com vistas privilegiadas sobre o Douro, o empreendimento ser\u00e1 constitu\u00eddo por 8 apartamentos de tipologias T0, T1 e T1Continue reading\" \/>\n<meta property=\"og:url\" content=\"https:\/\/vpm.pt\/web\/pt\/sao-vitor-ii-2\/\" \/>\n<meta property=\"og:site_name\" content=\"VPM\" \/>\n<meta property=\"article:publisher\" content=\"https:\/\/www.facebook.com\/VPMAvaliacao\/\" \/>\n<meta property=\"article:modified_time\" content=\"2022-07-27T09:29:45+00:00\" \/>\n<meta property=\"og:image\" content=\"http:\/\/vpm.pt\/web\/wp-content\/uploads\/2022\/07\/Imagem1-1-1024x385.jpg\" \/>\n<meta name=\"twitter:label1\" content=\"Tempo estimado de leitura\" \/>\n\t<meta name=\"twitter:data1\" content=\"2 minutos\" \/>\n<script type=\"application\/ld+json\" class=\"yoast-schema-graph\">{\"@context\":\"https:\/\/schema.org\",\"@graph\":[{\"@type\":\"WebSite\",\"@id\":\"https:\/\/vpm.pt\/web\/#website\",\"url\":\"https:\/\/vpm.pt\/web\/\",\"name\":\"VPM\",\"description\":\"A VPM \u2013 Avalia\u00e7\u00e3o e Engenharia \u00e9 uma empresa vocacionada para a presta\u00e7\u00e3o de servi\u00e7os nos sectores da Constru\u00e7\u00e3o e Imobili\u00e1rio\",\"potentialAction\":[{\"@type\":\"SearchAction\",\"target\":{\"@type\":\"EntryPoint\",\"urlTemplate\":\"https:\/\/vpm.pt\/web\/?s={search_term_string}\"},\"query-input\":\"required name=search_term_string\"}],\"inLanguage\":\"pt-PT\"},{\"@type\":\"ImageObject\",\"inLanguage\":\"pt-PT\",\"@id\":\"https:\/\/vpm.pt\/web\/pt\/sao-vitor-ii-2\/#primaryimage\",\"url\":\"https:\/\/vpm.pt\/web\/wp-content\/uploads\/2022\/07\/Imagem1-1.jpg\",\"contentUrl\":\"https:\/\/vpm.pt\/web\/wp-content\/uploads\/2022\/07\/Imagem1-1.jpg\",\"width\":1949,\"height\":732},{\"@type\":\"WebPage\",\"@id\":\"https:\/\/vpm.pt\/web\/pt\/sao-vitor-ii-2\/#webpage\",\"url\":\"https:\/\/vpm.pt\/web\/pt\/sao-vitor-ii-2\/\",\"name\":\"S\u00e3o Vitor II - VPM\",\"isPartOf\":{\"@id\":\"https:\/\/vpm.pt\/web\/#website\"},\"primaryImageOfPage\":{\"@id\":\"https:\/\/vpm.pt\/web\/pt\/sao-vitor-ii-2\/#primaryimage\"},\"datePublished\":\"2022-07-18T17:57:24+00:00\",\"dateModified\":\"2022-07-27T09:29:45+00:00\",\"breadcrumb\":{\"@id\":\"https:\/\/vpm.pt\/web\/pt\/sao-vitor-ii-2\/#breadcrumb\"},\"inLanguage\":\"pt-PT\",\"potentialAction\":[{\"@type\":\"ReadAction\",\"target\":[\"https:\/\/vpm.pt\/web\/pt\/sao-vitor-ii-2\/\"]}]},{\"@type\":\"BreadcrumbList\",\"@id\":\"https:\/\/vpm.pt\/web\/pt\/sao-vitor-ii-2\/#breadcrumb\",\"itemListElement\":[{\"@type\":\"ListItem\",\"position\":1,\"name\":\"Home\",\"item\":\"https:\/\/vpm.pt\/web\/pt\/inicio\/\"},{\"@type\":\"ListItem\",\"position\":2,\"name\":\"S\u00e3o Vitor II\"}]}]}<\/script>\n<!-- \/ Yoast SEO plugin. -->","yoast_head_json":{"title":"S\u00e3o Vitor II - VPM","robots":{"index":"index","follow":"follow","max-snippet":"max-snippet:-1","max-image-preview":"max-image-preview:large","max-video-preview":"max-video-preview:-1"},"canonical":"https:\/\/vpm.pt\/web\/pt\/sao-vitor-ii-2\/","og_locale":"pt_PT","og_type":"article","og_title":"S\u00e3o Vitor II - VPM","og_description":"Conceito Localizado na rua de S\u00e3o Victor, os Apartamentos S\u00e3o Victor resultam da reabilita\u00e7\u00e3o de um edif\u00edcio de habita\u00e7\u00e3o, e a sua reconvers\u00e3o em 8 unidades de habita\u00e7\u00e3o. Com uma excelente localiza\u00e7\u00e3o na cidade do Porto, com vistas privilegiadas sobre o Douro, o empreendimento ser\u00e1 constitu\u00eddo por 8 apartamentos de tipologias T0, T1 e T1Continue reading","og_url":"https:\/\/vpm.pt\/web\/pt\/sao-vitor-ii-2\/","og_site_name":"VPM","article_publisher":"https:\/\/www.facebook.com\/VPMAvaliacao\/","article_modified_time":"2022-07-27T09:29:45+00:00","og_image":[{"url":"http:\/\/vpm.pt\/web\/wp-content\/uploads\/2022\/07\/Imagem1-1-1024x385.jpg"}],"twitter_misc":{"Tempo estimado de leitura":"2 minutos"},"schema":{"@context":"https:\/\/schema.org","@graph":[{"@type":"WebSite","@id":"https:\/\/vpm.pt\/web\/#website","url":"https:\/\/vpm.pt\/web\/","name":"VPM","description":"A VPM \u2013 Avalia\u00e7\u00e3o e Engenharia \u00e9 uma empresa vocacionada para a presta\u00e7\u00e3o de servi\u00e7os nos sectores da Constru\u00e7\u00e3o e Imobili\u00e1rio","potentialAction":[{"@type":"SearchAction","target":{"@type":"EntryPoint","urlTemplate":"https:\/\/vpm.pt\/web\/?s={search_term_string}"},"query-input":"required name=search_term_string"}],"inLanguage":"pt-PT"},{"@type":"ImageObject","inLanguage":"pt-PT","@id":"https:\/\/vpm.pt\/web\/pt\/sao-vitor-ii-2\/#primaryimage","url":"https:\/\/vpm.pt\/web\/wp-content\/uploads\/2022\/07\/Imagem1-1.jpg","contentUrl":"https:\/\/vpm.pt\/web\/wp-content\/uploads\/2022\/07\/Imagem1-1.jpg","width":1949,"height":732},{"@type":"WebPage","@id":"https:\/\/vpm.pt\/web\/pt\/sao-vitor-ii-2\/#webpage","url":"https:\/\/vpm.pt\/web\/pt\/sao-vitor-ii-2\/","name":"S\u00e3o Vitor II - VPM","isPartOf":{"@id":"https:\/\/vpm.pt\/web\/#website"},"primaryImageOfPage":{"@id":"https:\/\/vpm.pt\/web\/pt\/sao-vitor-ii-2\/#primaryimage"},"datePublished":"2022-07-18T17:57:24+00:00","dateModified":"2022-07-27T09:29:45+00:00","breadcrumb":{"@id":"https:\/\/vpm.pt\/web\/pt\/sao-vitor-ii-2\/#breadcrumb"},"inLanguage":"pt-PT","potentialAction":[{"@type":"ReadAction","target":["https:\/\/vpm.pt\/web\/pt\/sao-vitor-ii-2\/"]}]},{"@type":"BreadcrumbList","@id":"https:\/\/vpm.pt\/web\/pt\/sao-vitor-ii-2\/#breadcrumb","itemListElement":[{"@type":"ListItem","position":1,"name":"Home","item":"https:\/\/vpm.pt\/web\/pt\/inicio\/"},{"@type":"ListItem","position":2,"name":"S\u00e3o Vitor II"}]}]}},"_links":{"self":[{"href":"https:\/\/vpm.pt\/web\/wp-json\/wp\/v2\/pages\/19425"}],"collection":[{"href":"https:\/\/vpm.pt\/web\/wp-json\/wp\/v2\/pages"}],"about":[{"href":"https:\/\/vpm.pt\/web\/wp-json\/wp\/v2\/types\/page"}],"author":[{"embeddable":true,"href":"https:\/\/vpm.pt\/web\/wp-json\/wp\/v2\/users\/2"}],"replies":[{"embeddable":true,"href":"https:\/\/vpm.pt\/web\/wp-json\/wp\/v2\/comments?post=19425"}],"version-history":[{"count":2,"href":"https:\/\/vpm.pt\/web\/wp-json\/wp\/v2\/pages\/19425\/revisions"}],"predecessor-version":[{"id":19489,"href":"https:\/\/vpm.pt\/web\/wp-json\/wp\/v2\/pages\/19425\/revisions\/19489"}],"wp:attachment":[{"href":"https:\/\/vpm.pt\/web\/wp-json\/wp\/v2\/media?parent=19425"}],"curies":[{"name":"wp","href":"https:\/\/api.w.org\/{rel}","templated":true}]}}