{"id":2087,"date":"2016-04-15T09:38:27","date_gmt":"2013-01-04T11:59:51","guid":{"rendered":"http:\/\/vpm.pt\/web\/?page_id=2087"},"modified":"2016-05-18T11:17:08","modified_gmt":"2016-05-18T11:17:08","slug":"accueil","status":"publish","type":"page","link":"https:\/\/vpm.pt\/web\/fr\/accueil\/","title":{"rendered":"Accueil"},"content":{"rendered":"<div class=\"one-third\">\n<h4>Real Estate Consulting<\/h4>\n<p>En tant que conseiller immobilier, VPM garantit un service int\u00e9gr\u00e9, en assurant la gestion globale d\u2019un portefeuille d\u2019immeubles, accompagnant ses clients dans l\u2019acquisition de leur actif, jusqu\u2019\u00e0 sa livraison.<\/p>\n<p><a title=\"Real Estate Consulting\" href=\"http:\/\/vpm.pt\/web\/fr\/real-estate-consulting-2\/\">Know more<\/a><\/p>\n<\/div>\n<div class=\"one-third\">\n<h4>Evaluation Immobili\u00e8re<\/h4>\n<p>VPM poss\u00e8de une \u00e9quipe comp\u00e9tente\/sp\u00e9cialiste en g\u00e9nie civil et en \u00e9valuation immobili\u00e8re avec des experts certifi\u00e9s par la CMVM.<\/p>\n<p><a title=\"Evaluation Immobili\u00e8re\" href=\"http:\/\/vpm.pt\/web\/evaluation-immobiliere\/\">Know more<\/a><\/p>\n<\/div>\n<div class=\"one-third omega\">\n<h4>Ing\u00e9nierie &#038; Architecture<\/h4>\n<p>Dans le secteur de l&#8217;ing\u00e9nierie &#038; architecture, VPM intervient dans divers domaines avec l\u2019objectif de satisfaire sa client\u00e8le.<\/p>\n<p><a title=\"Ing\u00e9nierie &#038; Architecture\" href=\"http:\/\/vpm.pt\/web\/fr\/ingenierie-architecture\/ \">Know more<\/a><\/p>\n<\/div>\n<div class=\"clear\"><\/div>\n","protected":false},"excerpt":{"rendered":"","protected":false},"author":1,"featured_media":0,"parent":0,"menu_order":0,"comment_status":"closed","ping_status":"closed","template":"","meta":[],"yoast_head":"<!-- This site is optimized with the Yoast SEO plugin v19.0 - https:\/\/yoast.com\/wordpress\/plugins\/seo\/ -->\n<title>Accueil - VPM<\/title>\n<meta name=\"robots\" content=\"index, follow, max-snippet:-1, max-image-preview:large, max-video-preview:-1\" \/>\n<link rel=\"canonical\" href=\"https:\/\/vpm.pt\/web\/fr\/accueil\/\" \/>\n<meta property=\"og:locale\" content=\"pt_PT\" \/>\n<meta property=\"og:type\" content=\"article\" \/>\n<meta property=\"og:title\" content=\"Accueil - VPM\" \/>\n<meta property=\"og:url\" content=\"https:\/\/vpm.pt\/web\/fr\/accueil\/\" \/>\n<meta property=\"og:site_name\" content=\"VPM\" \/>\n<meta property=\"article:publisher\" content=\"https:\/\/www.facebook.com\/VPMAvaliacao\/\" \/>\n<meta property=\"article:modified_time\" content=\"2016-05-18T11:17:08+00:00\" \/>\n<meta name=\"twitter:label1\" content=\"Tempo estimado de leitura\" \/>\n\t<meta name=\"twitter:data1\" content=\"1 minuto\" \/>\n<script type=\"application\/ld+json\" class=\"yoast-schema-graph\">{\"@context\":\"https:\/\/schema.org\",\"@graph\":[{\"@type\":\"WebSite\",\"@id\":\"https:\/\/vpm.pt\/web\/#website\",\"url\":\"https:\/\/vpm.pt\/web\/\",\"name\":\"VPM\",\"description\":\"A VPM \u2013 Avalia\u00e7\u00e3o e Engenharia \u00e9 uma empresa vocacionada para a presta\u00e7\u00e3o de servi\u00e7os nos sectores da Constru\u00e7\u00e3o e Imobili\u00e1rio\",\"potentialAction\":[{\"@type\":\"SearchAction\",\"target\":{\"@type\":\"EntryPoint\",\"urlTemplate\":\"https:\/\/vpm.pt\/web\/?s={search_term_string}\"},\"query-input\":\"required name=search_term_string\"}],\"inLanguage\":\"pt-PT\"},{\"@type\":\"WebPage\",\"@id\":\"https:\/\/vpm.pt\/web\/fr\/accueil\/#webpage\",\"url\":\"https:\/\/vpm.pt\/web\/fr\/accueil\/\",\"name\":\"Accueil - VPM\",\"isPartOf\":{\"@id\":\"https:\/\/vpm.pt\/web\/#website\"},\"datePublished\":\"2013-01-04T11:59:51+00:00\",\"dateModified\":\"2016-05-18T11:17:08+00:00\",\"breadcrumb\":{\"@id\":\"https:\/\/vpm.pt\/web\/fr\/accueil\/#breadcrumb\"},\"inLanguage\":\"pt-PT\",\"potentialAction\":[{\"@type\":\"ReadAction\",\"target\":[\"https:\/\/vpm.pt\/web\/fr\/accueil\/\"]}]},{\"@type\":\"BreadcrumbList\",\"@id\":\"https:\/\/vpm.pt\/web\/fr\/accueil\/#breadcrumb\",\"itemListElement\":[{\"@type\":\"ListItem\",\"position\":1,\"name\":\"Home\",\"item\":\"https:\/\/vpm.pt\/web\/pt\/inicio\/\"},{\"@type\":\"ListItem\",\"position\":2,\"name\":\"Accueil\"}]}]}<\/script>\n<!-- \/ Yoast SEO plugin. -->","yoast_head_json":{"title":"Accueil - VPM","robots":{"index":"index","follow":"follow","max-snippet":"max-snippet:-1","max-image-preview":"max-image-preview:large","max-video-preview":"max-video-preview:-1"},"canonical":"https:\/\/vpm.pt\/web\/fr\/accueil\/","og_locale":"pt_PT","og_type":"article","og_title":"Accueil - VPM","og_url":"https:\/\/vpm.pt\/web\/fr\/accueil\/","og_site_name":"VPM","article_publisher":"https:\/\/www.facebook.com\/VPMAvaliacao\/","article_modified_time":"2016-05-18T11:17:08+00:00","twitter_misc":{"Tempo estimado de leitura":"1 minuto"},"schema":{"@context":"https:\/\/schema.org","@graph":[{"@type":"WebSite","@id":"https:\/\/vpm.pt\/web\/#website","url":"https:\/\/vpm.pt\/web\/","name":"VPM","description":"A VPM \u2013 Avalia\u00e7\u00e3o e Engenharia \u00e9 uma empresa vocacionada para a presta\u00e7\u00e3o de servi\u00e7os nos sectores da Constru\u00e7\u00e3o e Imobili\u00e1rio","potentialAction":[{"@type":"SearchAction","target":{"@type":"EntryPoint","urlTemplate":"https:\/\/vpm.pt\/web\/?s={search_term_string}"},"query-input":"required name=search_term_string"}],"inLanguage":"pt-PT"},{"@type":"WebPage","@id":"https:\/\/vpm.pt\/web\/fr\/accueil\/#webpage","url":"https:\/\/vpm.pt\/web\/fr\/accueil\/","name":"Accueil - VPM","isPartOf":{"@id":"https:\/\/vpm.pt\/web\/#website"},"datePublished":"2013-01-04T11:59:51+00:00","dateModified":"2016-05-18T11:17:08+00:00","breadcrumb":{"@id":"https:\/\/vpm.pt\/web\/fr\/accueil\/#breadcrumb"},"inLanguage":"pt-PT","potentialAction":[{"@type":"ReadAction","target":["https:\/\/vpm.pt\/web\/fr\/accueil\/"]}]},{"@type":"BreadcrumbList","@id":"https:\/\/vpm.pt\/web\/fr\/accueil\/#breadcrumb","itemListElement":[{"@type":"ListItem","position":1,"name":"Home","item":"https:\/\/vpm.pt\/web\/pt\/inicio\/"},{"@type":"ListItem","position":2,"name":"Accueil"}]}]}},"_links":{"self":[{"href":"https:\/\/vpm.pt\/web\/wp-json\/wp\/v2\/pages\/2087"}],"collection":[{"href":"https:\/\/vpm.pt\/web\/wp-json\/wp\/v2\/pages"}],"about":[{"href":"https:\/\/vpm.pt\/web\/wp-json\/wp\/v2\/types\/page"}],"author":[{"embeddable":true,"href":"https:\/\/vpm.pt\/web\/wp-json\/wp\/v2\/users\/1"}],"replies":[{"embeddable":true,"href":"https:\/\/vpm.pt\/web\/wp-json\/wp\/v2\/comments?post=2087"}],"version-history":[{"count":16,"href":"https:\/\/vpm.pt\/web\/wp-json\/wp\/v2\/pages\/2087\/revisions"}],"predecessor-version":[{"id":2122,"href":"https:\/\/vpm.pt\/web\/wp-json\/wp\/v2\/pages\/2087\/revisions\/2122"}],"wp:attachment":[{"href":"https:\/\/vpm.pt\/web\/wp-json\/wp\/v2\/media?parent=2087"}],"curies":[{"name":"wp","href":"https:\/\/api.w.org\/{rel}","templated":true}]}}