{"id":2111,"date":"2016-05-18T10:50:18","date_gmt":"2016-05-18T10:50:18","guid":{"rendered":"http:\/\/vpm.pt\/web\/?page_id=2111"},"modified":"2016-05-18T10:52:18","modified_gmt":"2016-05-18T10:52:18","slug":"evaluation-immobiliere","status":"publish","type":"page","link":"https:\/\/vpm.pt\/web\/fr\/evaluation-immobiliere\/","title":{"rendered":"Evaluation Immobili\u00e8re"},"content":{"rendered":"<p>Les \u00e9valuations de propri\u00e9t\u00e9s sont r\u00e9alis\u00e9es par des experts immobiliers inscrits au CMVM (Commission du March\u00e9 des Valeurs Immobili\u00e8res) et en conformit\u00e9 avec les exigences du r\u00e8glement n\u00b0 08\/2002 CMVM et d&#8217;autres normes internationale.<\/p>\n<p>VPM poss\u00e8de une \u00e9quipe comp\u00e9tente\/sp\u00e9cialiste en g\u00e9nie civil et en \u00e9valuation immobili\u00e8re avec des experts certifi\u00e9s par la CMVM.<\/p>\n","protected":false},"excerpt":{"rendered":"<p>Les \u00e9valuations de propri\u00e9t\u00e9s sont r\u00e9alis\u00e9es par des experts immobiliers inscrits au CMVM (Commission du March\u00e9 des Valeurs Immobili\u00e8res) et en conformit\u00e9 avec les exigences du r\u00e8glement n\u00b0 08\/2002 CMVM et d&#8217;autres normes internationale. VPM poss\u00e8de une \u00e9quipe comp\u00e9tente\/sp\u00e9cialiste en g\u00e9nie civil et en \u00e9valuation immobili\u00e8re avec des experts certifi\u00e9s par la CMVM.<\/p>\n","protected":false},"author":3,"featured_media":0,"parent":0,"menu_order":0,"comment_status":"closed","ping_status":"closed","template":"","meta":[],"yoast_head":"<!-- This site is optimized with the Yoast SEO plugin v19.0 - https:\/\/yoast.com\/wordpress\/plugins\/seo\/ -->\n<title>Avalia\u00e7\u00e3o - Moradias, Apartamentos, Terrenos,Armaz\u00e9ns,Escrit\u00f3rios,Patrim\u00f3nio<\/title>\n<meta name=\"description\" content=\"A empresa oferece um servi\u00e7o de Avalia\u00e7\u00e3o em conformidade com as normas nacionais e internacionais efetuado por peritos inscritos na CMVM.\" \/>\n<meta name=\"robots\" content=\"index, follow, max-snippet:-1, max-image-preview:large, max-video-preview:-1\" \/>\n<link rel=\"canonical\" href=\"https:\/\/vpm.pt\/web\/fr\/evaluation-immobiliere\/\" \/>\n<meta property=\"og:locale\" content=\"pt_PT\" \/>\n<meta property=\"og:type\" content=\"article\" \/>\n<meta property=\"og:title\" content=\"Avalia\u00e7\u00e3o - Moradias, Apartamentos, Terrenos,Armaz\u00e9ns,Escrit\u00f3rios,Patrim\u00f3nio\" \/>\n<meta property=\"og:description\" content=\"A empresa oferece um servi\u00e7o de Avalia\u00e7\u00e3o em conformidade com as normas nacionais e internacionais efetuado por peritos inscritos na CMVM.\" \/>\n<meta property=\"og:url\" content=\"https:\/\/vpm.pt\/web\/fr\/evaluation-immobiliere\/\" \/>\n<meta property=\"og:site_name\" content=\"VPM\" \/>\n<meta property=\"article:publisher\" content=\"https:\/\/www.facebook.com\/VPMAvaliacao\/\" \/>\n<meta property=\"article:modified_time\" content=\"2016-05-18T10:52:18+00:00\" \/>\n<script type=\"application\/ld+json\" class=\"yoast-schema-graph\">{\"@context\":\"https:\/\/schema.org\",\"@graph\":[{\"@type\":\"WebSite\",\"@id\":\"https:\/\/vpm.pt\/web\/#website\",\"url\":\"https:\/\/vpm.pt\/web\/\",\"name\":\"VPM\",\"description\":\"A VPM \u2013 Avalia\u00e7\u00e3o e Engenharia \u00e9 uma empresa vocacionada para a presta\u00e7\u00e3o de servi\u00e7os nos sectores da Constru\u00e7\u00e3o e Imobili\u00e1rio\",\"potentialAction\":[{\"@type\":\"SearchAction\",\"target\":{\"@type\":\"EntryPoint\",\"urlTemplate\":\"https:\/\/vpm.pt\/web\/?s={search_term_string}\"},\"query-input\":\"required name=search_term_string\"}],\"inLanguage\":\"pt-PT\"},{\"@type\":\"WebPage\",\"@id\":\"https:\/\/vpm.pt\/web\/fr\/evaluation-immobiliere\/#webpage\",\"url\":\"https:\/\/vpm.pt\/web\/fr\/evaluation-immobiliere\/\",\"name\":\"Avalia\u00e7\u00e3o - Moradias, Apartamentos, Terrenos,Armaz\u00e9ns,Escrit\u00f3rios,Patrim\u00f3nio\",\"isPartOf\":{\"@id\":\"https:\/\/vpm.pt\/web\/#website\"},\"datePublished\":\"2016-05-18T10:50:18+00:00\",\"dateModified\":\"2016-05-18T10:52:18+00:00\",\"description\":\"A empresa oferece um servi\u00e7o de Avalia\u00e7\u00e3o em conformidade com as normas nacionais e internacionais efetuado por peritos inscritos na CMVM.\",\"breadcrumb\":{\"@id\":\"https:\/\/vpm.pt\/web\/fr\/evaluation-immobiliere\/#breadcrumb\"},\"inLanguage\":\"pt-PT\",\"potentialAction\":[{\"@type\":\"ReadAction\",\"target\":[\"https:\/\/vpm.pt\/web\/fr\/evaluation-immobiliere\/\"]}]},{\"@type\":\"BreadcrumbList\",\"@id\":\"https:\/\/vpm.pt\/web\/fr\/evaluation-immobiliere\/#breadcrumb\",\"itemListElement\":[{\"@type\":\"ListItem\",\"position\":1,\"name\":\"Home\",\"item\":\"https:\/\/vpm.pt\/web\/pt\/inicio\/\"},{\"@type\":\"ListItem\",\"position\":2,\"name\":\"Evaluation Immobili\u00e8re\"}]}]}<\/script>\n<!-- \/ Yoast SEO plugin. -->","yoast_head_json":{"title":"Avalia\u00e7\u00e3o - Moradias, Apartamentos, Terrenos,Armaz\u00e9ns,Escrit\u00f3rios,Patrim\u00f3nio","description":"A empresa oferece um servi\u00e7o de Avalia\u00e7\u00e3o em conformidade com as normas nacionais e internacionais efetuado por peritos inscritos na CMVM.","robots":{"index":"index","follow":"follow","max-snippet":"max-snippet:-1","max-image-preview":"max-image-preview:large","max-video-preview":"max-video-preview:-1"},"canonical":"https:\/\/vpm.pt\/web\/fr\/evaluation-immobiliere\/","og_locale":"pt_PT","og_type":"article","og_title":"Avalia\u00e7\u00e3o - Moradias, Apartamentos, Terrenos,Armaz\u00e9ns,Escrit\u00f3rios,Patrim\u00f3nio","og_description":"A empresa oferece um servi\u00e7o de Avalia\u00e7\u00e3o em conformidade com as normas nacionais e internacionais efetuado por peritos inscritos na CMVM.","og_url":"https:\/\/vpm.pt\/web\/fr\/evaluation-immobiliere\/","og_site_name":"VPM","article_publisher":"https:\/\/www.facebook.com\/VPMAvaliacao\/","article_modified_time":"2016-05-18T10:52:18+00:00","schema":{"@context":"https:\/\/schema.org","@graph":[{"@type":"WebSite","@id":"https:\/\/vpm.pt\/web\/#website","url":"https:\/\/vpm.pt\/web\/","name":"VPM","description":"A VPM \u2013 Avalia\u00e7\u00e3o e Engenharia \u00e9 uma empresa vocacionada para a presta\u00e7\u00e3o de servi\u00e7os nos sectores da Constru\u00e7\u00e3o e Imobili\u00e1rio","potentialAction":[{"@type":"SearchAction","target":{"@type":"EntryPoint","urlTemplate":"https:\/\/vpm.pt\/web\/?s={search_term_string}"},"query-input":"required name=search_term_string"}],"inLanguage":"pt-PT"},{"@type":"WebPage","@id":"https:\/\/vpm.pt\/web\/fr\/evaluation-immobiliere\/#webpage","url":"https:\/\/vpm.pt\/web\/fr\/evaluation-immobiliere\/","name":"Avalia\u00e7\u00e3o - Moradias, Apartamentos, Terrenos,Armaz\u00e9ns,Escrit\u00f3rios,Patrim\u00f3nio","isPartOf":{"@id":"https:\/\/vpm.pt\/web\/#website"},"datePublished":"2016-05-18T10:50:18+00:00","dateModified":"2016-05-18T10:52:18+00:00","description":"A empresa oferece um servi\u00e7o de Avalia\u00e7\u00e3o em conformidade com as normas nacionais e internacionais efetuado por peritos inscritos na CMVM.","breadcrumb":{"@id":"https:\/\/vpm.pt\/web\/fr\/evaluation-immobiliere\/#breadcrumb"},"inLanguage":"pt-PT","potentialAction":[{"@type":"ReadAction","target":["https:\/\/vpm.pt\/web\/fr\/evaluation-immobiliere\/"]}]},{"@type":"BreadcrumbList","@id":"https:\/\/vpm.pt\/web\/fr\/evaluation-immobiliere\/#breadcrumb","itemListElement":[{"@type":"ListItem","position":1,"name":"Home","item":"https:\/\/vpm.pt\/web\/pt\/inicio\/"},{"@type":"ListItem","position":2,"name":"Evaluation Immobili\u00e8re"}]}]}},"_links":{"self":[{"href":"https:\/\/vpm.pt\/web\/wp-json\/wp\/v2\/pages\/2111"}],"collection":[{"href":"https:\/\/vpm.pt\/web\/wp-json\/wp\/v2\/pages"}],"about":[{"href":"https:\/\/vpm.pt\/web\/wp-json\/wp\/v2\/types\/page"}],"author":[{"embeddable":true,"href":"https:\/\/vpm.pt\/web\/wp-json\/wp\/v2\/users\/3"}],"replies":[{"embeddable":true,"href":"https:\/\/vpm.pt\/web\/wp-json\/wp\/v2\/comments?post=2111"}],"version-history":[{"count":2,"href":"https:\/\/vpm.pt\/web\/wp-json\/wp\/v2\/pages\/2111\/revisions"}],"predecessor-version":[{"id":2115,"href":"https:\/\/vpm.pt\/web\/wp-json\/wp\/v2\/pages\/2111\/revisions\/2115"}],"wp:attachment":[{"href":"https:\/\/vpm.pt\/web\/wp-json\/wp\/v2\/media?parent=2111"}],"curies":[{"name":"wp","href":"https:\/\/api.w.org\/{rel}","templated":true}]}}